{"id":1072,"date":"2017-11-22T21:22:13","date_gmt":"2017-11-22T21:22:13","guid":{"rendered":"http:\/\/www.audiovideo2k.com\/Sponsors\/?page_id=1072"},"modified":"2025-10-03T05:50:20","modified_gmt":"2025-10-03T10:50:20","slug":"jai-encore-reve-delle","status":"publish","type":"page","link":"https:\/\/avoriginal.org\/dzx\/debbie-zapata\/jai-encore-reve-delle\/","title":{"rendered":"J&#8217;ai encore r\u00eav\u00e9 d&#8217;elle"},"content":{"rendered":"<h1 style=\"text-align: center;\"><span style=\"color: #00ffff;\">&#8220;She is Not Really Beautiful<br \/>\nIt&#8217;s Better, It&#8217;s Made For Me&#8221;<\/span><\/h1>\n<h2 style=\"text-align: center;\"><span style=\" color: #87F907;\">Third call<\/span><\/h2>\n<div id=\"wpfp_647c25ab3676f4882adb99f46e693780\" data-item=\"{&quot;sources&quot;:[{&quot;src&quot;:&quot;https:\\\/\\\/agreenproject.org\\\/2017\\\/2017-11-22-I Dreamed of Her Again-web.mp4&quot;,&quot;type&quot;:&quot;video\\\/mp4&quot;}],&quot;id&quot;:&quot;16&quot;,&quot;fv_title&quot;:&quot;J\\u2019ai encore r\\u00eav\\u00e9 d\\u2019elle (I Dreamed of Her Again)&quot;,&quot;splash&quot;:&quot;https:\\\/\\\/agreenproject.org\\\/2017\\\/2017-11-I Dreamed of Her Again-P8120095.JPG&quot;}\" class=\"flowplayer no-brand is-splash is-paused skin-slim no-svg fp-slim fp-edgy fixed-controls has-caption\" data-fv-embed=\"https:\/\/avoriginal.org\/dzx\/debbie-zapata\/jai-encore-reve-delle\/fvp-16\/\" style=\"position:relative; max-width: 1200px; max-height: 700px; \" data-ratio=\"0.5833\">\n\t<div class=\"fp-ratio\" style=\"padding-top: 58.33%\"><\/div>\n\t<img decoding=\"async\" class=\"fp-splash\" alt=\"J\u2019ai encore r\u00eav\u00e9 d\u2019elle (I Dreamed of Her Again)\" src=\"https:\/\/agreenproject.org\/2017\/2017-11-I Dreamed of Her Again-P8120095.JPG\" style=\"position:absolute;top:0;width:100%\" \/>\n\t<div class=\"fp-ui\"><noscript>Please enable JavaScript<\/noscript><div class=\"fp-play fp-visible\"><svg class=\"fp-play-sharp-fill\" xmlns=\"http:\/\/www.w3.org\/2000\/svg\" viewBox=\"0 0 100 100\"><defs><style>.fp-color-play{opacity:0.65;}.controlbutton{fill:#fff;}<\/style><\/defs><title>play-sharp-fill<\/title><path class=\"fp-color-play\" d=\"M49.9217-.078a50,50,0,1,0,50,50A50.0564,50.0564,0,0,0,49.9217-.078Z\"\/><polygon class=\"controlbutton\" points=\"73.601 50 37.968 70.573 37.968 29.427 73.601 50\" filter=\"url(#f1)\"\/><\/svg><\/div><div class=\"fp-preload\"><b><\/b><b><\/b><b><\/b><b><\/b><\/div><\/div>\n<div class='fvp-share-bar'><ul class=\"fvp-sharing\">\r\n    <li><a class=\"sharing-facebook\" href=\"https:\/\/www.facebook.com\/sharer\/sharer.php?u=https%3A%2F%2Favoriginal.org%2Fdzx%2Fdebbie-zapata%2Fjai-encore-reve-delle%2F\" target=\"_blank\"><\/a><\/li>\r\n    <li><a class=\"sharing-twitter\" href=\"https:\/\/twitter.com\/intent\/tweet?text=Unlimited+Enthusiasm+&url=https%3A%2F%2Favoriginal.org%2Fdzx%2Fdebbie-zapata%2Fjai-encore-reve-delle%2F\" target=\"_blank\"><\/a><\/li>\r\n    <li><a class=\"sharing-email\" href=\"mailto:?body=Check%20out%20the%20amazing%20video%20here%3A%20https%3A%2F%2Favoriginal.org%2Fdzx%2Fdebbie-zapata%2Fjai-encore-reve-delle%2F\" target=\"_blank\"><\/a><\/li><\/ul><div><a class=\"sharing-link\" href=\"https:\/\/avoriginal.org\/dzx\/debbie-zapata\/jai-encore-reve-delle\/\" target=\"_blank\">Link<\/a><\/div><div><label><a class=\"embed-code-toggle\" href=\"#\"><strong>Embed<\/strong><\/a><\/label><\/div><div class=\"embed-code\"><label>Copy and paste this HTML code into your webpage to embed.<\/label><textarea><\/textarea><\/div><\/div>\n<\/div>\n<p class='fp-caption'>J\u2019ai encore r\u00eav\u00e9 d\u2019elle (I Dreamed of Her Again)<\/p>\n<div class=\"supsystic-table-loader spinner\"style=\"background-color:#000000\"><\/div><div id=\"supsystic-table-37_70875\" class=\"supsystic-tables-wrap disable-responsive\" style=\" width:100%; visibility: hidden; \" data-table-width-fixed=\"100%\" data-table-width-mobile=\"100%\" ><table id=\"supsystic-table-37\" class=\"supsystic-table paragraphMode border lightboxImg no-border\" data-id=\"37\" data-view-id=\"37_70875\" data-title=\"J\u2019ai encore r\u00eav\u00e9 d\u2019elle\" data-currency-format=\"$1,000.00\" data-percent-format=\"10.00%\" data-date-format=\"DD.MM.YYYY\" data-time-format=\"HH:mm\" data-features=\"[&quot;after_table_loaded_script&quot;]\" data-search-value=\"\" data-lightbox-img=\"\" data-head-rows-count=\"1\" data-pagination-length=\"50,100,All\" data-auto-index=\"off\" data-searching-settings=\"{&quot;columnSearchPosition&quot;:&quot;bottom&quot;,&quot;minChars&quot;:&quot;0&quot;}\" data-lang=\"default\" data-override=\"{&quot;emptyTable&quot;:&quot;&quot;,&quot;info&quot;:&quot;&quot;,&quot;infoEmpty&quot;:&quot;&quot;,&quot;infoFiltered&quot;:&quot;&quot;,&quot;lengthMenu&quot;:&quot;&quot;,&quot;search&quot;:&quot;&quot;,&quot;zeroRecords&quot;:&quot;&quot;,&quot;exportLabel&quot;:&quot;&quot;,&quot;file&quot;:&quot;default&quot;}\" data-merged=\"[]\" data-responsive-mode=\"3\" data-from-history=\"0\" ><thead><tr><th class=\"\" style=\"width:; padding: 0 !important;\"><\/th><\/tr><\/thead><tbody><tr style=\"height:px\" ><td data-cell-id=\"A1\" data-x=\"0\" data-y=\"1\" data-db-index=\"1\" class=\"bg-000000 htCenter\" data-cell-type=\"text\" data-original-value=\"&lt;h1&gt;&lt;span style=&quot;color: #00ffff&quot;&gt;Let Me Give My Life to You,&lt;br \/&gt; Come Let Me Love You,&lt;br \/&gt; Come Love Me Again&lt;\/span&gt;&lt;\/h1&gt;\" data-order=\"&lt;h1&gt;&lt;span style=&quot;color: #00ffff&quot;&gt;Let Me Give My Life to You,&lt;br \/&gt; Come Let Me Love You,&lt;br \/&gt; Come Love Me Again&lt;\/span&gt;&lt;\/h1&gt;\" style=\"min-width:100%; \" ><h1><span style=\"color: #00ffff\">Let Me Give My Life to You,<br \/> Come Let Me Love You,<br \/> Come Love Me Again<\/span><\/h1><\/td><\/tr><tr style=\"height:px\" ><td data-cell-id=\"A2\" data-x=\"0\" data-y=\"2\" data-db-index=\"2\" class=\"bg-000000 htCenter\" data-cell-type=\"text\" data-original-value=\"\" data-order=\"\" ><\/td><\/tr><tr style=\"height:px\" ><td data-cell-id=\"A3\" data-x=\"0\" data-y=\"3\" data-db-index=\"3\" class=\"bg-000000 htCenter\" data-cell-type=\"text\" data-original-value=\"&lt;h2&gt;&lt;span style=&quot;color: #87F907&quot;&gt;&quot;J\u2019ai encore r\u00eav\u00e9 d\u2019elle&quot;&lt;\/span&gt;&lt;\/h2&gt;\" data-order=\"&lt;h2&gt;&lt;span style=&quot;color: #87F907&quot;&gt;&quot;J\u2019ai encore r\u00eav\u00e9 d\u2019elle&quot;&lt;\/span&gt;&lt;\/h2&gt;\" ><h2><span style=\"color: #87F907\">\"J\u2019ai encore r\u00eav\u00e9 d\u2019elle\"<\/span><\/h2><\/td><\/tr><tr style=\"height:px\" ><td data-cell-id=\"A4\" data-x=\"0\" data-y=\"4\" data-db-index=\"4\" class=\"bg-000000 htCenter color-ffffff bold fsize-15\" data-cell-type=\"text\" data-original-value=\"By Il Etait Une Fois\" data-order=\"By Il Etait Une Fois\" >By Il Etait Une Fois <\/td><\/tr><tr style=\"height:px\" ><td data-cell-id=\"A5\" data-x=\"0\" data-y=\"5\" data-db-index=\"5\" class=\"htCenter color-00fcf4 bg-030003\" data-cell-type=\"text\" data-original-value=\"Year Released 1975\" data-order=\"Year Released 1975\" >Year Released 1975 <\/td><\/tr><tr style=\"height:px\" ><td data-cell-id=\"A6\" data-x=\"0\" data-y=\"6\" data-db-index=\"6\" class=\"bg-000000 htCenter\" data-cell-type=\"text\" data-original-value=\"&lt;em&gt;&lt;p style=&quot;padding-left: 000px;font-size: 14pt;color: #FFC300&quot;&gt;&lt;br \/&gt; J\u2019ai encore r\u00eav\u00e9 d\u2019elle&lt;br \/&gt; C\u2019est b\u00eate, elle n\u2019a rien fait pour \u00e7a&lt;br \/&gt; Elle n\u2019est pas vraiment belle&lt;br \/&gt; C\u2019est mieux, elle est faite pour moi&lt;br \/&gt; Toute en douceur&lt;br \/&gt; Juste pour mon c\u0153ur&lt;br \/&gt; &lt;br \/&gt; Je l\u2019ai r\u00eav\u00e9e si fort&lt;br \/&gt; Que les draps s\u2019en souviennent&lt;br \/&gt; Je dormais dans son corps&lt;br \/&gt; Berc\u00e9 par ses \u201cje t\u2019aime\u201d&lt;br \/&gt; &lt;br \/&gt; Si je pouvais me r\u00e9veiller \u00e0 ses c\u00f4t\u00e9s&lt;br \/&gt; Si je savais o\u00f9 la trouver&lt;br \/&gt; Donnez-moi l\u2019espoir&lt;br \/&gt; Pr\u00eatez-moi un soir&lt;br \/&gt; Une nuit, juste, pour elle et moi&lt;br \/&gt; Et demain matin, elle s\u2019en ira&lt;br \/&gt; &lt;br \/&gt; J\u2019ai encore r\u00eav\u00e9 d\u2019elle (je r\u00eave aussi)&lt;br \/&gt; Je n\u2019ai rien fait pour \u00e7a (j\u2019ai mal dormi)&lt;br \/&gt; Elle n\u2019est pas vraiment belle (j\u2019ai un peu froid)&lt;br \/&gt; Elle est faite pour moi (r\u00e9veille-toi)&lt;br \/&gt; &lt;br \/&gt; Tout en douceur&lt;br \/&gt; Juste pour mon c\u0153ur&lt;br \/&gt; Si je pouvais me r\u00e9veiller \u00e0 ses c\u00f4t\u00e9s (ouvre tes yeux, tu ne dors pas)&lt;br \/&gt; Si je savais o\u00f9 la trouver (regarde-moi)&lt;br \/&gt; Donnez-moi l\u2019espoir (je suis \u00e0 toi)&lt;br \/&gt; Pr\u00eatez-moi un soir (je t\u2019aime)&lt;br \/&gt; &lt;br \/&gt; Une nuit, juste pour elle et moi&lt;br \/&gt; Et demain, enfin je vais me r\u00e9veiller&lt;br \/&gt; (Je t\u2019attendais, regarde-moi) \u00e0 ses c\u00f4t\u00e9s&lt;br \/&gt; C\u2019est s\u00fbr, je vais la retrouver (ouvre tes bras)&lt;br \/&gt; Donnez-moi un soir (donnez-lui) (je suis \u00e0 toi)&lt;br \/&gt; Laissez-moi y croire (une vie)&lt;br \/&gt; &lt;br \/&gt; Une vie juste pour toi et moi&lt;br \/&gt; Et demain&lt;br \/&gt; Tu seras l\u00e0.&lt;br \/&gt; &lt;\/p&gt;&lt;\/em&gt;\" data-order=\"&lt;em&gt;&lt;p style=&quot;padding-left: 000px;font-size: 14pt;color: #FFC300&quot;&gt;&lt;br \/&gt; J\u2019ai encore r\u00eav\u00e9 d\u2019elle&lt;br \/&gt; C\u2019est b\u00eate, elle n\u2019a rien fait pour \u00e7a&lt;br \/&gt; Elle n\u2019est pas vraiment belle&lt;br \/&gt; C\u2019est mieux, elle est faite pour moi&lt;br \/&gt; Toute en douceur&lt;br \/&gt; Juste pour mon c\u0153ur&lt;br \/&gt; &lt;br \/&gt; Je l\u2019ai r\u00eav\u00e9e si fort&lt;br \/&gt; Que les draps s\u2019en souviennent&lt;br \/&gt; Je dormais dans son corps&lt;br \/&gt; Berc\u00e9 par ses \u201cje t\u2019aime\u201d&lt;br \/&gt; &lt;br \/&gt; Si je pouvais me r\u00e9veiller \u00e0 ses c\u00f4t\u00e9s&lt;br \/&gt; Si je savais o\u00f9 la trouver&lt;br \/&gt; Donnez-moi l\u2019espoir&lt;br \/&gt; Pr\u00eatez-moi un soir&lt;br \/&gt; Une nuit, juste, pour elle et moi&lt;br \/&gt; Et demain matin, elle s\u2019en ira&lt;br \/&gt; &lt;br \/&gt; J\u2019ai encore r\u00eav\u00e9 d\u2019elle (je r\u00eave aussi)&lt;br \/&gt; Je n\u2019ai rien fait pour \u00e7a (j\u2019ai mal dormi)&lt;br \/&gt; Elle n\u2019est pas vraiment belle (j\u2019ai un peu froid)&lt;br \/&gt; Elle est faite pour moi (r\u00e9veille-toi)&lt;br \/&gt; &lt;br \/&gt; Tout en douceur&lt;br \/&gt; Juste pour mon c\u0153ur&lt;br \/&gt; Si je pouvais me r\u00e9veiller \u00e0 ses c\u00f4t\u00e9s (ouvre tes yeux, tu ne dors pas)&lt;br \/&gt; Si je savais o\u00f9 la trouver (regarde-moi)&lt;br \/&gt; Donnez-moi l\u2019espoir (je suis \u00e0 toi)&lt;br \/&gt; Pr\u00eatez-moi un soir (je t\u2019aime)&lt;br \/&gt; &lt;br \/&gt; Une nuit, juste pour elle et moi&lt;br \/&gt; Et demain, enfin je vais me r\u00e9veiller&lt;br \/&gt; (Je t\u2019attendais, regarde-moi) \u00e0 ses c\u00f4t\u00e9s&lt;br \/&gt; C\u2019est s\u00fbr, je vais la retrouver (ouvre tes bras)&lt;br \/&gt; Donnez-moi un soir (donnez-lui) (je suis \u00e0 toi)&lt;br \/&gt; Laissez-moi y croire (une vie)&lt;br \/&gt; &lt;br \/&gt; Une vie juste pour toi et moi&lt;br \/&gt; Et demain&lt;br \/&gt; Tu seras l\u00e0.&lt;br \/&gt; &lt;\/p&gt;&lt;\/em&gt;\" ><em><p style=\"padding-left: 000px;font-size: 14pt;color: #FFC300\"><br \/> J\u2019ai encore r\u00eav\u00e9 d\u2019elle<br \/> C\u2019est b\u00eate, elle n\u2019a rien fait pour \u00e7a<br \/> Elle n\u2019est pas vraiment belle<br \/> C\u2019est mieux, elle est faite pour moi<br \/> Toute en douceur<br \/> Juste pour mon c\u0153ur<br \/><br \/> Je l\u2019ai r\u00eav\u00e9e si fort<br \/> Que les draps s\u2019en souviennent<br \/> Je dormais dans son corps<br \/> Berc\u00e9 par ses \u201cje t\u2019aime\u201d<br \/><br \/> Si je pouvais me r\u00e9veiller \u00e0 ses c\u00f4t\u00e9s<br \/> Si je savais o\u00f9 la trouver<br \/> Donnez-moi l\u2019espoir<br \/> Pr\u00eatez-moi un soir<br \/> Une nuit, juste, pour elle et moi<br \/> Et demain matin, elle s\u2019en ira<br \/><br \/> J\u2019ai encore r\u00eav\u00e9 d\u2019elle (je r\u00eave aussi)<br \/> Je n\u2019ai rien fait pour \u00e7a (j\u2019ai mal dormi)<br \/> Elle n\u2019est pas vraiment belle (j\u2019ai un peu froid)<br \/> Elle est faite pour moi (r\u00e9veille-toi)<br \/><br \/> Tout en douceur<br \/> Juste pour mon c\u0153ur<br \/> Si je pouvais me r\u00e9veiller \u00e0 ses c\u00f4t\u00e9s (ouvre tes yeux, tu ne dors pas)<br \/> Si je savais o\u00f9 la trouver (regarde-moi)<br \/> Donnez-moi l\u2019espoir (je suis \u00e0 toi)<br \/> Pr\u00eatez-moi un soir (je t\u2019aime)<br \/><br \/> Une nuit, juste pour elle et moi<br \/> Et demain, enfin je vais me r\u00e9veiller<br \/> (Je t\u2019attendais, regarde-moi) \u00e0 ses c\u00f4t\u00e9s<br \/> C\u2019est s\u00fbr, je vais la retrouver (ouvre tes bras)<br \/> Donnez-moi un soir (donnez-lui) (je suis \u00e0 toi)<br \/> Laissez-moi y croire (une vie)<br \/><br \/> Une vie juste pour toi et moi<br \/> Et demain<br \/> Tu seras l\u00e0.<br \/><\/p><\/em><\/td><\/tr><tr style=\"height:px\" ><td data-cell-id=\"A7\" data-x=\"0\" data-y=\"7\" data-db-index=\"7\" class=\"bg-000000 htCenter\" data-cell-type=\"text\" data-original-value=\"&lt;h1&gt;&lt;span style=&quot;color: #00ffff&quot;&gt;Memories&lt;\/h1&gt;\" data-order=\"&lt;h1&gt;&lt;span style=&quot;color: #00ffff&quot;&gt;Memories&lt;\/h1&gt;\" ><h1><span style=\"color: #00ffff\">Memories<\/h1><\/td><\/tr><\/tbody><\/table><!-- \/#supsystic-table-37.supsystic-table --><\/div><!-- \/.supsystic-tables-wrap --><!-- Tables Generator by Supsystic --><!-- Version:1.11.0 --><!-- http:\/\/supsystic.com\/ --><a title=\"WordPress Table\" style=\"display:none;\" href=\"https:\/\/supsystic.com\/plugins\/wordpress-data-table-plugin\/?utm_medium=love_link\" target=\"_blank\">WordPress Table<\/a>\n<p>[aesop_gallery id=&#8221;1153&#8243; revealfx=&#8221;off&#8221; overlay_revealfx=&#8221;off&#8221;]<\/p>\n","protected":false},"excerpt":{"rendered":"<p>&#8220;She is Not Really Beautiful It&#8217;s Better, It&#8217;s Made For Me&#8221; Third call [aesop_gallery id=&#8221;1153&#8243; revealfx=&#8221;off&#8221; overlay_revealfx=&#8221;off&#8221;]<\/p>\n","protected":false},"author":1,"featured_media":2916,"parent":64,"menu_order":0,"comment_status":"closed","ping_status":"closed","template":"","meta":{"footnotes":"","_links_to":"","_links_to_target":""},"categories":[60,62],"tags":[],"class_list":["post-1072","page","type-page","status-publish","has-post-thumbnail","hentry","category-oath-of-love","category-regeneracion-ciclica"],"_links":{"self":[{"href":"https:\/\/avoriginal.org\/dzx\/wp-json\/wp\/v2\/pages\/1072","targetHints":{"allow":["GET"]}}],"collection":[{"href":"https:\/\/avoriginal.org\/dzx\/wp-json\/wp\/v2\/pages"}],"about":[{"href":"https:\/\/avoriginal.org\/dzx\/wp-json\/wp\/v2\/types\/page"}],"author":[{"embeddable":true,"href":"https:\/\/avoriginal.org\/dzx\/wp-json\/wp\/v2\/users\/1"}],"replies":[{"embeddable":true,"href":"https:\/\/avoriginal.org\/dzx\/wp-json\/wp\/v2\/comments?post=1072"}],"version-history":[{"count":1,"href":"https:\/\/avoriginal.org\/dzx\/wp-json\/wp\/v2\/pages\/1072\/revisions"}],"predecessor-version":[{"id":9558,"href":"https:\/\/avoriginal.org\/dzx\/wp-json\/wp\/v2\/pages\/1072\/revisions\/9558"}],"up":[{"embeddable":true,"href":"https:\/\/avoriginal.org\/dzx\/wp-json\/wp\/v2\/pages\/64"}],"wp:featuredmedia":[{"embeddable":true,"href":"https:\/\/avoriginal.org\/dzx\/wp-json\/wp\/v2\/media\/2916"}],"wp:attachment":[{"href":"https:\/\/avoriginal.org\/dzx\/wp-json\/wp\/v2\/media?parent=1072"}],"wp:term":[{"taxonomy":"category","embeddable":true,"href":"https:\/\/avoriginal.org\/dzx\/wp-json\/wp\/v2\/categories?post=1072"},{"taxonomy":"post_tag","embeddable":true,"href":"https:\/\/avoriginal.org\/dzx\/wp-json\/wp\/v2\/tags?post=1072"}],"curies":[{"name":"wp","href":"https:\/\/api.w.org\/{rel}","templated":true}]}}