{"id":2188,"date":"2018-10-23T13:41:38","date_gmt":"2018-10-23T13:41:38","guid":{"rendered":"http:\/\/www.audiovideo2k.com\/Sponsors\/?page_id=2188"},"modified":"2025-08-31T18:14:01","modified_gmt":"2025-08-31T23:14:01","slug":"2018-10-23-la-vida-es-bella","status":"publish","type":"page","link":"https:\/\/avoriginal.org\/dzx\/debbie-zapata-enthusiasm\/2018-10-23-la-vida-es-bella\/","title":{"rendered":"2018-10-23 La Vida Es Bella"},"content":{"rendered":"<h1><span style=\"color: #00ffff;\">&#8220;La Werita&#8221; &amp; &#8220;Piloncillo&#8221;, 10th Anniversary<\/span><\/h1>\n<div id=\"wpfp_d94089ea0d72f51bfcc22bc34c481bdf\" data-item=\"{&quot;sources&quot;:[{&quot;src&quot;:&quot;https:\\\/\\\/avoriginal.org\\\/2018\\\/2018-10-23-La Vida Es Bella-web.mp4&quot;,&quot;type&quot;:&quot;video\\\/mp4&quot;}],&quot;id&quot;:&quot;338&quot;,&quot;fv_title&quot;:&quot;2018-10-23-La Vida Es Bella&quot;,&quot;splash&quot;:&quot;https:\\\/\\\/avoriginal.org\\\/dzx\\\/wp-content\\\/uploads\\\/2025\\\/08\\\/2018-10-23-La-Vida-Es-Bella-Intro.gif&quot;}\" class=\"flowplayer no-brand is-splash is-paused skin-slim no-svg fp-slim fp-edgy fixed-controls has-caption\" data-fv-embed=\"https:\/\/avoriginal.org\/dzx\/debbie-zapata-enthusiasm\/2018-10-23-la-vida-es-bella\/fvp-320\/\" style=\"position:relative; max-width: 1200px; max-height: 700px; \" data-ratio=\"0.5833\">\n\t<div class=\"fp-ratio\" style=\"padding-top: 58.33%\"><\/div>\n\t<img decoding=\"async\" class=\"fp-splash\" alt=\"2018-10-23-La Vida Es Bella\" src=\"https:\/\/avoriginal.org\/dzx\/wp-content\/uploads\/2025\/08\/2018-10-23-La-Vida-Es-Bella-Intro.gif\" style=\"position:absolute;top:0;width:100%\" \/>\n\t<div class=\"fp-ui\"><noscript>Please enable JavaScript<\/noscript><div class=\"fp-play fp-visible\"><svg class=\"fp-play-sharp-fill\" xmlns=\"http:\/\/www.w3.org\/2000\/svg\" viewBox=\"0 0 100 100\"><defs><style>.fp-color-play{opacity:0.65;}.controlbutton{fill:#fff;}<\/style><\/defs><title>play-sharp-fill<\/title><path class=\"fp-color-play\" d=\"M49.9217-.078a50,50,0,1,0,50,50A50.0564,50.0564,0,0,0,49.9217-.078Z\"\/><polygon class=\"controlbutton\" points=\"73.601 50 37.968 70.573 37.968 29.427 73.601 50\" filter=\"url(#f1)\"\/><\/svg><\/div><div class=\"fp-preload\"><b><\/b><b><\/b><b><\/b><b><\/b><\/div><\/div>\n<div class='fvp-share-bar'><ul class=\"fvp-sharing\">\r\n    <li><a class=\"sharing-facebook\" href=\"https:\/\/www.facebook.com\/sharer\/sharer.php?u=https%3A%2F%2Favoriginal.org%2Fdzx%2Fdebbie-zapata-enthusiasm%2F2018-10-23-la-vida-es-bella%2F\" target=\"_blank\"><\/a><\/li>\r\n    <li><a class=\"sharing-twitter\" href=\"https:\/\/twitter.com\/intent\/tweet?text=Unlimited+Enthusiasm+&url=https%3A%2F%2Favoriginal.org%2Fdzx%2Fdebbie-zapata-enthusiasm%2F2018-10-23-la-vida-es-bella%2F\" target=\"_blank\"><\/a><\/li>\r\n    <li><a class=\"sharing-email\" href=\"mailto:?body=Check%20out%20the%20amazing%20video%20here%3A%20https%3A%2F%2Favoriginal.org%2Fdzx%2Fdebbie-zapata-enthusiasm%2F2018-10-23-la-vida-es-bella%2F\" target=\"_blank\"><\/a><\/li><\/ul><div><a class=\"sharing-link\" href=\"https:\/\/avoriginal.org\/dzx\/debbie-zapata-enthusiasm\/2018-10-23-la-vida-es-bella\/\" target=\"_blank\">Link<\/a><\/div><div><label><a class=\"embed-code-toggle\" href=\"#\"><strong>Embed<\/strong><\/a><\/label><\/div><div class=\"embed-code\"><label>Copy and paste this HTML code into your webpage to embed.<\/label><textarea><\/textarea><\/div><\/div>\n<\/div>\n<p class='fp-caption'>2018-10-23-La Vida Es Bella<\/p>\n<style id=\"sp_tab_dynamic_style6242\">#sp-tabpro-wrapper_6242.sp-tab__lay-default .sp-tab__tab-content {width: 100%;}#sp-tabpro-wrapper_6242 .animated {-webkit-animation-duration: 500ms;animation-duration: 500ms;}#sp-wp-tabs-wrapper_6242 .sp-tab__nav { justify-content: flex-start; }#sp-wp-tabs-wrapper_6242.sp-tab__lay-default.sp-tab__horizontal-bottom {display: flex;flex-direction: column-reverse;}#sp-wp-tabs-wrapper_6242.sp-tab__lay-default.sp-tab__horizontal-bottom > ul {border-top: 1px solid #cccccc;border-bottom: 0;margin-top: 0;}#sp-wp-tabs-wrapper_6242.sp-tab__lay-default.sp-tab__horizontal-bottom > ul > li .sp-tab__nav-link.sp-tab__active {border-color: transparent #cccccc#cccccc;margin-top: -1px;}#sp-wp-tabs-wrapper_6242.sp-tab__lay-default.sp-tab__horizontal-bottom > ul > li .sp-tab__nav-link,#sp-wp-tabs-wrapper_6242.sp-tab__lay-default.sp-tab__horizontal-bottom > ul > li a,#sp-wp-tabs-wrapper_6242.sp-tab__lay-default.sp-tab__horizontal-bottom > ul > .sp-tab__nav-item {border-top: 0;border-top-left-radius: 0;border-top-right-radius: 0;border-bottom-left-radius: 2px;border-bottom-right-radius: 2px;}#sp-wp-tabs-wrapper_6242.sp-tab__lay-default.sp-tab__horizontal-bottom > ul {border-bottom: none;}#sp-wp-tabs-wrapper_6242.sp-tab__lay-default.sp-tab__horizontal-bottom .sp-tab__tab-content .sp-tab__tab-pane {border-top: 1px solid #cccccc;border-bottom: 0;}#sp-wp-tabs-wrapper_6242.sp-tab__lay-default .sp-tab__tab-content .sp-tab-content > ul,#sp-wp-tabs-wrapper_6242.sp-tab__lay-default .sp-tab__tab-content .sp-tab-content > ol {border-bottom: none;}#sp-wp-tabs-wrapper_6242 .sp-tab__nav-tabs .sp-tab__nav-item.show .sp-tab__nav-link,#sp-wp-tabs-wrapper_6242.sp-tab__lay-default ul li .sp-tab__nav-link.sp-tab__active {border-color: #cccccc#cccccc transparent;}#sp-wp-tabs-wrapper_6242 > .sp-tab__nav-tabs .sp-tab__nav-link.sp-tab__active .sp-tab__tab_title,#sp-wp-tabs-wrapper_6242.sp-tab__lay-default .sp-tab__nav-link > .sp-tab__card-header {color: #000000;}#sp-wp-tabs-wrapper_6242.sp-tab__lay-default > ul > li > .sp-tab__nav-link,#sp-wp-tabs-wrapper_6242.sp-tab__lay-default > ul > li > a {cursor: pointer;border-color: #cccccc;padding-top: 15px;padding-right: 15px;padding-bottom: 15px;padding-left: 15px;}#sp-wp-tabs-wrapper_6242 > .sp-tab__nav-tabs .sp-tab__nav-link {border: 1px solid #cccccc;height: 100%;}#sp-wp-tabs-wrapper_6242.sp-tab__lay-default > ul > li .sp-tab__nav-link,#sp-wp-tabs-wrapper_6242.sp-tab__lay-default > ul > li a,#sp-wp-tabs-wrapper_6242.sp-tab__lay-default > ul > .sp-tab__nav-item {border-top-left-radius: 2px;border-top-right-radius: 2px;}#sp-wp-tabs-wrapper_6242 .sp-tab__nav-tabs .sp-tab__nav-item {margin-bottom: -1px; }#sp-wp-tabs-wrapper_6242.sp-tab__lay-default > ul .sp-tab__nav-item {margin-right: 10px;}#sp-wp-tabs-wrapper_6242.sp-tab__lay-default.sp-tab__horizontal-bottom > ul .sp-tab__nav-item {margin-right: 10px;margin-top: 0;}#sp-wp-tabs-wrapper_6242.sp-tab__lay-default > ul .sp-tab__nav-item .sp-tab__nav-link:hover .sp-tab__tab_title,#sp-wp-tabs-wrapper_6242.sp-tab__lay-default > ul .sp-tab__nav-item a:hover .sp-tab__tab_title,#sp-wp-tabs-wrapper_6242.sp-tab__lay-default .sp-tab__nav-link.collapsed .sp-tab__card-header:hover {color: #444;transition: .3s;}#sp-wp-tabs-wrapper_6242.sp-tab__lay-default > ul .sp-tab__nav-item,#sp-wp-tabs-wrapper_6242.sp-tab__lay-default .sp-tab__nav-link.collapsed > .sp-tab__card-header {background-color: #dd8500;transition: 0.3s;}#sp-wp-tabs-wrapper_6242 > .sp-tab__nav-tabs > .sp-tab__nav-item.show .sp-tab__nav-link,#sp-wp-tabs-wrapper_6242 > .sp-tab__nav-tabs > .sp-tab__nav-item .sp-tab__nav-link.sp-tab__active,#sp-wp-tabs-wrapper_6242.sp-tab__lay-default .sp-tab__nav-link > .sp-tab__card-header {background-color: #59d600;}#sp-tabs-wrapper_6242.sp-tab__lay-default > ul .sp-tab__nav-item .sp-tab__nav-link:not(.sp-tab__active):hover,#sp-tabs-wrapper_6242.sp-tab__lay-default .sp-tab__tab-content > .sp-tab__tab-pane .sp-tab__card-header:hover {background-color: #eded00;}#sp-wp-tabs-wrapper_6242.sp-tab__lay-default > ul .sp-tab__nav-item:not(.sp-tab__active):hover,#sp-wp-tabs-wrapper_6242.sp-tab__lay-default .sp-tab__nav-link.collapsed > .sp-tab__card-header:hover {background-color: #eded00;}#sp-wp-tabs-wrapper_6242.sp-tab__lay-default > ul .sp-tab__nav-item:last-child {margin-right: 0;}#sp-wp-tabs-wrapper_6242.sp-tab__lay-default > .sp-tab__tab-content .sp-tab__tab-pane {border: 1px solid #cccccc;padding-top: 20px;padding-right: 20px;padding-bottom: 20px;padding-left: 20px;background-color: #000000;}#sp-wp-tabs-wrapper_6242.sp-tab__lay-default > ul {border-bottom: 1px solid #cccccc;}#sp-wp-tabs-wrapper_6242.sp-tab__lay-default > .sp-tab__tab-content .sp-tab__tab-pane {border-top: 0px;}@media(max-width:480px) {#sp-wp-tabs-wrapper_6242.sp-tab__lay-default > ul li.sp-tab__nav-item {width: 100%;margin-right: 0px;}#sp-wp-tabs-wrapper_6242.sp-tab__lay-default > ul li.sp-tab__nav-item:last-child {margin-bottom: -1px;}}#poststuff h2.sp-tab__section_title_6242, h2.sp-tab__section_title_6242 ,.editor-styles-wrapper .wp-block h2.sp-tab__section_title_6242{margin-bottom: 30px !important;font-weight: 600;font-style: normal;font-size: 28px;line-height: 28px;letter-spacing: 0px;padding: 0;color: #444444;font-family: Open Sans;font-style: normal;font-weight: 600;}#sp-wp-tabs-wrapper_6242.sp-tab__lay-default > ul .sp-tab__nav-item .sp-tab__tab_title,#sp-wp-tabs-wrapper_6242.sp-tab__lay-default span > .sp-tab__card-header {font-weight: 600;font-style: normal;font-size: 16px;line-height: 22px;letter-spacing: 0px;color: #444;margin: 0px;font-family: Open Sans;font-style: normal;font-weight: 600;}#sp-wp-tabs-wrapper_6242.sp-tab__lay-default > .sp-tab__tab-content .sp-tab__tab-pane,#sp-wp-tabs-wrapper_6242.sp-tab__lay-default > .sp-tab__tab-content .sp-tab__tab-pane p {font-weight: 400;font-style: normal;font-size: 16px;line-height: 24px;letter-spacing: 0px;color: #eddd00;font-family: Open Sans;font-style: normal;font-weight: normal;}#sp-wp-tabs-wrapper_6242.sp-tab__lay-default > .sp-tab__tab-content .sp-tab__tab-pane ul li a, #sp-wp-tabs-wrapper_6242.sp-tab__lay-default .sp-tab__tab-content .sp-tab__tab-pane ol li a {color: #eddd00;}<\/style>\t<h2 class=\"sp-tab__section_title_6242\"> &#8220;La Werita&#8221; &#038; &#8220;Piloncillo&#8221;, 10th Anniversary<\/h2>\n\t\t\t<div id=\"sp-wp-tabs-wrapper_6242\" class=\"sp-tab__lay-default\" data-preloader=\"1\" data-activemode=\"tabs-activator-event-click\" data-anchor_linking=\"1\">\n\t\t\t<div class=\"sp-tab__preloader\">\n\t\t<div class=\"sp-tab__spinner\">\n\t\t\t<div class=\"rect1\"><\/div>\n\t\t\t<div class=\"rect2\"><\/div>\n\t\t\t<div class=\"rect3\"><\/div>\n\t\t\t<div class=\"rect4\"><\/div>\n\t\t\t<div class=\"rect5\"><\/div>\n\t\t<\/div>\n\t<\/div>\n\t<ul class=\"sp-tab__nav sp-tab__nav-tabs\" id=\"sp-tab__ul\" role=\"tablist\">\n\t\t\t\t<li class=\"sp-tab__nav-item\" role=\"presentation\">\n\t\t\t\t<span class=\"sp-tab__nav-link sp-tab__active\" data-sptoggle=\"tab\" for=\"#tab-62421\" role=\"tab\" aria-controls=tab-62421 aria-selected=true tabindex=0>\n\t\t\t\t\t<span class=\"tab_title_area\"><H4 class=\"sp-tab__tab_title\">After 50 years, 10 of Maximum Happiness<\/H4><\/span>\n\t\t\t\t<\/span>\n\t\t\t<\/li>\n\t\t\t\t\t\t<li class=\"sp-tab__nav-item\" role=\"presentation\">\n\t\t\t\t<span class=\"sp-tab__nav-link\" data-sptoggle=\"tab\" for=\"#tab-62422\" role=\"tab\" aria-controls=tab-62422 aria-selected=true tabindex=0>\n\t\t\t\t\t<span class=\"tab_title_area\"><H4 class=\"sp-tab__tab_title\">Les Papillons by Andr\u00e9 Popp<\/H4><\/span>\n\t\t\t\t<\/span>\n\t\t\t<\/li>\n\t\t\t\t\t\t<li class=\"sp-tab__nav-item\" role=\"presentation\">\n\t\t\t\t<span class=\"sp-tab__nav-link\" data-sptoggle=\"tab\" for=\"#tab-62423\" role=\"tab\" aria-controls=tab-62423 aria-selected=true tabindex=0>\n\t\t\t\t\t<span class=\"tab_title_area\"><H4 class=\"sp-tab__tab_title\">\"La Vida Es Bella\"<\/H4><\/span>\n\t\t\t\t<\/span>\n\t\t\t<\/li>\n\t\t\t\t\t\t<li class=\"sp-tab__nav-item\" role=\"presentation\">\n\t\t\t\t<span class=\"sp-tab__nav-link\" data-sptoggle=\"tab\" for=\"#tab-62424\" role=\"tab\" aria-controls=tab-62424 aria-selected=true tabindex=0>\n\t\t\t\t\t<span class=\"tab_title_area\"><H4 class=\"sp-tab__tab_title\">\u201cCuando Me Enamoro\u201d<\/H4><\/span>\n\t\t\t\t<\/span>\n\t\t\t<\/li>\n\t\t\t<\/ul>\n<div class=\"sp-tab__tab-content\">\n\t\t\t\t<div id=\"tab-62421\" class=\"sp-tab__tab-pane sp-tab__show sp-tab__active\" role=\"tabpanel\">\n\t\t\t\t\t<div class=\"sp-tab-content animated fadeIn\"><p><span style=\"color: #ffffff;\">By Marco Antonio Zapata Rosales<\/span><\/p>\n<p><span style=\"color: #ffcc00;\">There are DIFFICULT MOMENTS IN LIFE<\/span><br \/>\n<span style=\"color: #ffcc00;\">in which they are finished;<\/span><br \/>\n<span style=\"color: #ffcc00;\">Hopes,<\/span><br \/>\n<span style=\"color: #ffcc00;\">The Plans To The Future,<\/span><br \/>\n<span style=\"color: #ffcc00;\">Believing In People,<\/span><br \/>\n<span style=\"color: #ffcc00;\">The Creativity,<\/span><br \/>\n<span style=\"color: #ffcc00;\">EVERYTHING... EVERYTHING. ..EVERYTHING.<\/span><\/p>\n<p><span style=\"color: #ffcc00;\">In The DARKEST OF THAT STAGE<\/span><br \/>\n<span style=\"color: #ffcc00;\">A FLASH APPEARED,<\/span><br \/>\n<span style=\"color: #ffcc00;\">the LIGHT THAT ILLUMINATED MY LIFE<\/span><br \/>\n<span style=\"color: #ffcc00;\">and HER NAME IS DEBBIE \"LA WERITA\",<\/span><br \/>\n<span style=\"color: #ffcc00;\">with Her Talks,<\/span><br \/>\n<span style=\"color: #ffcc00;\">Mutual Feelings,<\/span><br \/>\n<span style=\"color: #ffcc00;\">Beliefs,<\/span><br \/>\n<span style=\"color: #ffcc00;\">Points of View About the World,<\/span><br \/>\n<span style=\"color: #ffcc00;\">Similar Sentimental Experiences,<\/span><br \/>\n<span style=\"color: #ffcc00;\">and the LOVE TOWARDS M\u00c9XICO,<\/span><br \/>\n<span style=\"color: #ffcc00;\">Makes THE UNIVERSE<\/span><br \/>\n<span style=\"color: #ffcc00;\">Finally Join Our Lives,<\/span><br \/>\n<span style=\"color: #ffcc00;\">AFTER 50 YEARS.<\/span><\/p>\n<p><span style=\"color: #ffcc00;\">We Start A Life Together<\/span><br \/>\n<span style=\"color: #ffcc00;\">with NEW HORIZONS TO DECIPHER,<\/span><br \/>\n<span style=\"color: #ffcc00;\">DISCOVER THE BEAUTY OF LIFE,<\/span><br \/>\n<span style=\"color: #ffcc00;\">SHARE NATURE,<\/span><br \/>\n<span style=\"color: #ffcc00;\">JOINING EFFORTS TO MAKE PLANS,<\/span><br \/>\n<span style=\"color: #ffcc00;\">DESIRES TO IMPROVE THE ENVIRONMENT,<\/span><br \/>\n<span style=\"color: #ffcc00;\">BELIEVE IN PEOPLE AGAIN,<\/span><br \/>\n<span style=\"color: #ffcc00;\">SUPPORT PEOPLE WITH<\/span><br \/>\n<span style=\"color: #ffcc00;\">JOY AND DESIRE TO GET AHEAD,<\/span><br \/>\n<span style=\"color: #ffcc00;\">THE DELIGHT OF MEXICAN FOOD,<\/span><br \/>\n<span style=\"color: #ffcc00;\">FEEL THE WARMTH OF POOR PEOPLE,<\/span><br \/>\n<span style=\"color: #ffcc00;\">PUBLICIZE THE POSITIVE IMAGE<\/span><br \/>\n<span style=\"color: #ffcc00;\">OF A MEXICO UNKNOWN TO THE WORLD.<\/span><\/p>\n<p><span style=\"color: #ffcc00;\">NOW ON OUR TENTH ANNIVERSARY,<\/span><br \/>\n<span style=\"color: #ffcc00;\">I CAN SAY THAT WE ARE FOR EACH OTHER,<\/span><br \/>\n<span style=\"color: #ffcc00;\">WE ACT SYNCHRONIZED AS<\/span><br \/>\n<span style=\"color: #ffcc00;\">IF WE HAD LIVED TOGETHER A WHOLE LIFE,<\/span><br \/>\n<span style=\"color: #ffcc00;\">I WISH TO SHARE WITH DEBBIE<\/span><br \/>\n<span style=\"color: #ffcc00;\">ALL POSITIVE FEELINGS<\/span><br \/>\n<span style=\"color: #ffcc00;\">WHAT I FEEL TOWARDS HER,<\/span><br \/>\n<span style=\"color: #ffcc00;\">THE HAPPINESS THAT SHE SHARED WITH ME,<\/span><br \/>\n<span style=\"color: #ffcc00;\">AND THAT WITH ALL THE GOLD IN THE WORLD<\/span><br \/>\n<span style=\"color: #ffcc00;\">I WILL NEVER BE ABLE TO PAY.<\/span><\/p>\n<p><span style=\"color: #ffcc00;\">TO BE HONEST<\/span><br \/>\n<span style=\"color: #ffcc00;\">\"PILONCILLO\"<\/span><\/p>\n<h3><span style=\"color: #00ff00;\">Y Vamos por Otros 50....<\/span><\/h3>\n<\/div>\n\t\t\t\t<\/div>\n\t\t\t\t\t\t\t\t<div id=\"tab-62422\" class=\"sp-tab__tab-pane \" role=\"tabpanel\">\n\t\t\t\t\t<div class=\"sp-tab-content animated fadeIn\"><p><span style=\"color: #ffffff\">Les Papillons by Andr\u00e9 Popp<\/span><\/p>\n<p><span style=\"color: #00ffff\">Year Released 1969<\/span><\/p>\n<p><span style=\"color: #ffcc00\">Festival 1969 Andr\u00e9 Popp EP Les Papillons Brasil<\/span><\/p>\n<\/div>\n\t\t\t\t<\/div>\n\t\t\t\t\t\t\t\t<div id=\"tab-62423\" class=\"sp-tab__tab-pane \" role=\"tabpanel\">\n\t\t\t\t\t<div class=\"sp-tab-content animated fadeIn\"><p><span style=\"color: #ffffff\">By Andrea Bocelli<\/span><\/p>\n<p><span style=\"color: #00ffff\">Year Released 2015<\/span><\/p>\n<p><span style=\"color: #ffcc00\">S\u00ed, sonr\u00ede, amor, as\u00ed y pon tu mirada en m\u00ed.<\/span><br \/>\n<span style=\"color: #ffcc00\">S\u00ed, con todas mis canciones<\/span><br \/>\n<span style=\"color: #ffcc00\">Repletas de emociones quiere el mundo verte sonre\u00edr<\/span><\/p>\n<p><span style=\"color: #ffcc00\">T\u00fa, el cielo ves azul,<\/span><br \/>\n<span style=\"color: #ffcc00\">T\u00fa, lo inundas con tu luz.<\/span><br \/>\n<span style=\"color: #ffcc00\">Hay millones de personas<\/span><br \/>\n<span style=\"color: #ffcc00\">Que no te decepcionan porque el mundo sue\u00f1a como t\u00fa<\/span><\/p>\n<p><span style=\"color: #ffcc00\">S\u00ed, s\u00e9 fuerte como un rey<\/span><br \/>\n<span style=\"color: #ffcc00\">Y dulce como el estribillo de tantas canciones que yo canto por ti.<\/span><\/p>\n<p><span style=\"color: #ffcc00\">Y se te esconder\u00e1 el dolor<\/span><br \/>\n<span style=\"color: #ffcc00\">Tras los m\u00e1gicos rumores de tu vida alrededor.<\/span><br \/>\n<span style=\"color: #ffcc00\">Ven por tu calle entre la gente,<\/span><br \/>\n<span style=\"color: #ffcc00\">Baila enamoradamente como hac\u00edas para m\u00ed.<\/span><\/p>\n<p><span style=\"color: #ffcc00\">Y ahora s\u00ed, sonr\u00ede, amor, as\u00ed,<\/span><br \/>\n<span style=\"color: #ffcc00\">S\u00e9 que te sorprender\u00e9.<\/span><br \/>\n<span style=\"color: #ffcc00\">Y con todas mis canciones<\/span><br \/>\n<span style=\"color: #ffcc00\">Repletas de ilusiones das al mundo tu felicidad.<\/span><\/p>\n<p><span style=\"color: #ffcc00\">T\u00fa, el cielo ves azul,<\/span><br \/>\n<span style=\"color: #ffcc00\">T\u00fa, lo inundas con tu luz.<\/span><br \/>\n<span style=\"color: #ffcc00\">Y con todas mis canciones<\/span><br \/>\n<span style=\"color: #ffcc00\">Repletas de emociones das al mundo tu felicidad.<\/span><\/p>\n<p><span style=\"color: #ffcc00\">S\u00ed, s\u00e9 fuerte como un rey<\/span><br \/>\n<span style=\"color: #ffcc00\">Y piensa que la vida es bella igual que esa estrella que brilla para ti.<\/span><\/p>\n<p><span style=\"color: #ffcc00\">Ciao, emprende el vuelo ahora<\/span><br \/>\n<span style=\"color: #ffcc00\">Y si un d\u00eda est\u00e1s sola, contigo yo estar\u00e9.<\/span><\/p>\n<p><span style=\"color: #ffcc00\">\u00a1Lo s\u00e9!<\/span><\/p>\n<\/div>\n\t\t\t\t<\/div>\n\t\t\t\t\t\t\t\t<div id=\"tab-62424\" class=\"sp-tab__tab-pane \" role=\"tabpanel\">\n\t\t\t\t\t<div class=\"sp-tab-content animated fadeIn\"><p><span style=\"color: #ffffff\">By Andrea Bocelli<\/span><\/p>\n<p><span style=\"color: #00ffff\">Year Released 2006<\/span><\/p>\n<p><span style=\"color: #ffcc00\">La mia ragazza sa che non \u00e8 vero<\/span><br \/>\n<span style=\"color: #ffcc00\">La mia ragazza sa che quando<\/span><br \/>\n<span style=\"color: #ffcc00\">Quando m\u2019innamoro<\/span><br \/>\n<span style=\"color: #ffcc00\">Io do tutto il bene<\/span><\/p>\n<p><span style=\"color: #ffcc00\">A chi \u00e8 immamorato di me<\/span><br \/>\n<span style=\"color: #ffcc00\">E non c\u2019\u00e8 nessuno<\/span><br \/>\n<span style=\"color: #ffcc00\">Che mi pu\u00f2 cambiare<\/span><br \/>\n<span style=\"color: #ffcc00\">Che mi pu\u00f2 staccare da lei<\/span><\/p>\n<p><span style=\"color: #ffcc00\">Cuando me enamoro<\/span><br \/>\n<span style=\"color: #ffcc00\">Doy toda me vida<\/span><br \/>\n<span style=\"color: #ffcc00\">A qui\u00e9n se enamora de mi<\/span><br \/>\n<span style=\"color: #ffcc00\">Y no existe nadie<\/span><br \/>\n<span style=\"color: #ffcc00\">Que pueda alejarme<\/span><br \/>\n<span style=\"color: #ffcc00\">De lo que yo siento por ti<\/span><\/p>\n<p><span style=\"color: #ffcc00\">A chi mi dice vivi<\/span><br \/>\n<span style=\"color: #ffcc00\">Un altro giorno<\/span><br \/>\n<span style=\"color: #ffcc00\">Todos comprender\u00e1n<\/span><br \/>\n<span style=\"color: #ffcc00\">Que cuando<\/span><br \/>\n<span style=\"color: #ffcc00\">Cuando me enamoro<\/span><br \/>\n<span style=\"color: #ffcc00\">Doy toda me vida<\/span><br \/>\n<span style=\"color: #ffcc00\">A qui\u00e9n se enamora de mi<\/span><\/p>\n<p><span style=\"color: #ffcc00\">E non c\u2019\u00e8 nessuno<\/span><br \/>\n<span style=\"color: #ffcc00\">Che mi pu\u00f2 cambiare<\/span><br \/>\n<span style=\"color: #ffcc00\">Che mi pu\u00f2 staccare da lei<\/span><br \/>\n<span style=\"color: #ffcc00\">Quando m\u2019innamoro<\/span><br \/>\n<span style=\"color: #ffcc00\">Io do tutto il bene<\/span><br \/>\n<span style=\"color: #ffcc00\">A chi \u00e8 immamorato di me<\/span><\/p>\n<p><span style=\"color: #ffcc00\">Y no existe nadie<\/span><br \/>\n<span style=\"color: #ffcc00\">Que pueda alejarme<\/span><br \/>\n<span style=\"color: #ffcc00\">De lo que yo siento por ti<\/span><\/p>\n<\/div>\n\t\t\t\t<\/div>\n\t\t\t\t<\/div>\n\t\t<\/div>\n\t\t\n<p>[aesop_gallery id=&#8221;2191&#8243; revealfx=&#8221;off&#8221; overlay_revealfx=&#8221;off&#8221;]<\/p>\n<p>[zoom]<\/p>\n","protected":false},"excerpt":{"rendered":"<p>&#8220;La Werita&#8221; &amp; &#8220;Piloncillo&#8221;, 10th Anniversary [aesop_gallery id=&#8221;2191&#8243; revealfx=&#8221;off&#8221; overlay_revealfx=&#8221;off&#8221;] [zoom]<\/p>\n","protected":false},"author":1,"featured_media":9485,"parent":3381,"menu_order":0,"comment_status":"closed","ping_status":"closed","template":"","meta":{"footnotes":"","_links_to":"","_links_to_target":""},"categories":[60],"tags":[],"class_list":["post-2188","page","type-page","status-publish","has-post-thumbnail","hentry","category-oath-of-love"],"_links":{"self":[{"href":"https:\/\/avoriginal.org\/dzx\/wp-json\/wp\/v2\/pages\/2188","targetHints":{"allow":["GET"]}}],"collection":[{"href":"https:\/\/avoriginal.org\/dzx\/wp-json\/wp\/v2\/pages"}],"about":[{"href":"https:\/\/avoriginal.org\/dzx\/wp-json\/wp\/v2\/types\/page"}],"author":[{"embeddable":true,"href":"https:\/\/avoriginal.org\/dzx\/wp-json\/wp\/v2\/users\/1"}],"replies":[{"embeddable":true,"href":"https:\/\/avoriginal.org\/dzx\/wp-json\/wp\/v2\/comments?post=2188"}],"version-history":[{"count":3,"href":"https:\/\/avoriginal.org\/dzx\/wp-json\/wp\/v2\/pages\/2188\/revisions"}],"predecessor-version":[{"id":9482,"href":"https:\/\/avoriginal.org\/dzx\/wp-json\/wp\/v2\/pages\/2188\/revisions\/9482"}],"up":[{"embeddable":true,"href":"https:\/\/avoriginal.org\/dzx\/wp-json\/wp\/v2\/pages\/3381"}],"wp:featuredmedia":[{"embeddable":true,"href":"https:\/\/avoriginal.org\/dzx\/wp-json\/wp\/v2\/media\/9485"}],"wp:attachment":[{"href":"https:\/\/avoriginal.org\/dzx\/wp-json\/wp\/v2\/media?parent=2188"}],"wp:term":[{"taxonomy":"category","embeddable":true,"href":"https:\/\/avoriginal.org\/dzx\/wp-json\/wp\/v2\/categories?post=2188"},{"taxonomy":"post_tag","embeddable":true,"href":"https:\/\/avoriginal.org\/dzx\/wp-json\/wp\/v2\/tags?post=2188"}],"curies":[{"name":"wp","href":"https:\/\/api.w.org\/{rel}","templated":true}]}}