{"id":350,"date":"2015-07-04T20:38:32","date_gmt":"2015-07-04T20:38:32","guid":{"rendered":"http:\/\/www.audiovideo2k.com\/Sponsors\/?page_id=350"},"modified":"2024-02-14T04:51:33","modified_gmt":"2024-02-14T09:51:33","slug":"circo-de-la-mariposa","status":"publish","type":"page","link":"https:\/\/avoriginal.org\/dzx\/debbie-zapata-enthusiasm\/enthusiasm-videos\/circo-de-la-mariposa\/","title":{"rendered":"Circo de la Mariposa"},"content":{"rendered":"<p>[aesop_content color=&#8221;#ffffff&#8221; background=&#8221;#333333&#8243; columns=&#8221;1&#8243; position=&#8221;none&#8221; imgrepeat=&#8221;no-repeat&#8221; disable_bgshading=&#8221;off&#8221; floaterposition=&#8221;left&#8221; floaterdirection=&#8221;up&#8221; revealfx=&#8221;off&#8221; overlay_revealfx=&#8221;off&#8221;]<\/p>\n<h1><span style=\"color: #00ffff;\">Mientras Mayor es la Lucha, M\u00e1s Glorioso es el Triunfo <\/h1>\n<p>[\/aesop_content]<\/p>\n<p>[videojs ogg=&#8221;https:\/\/www.audiovideo2k.com\/AGPITV\/AV\/o_Circo de la Mariposa.mp4&#8243; poster=&#8221;https:\/\/agreenproject.org\/AGP\/wp-content\/uploads\/2018\/08\/MARKKIUX_10.jpg&#8221; width=&#8221;1200&#8243; height=&#8221;960&#8243; <span style=\"font-weight: 400;\">preload=&#8221;auto&#8221; autoplay=&#8221;true&#8221; <\/span>]<\/p>\n<p>[aesop_content color=&#8221;#ffffff&#8221; background=&#8221;#333333&#8243; columns=&#8221;1&#8243; position=&#8221;none&#8221; imgrepeat=&#8221;no-repeat&#8221; disable_bgshading=&#8221;off&#8221; floaterposition=&#8221;left&#8221; floaterdirection=&#8221;up&#8221; revealfx=&#8221;off&#8221; overlay_revealfx=&#8221;off&#8221;]<\/p>\n<h1><span style=\"color: #00ffff;\">Determinaci\u00f3n de Cambiar<\/h1>\n<p>Todos podemos superar nuestros miedos, fracasos,el autoconcepto que se tiene de uno mismo, de c\u00f3mo te ves y no de c\u00f3mo crees que te ven los que te rodean. <\/p>\n<p>Todos las metas y objetivos se consiguen, si existe esfuerzo, perseverancia, ganas y no  rendirse cuando se encuentren  dificultades en el camino.<\/p>\n<p>Teniendo fe en s\u00ed mismo, se podr\u00e1 tener m\u00e1s de lo que se cree, porque decir \u201cNO PUEDO\u201d es el peor obst\u00e1culo, ya que uno mismo se limita.<\/p>\n<p>\u00bfD\u00f3nde est\u00e1n tus brazos y manos?, frase que parte de la inocencia<br \/>\nde un ni\u00f1o, que parte de la sinceridad y muestra respeto. Que no pretende herir,<br \/>\nsino saciar la sana curiosidad de un ni\u00f1o.<br \/>\n[\/aesop_content]<\/p>\n","protected":false},"excerpt":{"rendered":"<p>[aesop_content color=&#8221;#ffffff&#8221; background=&#8221;#333333&#8243; columns=&#8221;1&#8243; position=&#8221;none&#8221; imgrepeat=&#8221;no-repeat&#8221; disable_bgshading=&#8221;off&#8221; floaterposition=&#8221;left&#8221; floaterdirection=&#8221;up&#8221; revealfx=&#8221;off&#8221; overlay_revealfx=&#8221;off&#8221;] Mientras Mayor es la Lucha, M\u00e1s Glorioso es el Triunfo [\/aesop_content] [videojs ogg=&#8221;https:\/\/www.audiovideo2k.com\/AGPITV\/AV\/o_Circo deTour Details<\/p>\n","protected":false},"author":1,"featured_media":611,"parent":338,"menu_order":2,"comment_status":"open","ping_status":"closed","template":"","meta":{"footnotes":"","_links_to":"","_links_to_target":""},"categories":[44],"tags":[],"class_list":["post-350","page","type-page","status-publish","has-post-thumbnail","hentry","category-zapata-team"],"_links":{"self":[{"href":"https:\/\/avoriginal.org\/dzx\/wp-json\/wp\/v2\/pages\/350","targetHints":{"allow":["GET"]}}],"collection":[{"href":"https:\/\/avoriginal.org\/dzx\/wp-json\/wp\/v2\/pages"}],"about":[{"href":"https:\/\/avoriginal.org\/dzx\/wp-json\/wp\/v2\/types\/page"}],"author":[{"embeddable":true,"href":"https:\/\/avoriginal.org\/dzx\/wp-json\/wp\/v2\/users\/1"}],"replies":[{"embeddable":true,"href":"https:\/\/avoriginal.org\/dzx\/wp-json\/wp\/v2\/comments?post=350"}],"version-history":[{"count":1,"href":"https:\/\/avoriginal.org\/dzx\/wp-json\/wp\/v2\/pages\/350\/revisions"}],"predecessor-version":[{"id":8100,"href":"https:\/\/avoriginal.org\/dzx\/wp-json\/wp\/v2\/pages\/350\/revisions\/8100"}],"up":[{"embeddable":true,"href":"https:\/\/avoriginal.org\/dzx\/wp-json\/wp\/v2\/pages\/338"}],"wp:featuredmedia":[{"embeddable":true,"href":"https:\/\/avoriginal.org\/dzx\/wp-json\/wp\/v2\/media\/611"}],"wp:attachment":[{"href":"https:\/\/avoriginal.org\/dzx\/wp-json\/wp\/v2\/media?parent=350"}],"wp:term":[{"taxonomy":"category","embeddable":true,"href":"https:\/\/avoriginal.org\/dzx\/wp-json\/wp\/v2\/categories?post=350"},{"taxonomy":"post_tag","embeddable":true,"href":"https:\/\/avoriginal.org\/dzx\/wp-json\/wp\/v2\/tags?post=350"}],"curies":[{"name":"wp","href":"https:\/\/api.w.org\/{rel}","templated":true}]}}