{"id":380,"date":"2009-12-02T15:10:37","date_gmt":"2009-12-02T15:10:37","guid":{"rendered":"http:\/\/www.audiovideo2k.com\/Sponsors\/?page_id=380"},"modified":"2025-12-09T06:19:49","modified_gmt":"2025-12-09T11:19:49","slug":"2009-12-02-vive","status":"publish","type":"page","link":"https:\/\/avoriginal.org\/dzx\/2009-12-02-vive\/","title":{"rendered":"2009-12-02 Vive"},"content":{"rendered":"<style id=\"sp_tab_dynamic_style6528\">#sp-tabpro-wrapper_6528.sp-tab__lay-default .sp-tab__tab-content {width: 100%;}#sp-tabpro-wrapper_6528 .animated {-webkit-animation-duration: 500ms;animation-duration: 500ms;}#sp-wp-tabs-wrapper_6528 .sp-tab__nav { justify-content: flex-start; }#sp-wp-tabs-wrapper_6528.sp-tab__lay-default.sp-tab__horizontal-bottom {display: flex;flex-direction: column-reverse;}#sp-wp-tabs-wrapper_6528.sp-tab__lay-default.sp-tab__horizontal-bottom > ul {border-top: 1px solid #cccccc;border-bottom: 0;margin-top: 0;}#sp-wp-tabs-wrapper_6528.sp-tab__lay-default.sp-tab__horizontal-bottom > ul > li .sp-tab__nav-link.sp-tab__active {border-color: transparent #cccccc#cccccc;margin-top: -1px;}#sp-wp-tabs-wrapper_6528.sp-tab__lay-default.sp-tab__horizontal-bottom > ul > li .sp-tab__nav-link,#sp-wp-tabs-wrapper_6528.sp-tab__lay-default.sp-tab__horizontal-bottom > ul > li a,#sp-wp-tabs-wrapper_6528.sp-tab__lay-default.sp-tab__horizontal-bottom > ul > .sp-tab__nav-item {border-top: 0;border-top-left-radius: 0;border-top-right-radius: 0;border-bottom-left-radius: 2px;border-bottom-right-radius: 2px;}#sp-wp-tabs-wrapper_6528.sp-tab__lay-default.sp-tab__horizontal-bottom > ul {border-bottom: none;}#sp-wp-tabs-wrapper_6528.sp-tab__lay-default.sp-tab__horizontal-bottom .sp-tab__tab-content .sp-tab__tab-pane {border-top: 1px solid #cccccc;border-bottom: 0;}#sp-wp-tabs-wrapper_6528.sp-tab__lay-default .sp-tab__tab-content .sp-tab-content > ul,#sp-wp-tabs-wrapper_6528.sp-tab__lay-default .sp-tab__tab-content .sp-tab-content > ol {border-bottom: none;}#sp-wp-tabs-wrapper_6528 .sp-tab__nav-tabs .sp-tab__nav-item.show .sp-tab__nav-link,#sp-wp-tabs-wrapper_6528.sp-tab__lay-default ul li .sp-tab__nav-link.sp-tab__active {border-color: #cccccc#cccccc transparent;}#sp-wp-tabs-wrapper_6528 > .sp-tab__nav-tabs .sp-tab__nav-link.sp-tab__active .sp-tab__tab_title,#sp-wp-tabs-wrapper_6528.sp-tab__lay-default .sp-tab__nav-link > .sp-tab__card-header {color: #000000;}#sp-wp-tabs-wrapper_6528.sp-tab__lay-default > ul > li > .sp-tab__nav-link,#sp-wp-tabs-wrapper_6528.sp-tab__lay-default > ul > li > a {cursor: pointer;border-color: #cccccc;padding-top: 15px;padding-right: 15px;padding-bottom: 15px;padding-left: 15px;}#sp-wp-tabs-wrapper_6528 > .sp-tab__nav-tabs .sp-tab__nav-link {border: 1px solid #cccccc;height: 100%;}#sp-wp-tabs-wrapper_6528.sp-tab__lay-default > ul > li .sp-tab__nav-link,#sp-wp-tabs-wrapper_6528.sp-tab__lay-default > ul > li a,#sp-wp-tabs-wrapper_6528.sp-tab__lay-default > ul > .sp-tab__nav-item {border-top-left-radius: 2px;border-top-right-radius: 2px;}#sp-wp-tabs-wrapper_6528 .sp-tab__nav-tabs .sp-tab__nav-item {margin-bottom: -1px; }#sp-wp-tabs-wrapper_6528.sp-tab__lay-default > ul .sp-tab__nav-item {margin-right: 10px;}#sp-wp-tabs-wrapper_6528.sp-tab__lay-default.sp-tab__horizontal-bottom > ul .sp-tab__nav-item {margin-right: 10px;margin-top: 0;}#sp-wp-tabs-wrapper_6528.sp-tab__lay-default > ul .sp-tab__nav-item .sp-tab__nav-link:hover .sp-tab__tab_title,#sp-wp-tabs-wrapper_6528.sp-tab__lay-default > ul .sp-tab__nav-item a:hover .sp-tab__tab_title,#sp-wp-tabs-wrapper_6528.sp-tab__lay-default .sp-tab__nav-link.collapsed .sp-tab__card-header:hover {color: #ff7b00;transition: .3s;}#sp-wp-tabs-wrapper_6528.sp-tab__lay-default > ul .sp-tab__nav-item,#sp-wp-tabs-wrapper_6528.sp-tab__lay-default .sp-tab__nav-link.collapsed > .sp-tab__card-header {background-color: #7100e2;transition: 0.3s;}#sp-wp-tabs-wrapper_6528 > .sp-tab__nav-tabs > .sp-tab__nav-item.show .sp-tab__nav-link,#sp-wp-tabs-wrapper_6528 > .sp-tab__nav-tabs > .sp-tab__nav-item .sp-tab__nav-link.sp-tab__active,#sp-wp-tabs-wrapper_6528.sp-tab__lay-default .sp-tab__nav-link > .sp-tab__card-header {background-color: #5cd606;}#sp-tabs-wrapper_6528.sp-tab__lay-default > ul .sp-tab__nav-item .sp-tab__nav-link:not(.sp-tab__active):hover,#sp-tabs-wrapper_6528.sp-tab__lay-default .sp-tab__tab-content > .sp-tab__tab-pane .sp-tab__card-header:hover {background-color: #eded00;}#sp-wp-tabs-wrapper_6528.sp-tab__lay-default > ul .sp-tab__nav-item:not(.sp-tab__active):hover,#sp-wp-tabs-wrapper_6528.sp-tab__lay-default .sp-tab__nav-link.collapsed > .sp-tab__card-header:hover {background-color: #eded00;}#sp-wp-tabs-wrapper_6528.sp-tab__lay-default > ul .sp-tab__nav-item:last-child {margin-right: 0;}#sp-wp-tabs-wrapper_6528.sp-tab__lay-default > .sp-tab__tab-content .sp-tab__tab-pane {border: 1px solid #cccccc;padding-top: 20px;padding-right: 20px;padding-bottom: 20px;padding-left: 20px;background-color: #000000;}#sp-wp-tabs-wrapper_6528.sp-tab__lay-default > ul {border-bottom: 1px solid #cccccc;}#sp-wp-tabs-wrapper_6528.sp-tab__lay-default > .sp-tab__tab-content .sp-tab__tab-pane {border-top: 0px;}@media(max-width:480px) {#sp-wp-tabs-wrapper_6528.sp-tab__lay-default > ul li.sp-tab__nav-item {width: 100%;margin-right: 0px;}#sp-wp-tabs-wrapper_6528.sp-tab__lay-default > ul li.sp-tab__nav-item:last-child {margin-bottom: -1px;}}#poststuff h2.sp-tab__section_title_6528, h2.sp-tab__section_title_6528 ,.editor-styles-wrapper .wp-block h2.sp-tab__section_title_6528{margin-bottom: 30px !important;font-weight: 600;font-style: normal;font-size: 28px;line-height: 28px;letter-spacing: 0px;padding: 0;color: #000000;font-family: Open Sans;font-style: normal;font-weight: 600;}#sp-wp-tabs-wrapper_6528.sp-tab__lay-default > ul .sp-tab__nav-item .sp-tab__tab_title,#sp-wp-tabs-wrapper_6528.sp-tab__lay-default span > .sp-tab__card-header {font-weight: 600;font-style: normal;font-size: 16px;line-height: 22px;letter-spacing: 0px;color: #ffffff;margin: 0px;font-family: Open Sans;font-style: normal;font-weight: 600;}#sp-wp-tabs-wrapper_6528.sp-tab__lay-default > .sp-tab__tab-content .sp-tab__tab-pane,#sp-wp-tabs-wrapper_6528.sp-tab__lay-default > .sp-tab__tab-content .sp-tab__tab-pane p {font-weight: 400;font-style: normal;font-size: 16px;line-height: 24px;letter-spacing: 0px;color: #444;font-family: Open Sans;font-style: normal;font-weight: normal;}#sp-wp-tabs-wrapper_6528.sp-tab__lay-default > .sp-tab__tab-content .sp-tab__tab-pane ul li a, #sp-wp-tabs-wrapper_6528.sp-tab__lay-default .sp-tab__tab-content .sp-tab__tab-pane ol li a {color: #444;}<\/style>\t<h2 class=\"sp-tab__section_title_6528\"> 2009-12-02 Vive<\/h2>\n\t\t\t<div id=\"sp-wp-tabs-wrapper_6528\" class=\"sp-tab__lay-default\" data-preloader=\"1\" data-activemode=\"tabs-activator-event-click\" data-anchor_linking=\"1\">\n\t\t\t<div class=\"sp-tab__preloader\">\n\t\t<div class=\"sp-tab__spinner\">\n\t\t\t<div class=\"rect1\"><\/div>\n\t\t\t<div class=\"rect2\"><\/div>\n\t\t\t<div class=\"rect3\"><\/div>\n\t\t\t<div class=\"rect4\"><\/div>\n\t\t\t<div class=\"rect5\"><\/div>\n\t\t<\/div>\n\t<\/div>\n\t<ul class=\"sp-tab__nav sp-tab__nav-tabs\" id=\"sp-tab__ul\" role=\"tablist\">\n\t\t\t\t<li class=\"sp-tab__nav-item\" role=\"presentation\">\n\t\t\t\t<span class=\"sp-tab__nav-link sp-tab__active\" data-sptoggle=\"tab\" for=\"#tab-65281\" role=\"tab\" aria-controls=tab-65281 aria-selected=true tabindex=0>\n\t\t\t\t\t<span class=\"tab_title_area\"><H1 class=\"sp-tab__tab_title\">Abre Tus Brazos Fuertes A La Vida <\/H1><\/span>\n\t\t\t\t<\/span>\n\t\t\t<\/li>\n\t\t\t\t\t\t<li class=\"sp-tab__nav-item\" role=\"presentation\">\n\t\t\t\t<span class=\"sp-tab__nav-link\" data-sptoggle=\"tab\" for=\"#tab-65282\" role=\"tab\" aria-controls=tab-65282 aria-selected=true tabindex=0>\n\t\t\t\t\t<span class=\"tab_title_area\"><H1 class=\"sp-tab__tab_title\">Vive Feliz Ahora Mientras Puedes<\/H1><\/span>\n\t\t\t\t<\/span>\n\t\t\t<\/li>\n\t\t\t\t\t\t<li class=\"sp-tab__nav-item\" role=\"presentation\">\n\t\t\t\t<span class=\"sp-tab__nav-link\" data-sptoggle=\"tab\" for=\"#tab-65283\" role=\"tab\" aria-controls=tab-65283 aria-selected=true tabindex=0>\n\t\t\t\t\t<span class=\"tab_title_area\"><H1 class=\"sp-tab__tab_title\">Werita<\/H1><\/span>\n\t\t\t\t<\/span>\n\t\t\t<\/li>\n\t\t\t\t\t\t<li class=\"sp-tab__nav-item\" role=\"presentation\">\n\t\t\t\t<span class=\"sp-tab__nav-link\" data-sptoggle=\"tab\" for=\"#tab-65284\" role=\"tab\" aria-controls=tab-65284 aria-selected=true tabindex=0>\n\t\t\t\t\t<span class=\"tab_title_area\"><H1 class=\"sp-tab__tab_title\">Piloncillo<\/H1><\/span>\n\t\t\t\t<\/span>\n\t\t\t<\/li>\n\t\t\t\t\t\t<li class=\"sp-tab__nav-item\" role=\"presentation\">\n\t\t\t\t<span class=\"sp-tab__nav-link\" data-sptoggle=\"tab\" for=\"#tab-65285\" role=\"tab\" aria-controls=tab-65285 aria-selected=true tabindex=0>\n\t\t\t\t\t<span class=\"tab_title_area\"><H1 class=\"sp-tab__tab_title\">\"Vive\"<\/H1><\/span>\n\t\t\t\t<\/span>\n\t\t\t<\/li>\n\t\t\t\t\t\t<li class=\"sp-tab__nav-item\" role=\"presentation\">\n\t\t\t\t<span class=\"sp-tab__nav-link\" data-sptoggle=\"tab\" for=\"#tab-65286\" role=\"tab\" aria-controls=tab-65286 aria-selected=true tabindex=0>\n\t\t\t\t\t<span class=\"tab_title_area\"><H1 class=\"sp-tab__tab_title\">Playlist<\/H1><\/span>\n\t\t\t\t<\/span>\n\t\t\t<\/li>\n\t\t\t<\/ul>\n<div class=\"sp-tab__tab-content\">\n\t\t\t\t<div id=\"tab-65281\" class=\"sp-tab__tab-pane sp-tab__show sp-tab__active\" role=\"tabpanel\">\n\t\t\t\t\t<div class=\"sp-tab-content animated fadeIn\"><h1 style=\"text-align: center\"><span style=\"color: #00ffff\">Abre Tus Brazos Fuertes A La Vida <\/span><\/h1>\n<div id=\"wpfp_e9ab24ac75275190303e62f1c5cad497\" data-item=\"{&quot;sources&quot;:[{&quot;src&quot;:&quot;https:\\\/\\\/avoriginal.org\\\/2009\\\/2009-12-02_Vive.mp4&quot;,&quot;type&quot;:&quot;video\\\/mp4&quot;}],&quot;id&quot;:&quot;4&quot;,&quot;fv_title&quot;:&quot;2009-12-02_Vive&quot;,&quot;splash&quot;:&quot;https:\\\/\\\/avoriginal.org\\\/dzx\\\/wp-content\\\/uploads\\\/2025\\\/11\\\/2009-12-02-Vive-Intro.gif&quot;}\" class=\"flowplayer no-brand is-splash is-paused skin-slim no-svg fp-slim fp-edgy fixed-controls has-caption\" data-fvautoplay=\"-1\" data-fv-embed=\"https:\/\/avoriginal.org\/dzx\/2009-12-02-vive\/fvp-4\/\" style=\"position:relative; max-width: 1200px; max-height: 700px; \" data-ratio=\"0.5833\">\n\t<div class=\"fp-ratio\" style=\"padding-top: 58.33%\"><\/div>\n\t<img decoding=\"async\" class=\"fp-splash\" alt=\"2009-12-02_Vive\" src=\"https:\/\/avoriginal.org\/dzx\/wp-content\/uploads\/2025\/11\/2009-12-02-Vive-Intro.gif\" style=\"position:absolute;top:0;width:100%\" \/>\n\t<div class=\"fp-ui\"><noscript>Please enable JavaScript<\/noscript><div class=\"fp-play fp-visible\"><svg class=\"fp-play-sharp-fill\" xmlns=\"http:\/\/www.w3.org\/2000\/svg\" viewBox=\"0 0 100 100\"><defs><style>.fp-color-play{opacity:0.65;}.controlbutton{fill:#fff;}<\/style><\/defs><title>play-sharp-fill<\/title><path class=\"fp-color-play\" d=\"M49.9217-.078a50,50,0,1,0,50,50A50.0564,50.0564,0,0,0,49.9217-.078Z\"\/><polygon class=\"controlbutton\" points=\"73.601 50 37.968 70.573 37.968 29.427 73.601 50\" filter=\"url(#f1)\"\/><\/svg><\/div><div class=\"fp-preload\"><b><\/b><b><\/b><b><\/b><b><\/b><\/div><\/div>\n<div class='fvp-share-bar'><ul class=\"fvp-sharing\">\r\n    <li><a class=\"sharing-facebook\" href=\"https:\/\/www.facebook.com\/sharer\/sharer.php?u=https%3A%2F%2Favoriginal.org%2Fdzx%2F2009-12-02-vive%2F\" target=\"_blank\"><\/a><\/li>\r\n    <li><a class=\"sharing-twitter\" href=\"https:\/\/twitter.com\/intent\/tweet?text=Unlimited+Enthusiasm+&url=https%3A%2F%2Favoriginal.org%2Fdzx%2F2009-12-02-vive%2F\" target=\"_blank\"><\/a><\/li>\r\n    <li><a class=\"sharing-email\" href=\"mailto:?body=Check%20out%20the%20amazing%20video%20here%3A%20https%3A%2F%2Favoriginal.org%2Fdzx%2F2009-12-02-vive%2F\" target=\"_blank\"><\/a><\/li><\/ul><div><a class=\"sharing-link\" href=\"https:\/\/avoriginal.org\/dzx\/2009-12-02-vive\/\" target=\"_blank\">Link<\/a><\/div><div><label><a class=\"embed-code-toggle\" href=\"#\"><strong>Embed<\/strong><\/a><\/label><\/div><div class=\"embed-code\"><label>Copy and paste this HTML code into your webpage to embed.<\/label><textarea><\/textarea><\/div><\/div>\n<\/div>\n<p class='fp-caption'>2009-12-02_Vive<\/p>\n<\/div>\n\t\t\t\t<\/div>\n\t\t\t\t\t\t\t\t<div id=\"tab-65282\" class=\"sp-tab__tab-pane \" role=\"tabpanel\">\n\t\t\t\t\t<div class=\"sp-tab-content animated fadeIn\"><h1 style=\"text-align: center\"><span style=\"color: #00ffff\">Vive Feliz Ahora Mientras Puedes<\/span><\/h1>\n<p><a href=\"https:\/\/www.audiovideo2k.com\/Debbie_Zapata\/2009-12-02-vive\/\" target=\"_self\"><img decoding=\"async\" src=\"https:\/\/www.audiovideo2k.com\/Debbie_Zapata\/wp-content\/uploads\/2018\/04\/100E6388.jpg\" \/><\/a><\/p>\n<\/div>\n\t\t\t\t<\/div>\n\t\t\t\t\t\t\t\t<div id=\"tab-65283\" class=\"sp-tab__tab-pane \" role=\"tabpanel\">\n\t\t\t\t\t<div class=\"sp-tab-content animated fadeIn\"><\/div>\n\t\t\t\t<\/div>\n\t\t\t\t\t\t\t\t<div id=\"tab-65284\" class=\"sp-tab__tab-pane \" role=\"tabpanel\">\n\t\t\t\t\t<div class=\"sp-tab-content animated fadeIn\"><\/div>\n\t\t\t\t<\/div>\n\t\t\t\t\t\t\t\t<div id=\"tab-65285\" class=\"sp-tab__tab-pane \" role=\"tabpanel\">\n\t\t\t\t\t<div class=\"sp-tab-content animated fadeIn\"><h1 style=\"text-align: center\"><span style=\"color: #00ffff\"><a>\"Vive\"<\/a><\/span><\/h1>\n<p style=\"text-align: center;font-size: 15pt;color: ##23fa01\"><span style=\"color: #ffc300\"><br \/>\nBy Jos\u00e9 Mar\u00eda Napole\u00f3n<\/span><\/p>\n<p style=\"text-align: center;font-size: 15pt;color: ##23fa01\"><span style=\"color: #ffc300\"><br \/>\n<span style=\"color: #00ffff\">Year Released 1976<\/span><\/span><\/p>\n<p style=\"text-align: center\"><span style=\"color: #00ff00\">Nada te llevar\u00e1s cuando te marches<\/span><br \/>\n<span style=\"color: #00ff00\">Cuando se acerque el d\u00eda de tu final<\/span><br \/>\n<span style=\"color: #00ff00\">Vive feliz ahora mientras puedes<\/span><br \/>\n<span style=\"color: #00ff00\">Tal vez ma\u00f1ana no tengas tiempo<\/span><br \/>\n<span style=\"color: #00ff00\">Para sentirte despertar<\/span><\/p>\n<p style=\"text-align: center\"><span style=\"color: #00ff00\">Siente correr la sangre por tus venas<\/span><br \/>\n<span style=\"color: #00ff00\">Siembra tu tierra y ponte a trabajar<\/span><br \/>\n<span style=\"color: #00ff00\">Deja volar libre tu pensamiento<\/span><br \/>\n<span style=\"color: #00ff00\">Deja el rencor para otro tiempo<\/span><br \/>\n<span style=\"color: #00ff00\">Y echa tu barca a navegar<\/span><\/p>\n<p style=\"text-align: center\"><span style=\"color: #00ff00\">Abre tus brazos fuertes a la vida<\/span><br \/>\n<span style=\"color: #00ff00\">No dejes nada a la deriva<\/span><br \/>\n<span style=\"color: #00ff00\">Del cielo nada te caer\u00e1;<\/span><br \/>\n<span style=\"color: #00ff00\">Trata de ser feliz con lo que tienes<\/span><br \/>\n<span style=\"color: #00ff00\">Vive la vida intensamente<\/span><br \/>\n<span style=\"color: #00ff00\">Luchando lo conseguir\u00e1s<\/span><\/p>\n<p style=\"text-align: center\"><span style=\"color: #00ff00\">Y cuando llegue al fin tu despedida<\/span><br \/>\n<span style=\"color: #00ff00\">Seguro es que feliz sonreir\u00e1s<\/span><br \/>\n<span style=\"color: #00ff00\">Por haber conseguido lo que amabas<\/span><br \/>\n<span style=\"color: #00ff00\">Por encontrar lo que buscabas<\/span><br \/>\n<span style=\"color: #00ff00\">Porque viviste hasta el final<\/span><\/p>\n<p style=\"text-align: center\"><span style=\"color: #00ff00\">Abre tus brazos fuertes a la vida<\/span><br \/>\n<span style=\"color: #00ff00\">No dejes nada a la deriva<\/span><br \/>\n<span style=\"color: #00ff00\">Del cielo nada te caer\u00e1<\/span><br \/>\n<span style=\"color: #00ff00\">Trata de ser feliz con lo que tienes<\/span><br \/>\n<span style=\"color: #00ff00\">Vive la vida intensamente<\/span><br \/>\n<span style=\"color: #00ff00\">Luchando lo conseguir\u00e1s<\/span><\/p>\n<p style=\"text-align: center\"><span style=\"color: #00ff00\">Trata de ser feliz con lo que tienes<\/span><br \/>\n<span style=\"color: #00ff00\">Vive la vida intensamente<\/span><\/p>\n<\/div>\n\t\t\t\t<\/div>\n\t\t\t\t\t\t\t\t<div id=\"tab-65286\" class=\"sp-tab__tab-pane \" role=\"tabpanel\">\n\t\t\t\t\t<div class=\"sp-tab-content animated fadeIn\"><\/div>\n\t\t\t\t<\/div>\n\t\t\t\t<\/div>\n\t\t<\/div>\n\t\t\n<h1><span style=\"color: #00ffff;\">Gallery <\/span><\/h1>\n<p>[aesop_gallery id=&#8221;1432&#8243;]<\/p>\n","protected":false},"excerpt":{"rendered":"<p>Gallery [aesop_gallery id=&#8221;1432&#8243;]<\/p>\n","protected":false},"author":1,"featured_media":9719,"parent":0,"menu_order":4,"comment_status":"open","ping_status":"closed","template":"","meta":{"footnotes":"","_links_to":"","_links_to_target":""},"categories":[60],"tags":[],"class_list":["post-380","page","type-page","status-publish","has-post-thumbnail","hentry","category-oath-of-love"],"_links":{"self":[{"href":"https:\/\/avoriginal.org\/dzx\/wp-json\/wp\/v2\/pages\/380","targetHints":{"allow":["GET"]}}],"collection":[{"href":"https:\/\/avoriginal.org\/dzx\/wp-json\/wp\/v2\/pages"}],"about":[{"href":"https:\/\/avoriginal.org\/dzx\/wp-json\/wp\/v2\/types\/page"}],"author":[{"embeddable":true,"href":"https:\/\/avoriginal.org\/dzx\/wp-json\/wp\/v2\/users\/1"}],"replies":[{"embeddable":true,"href":"https:\/\/avoriginal.org\/dzx\/wp-json\/wp\/v2\/comments?post=380"}],"version-history":[{"count":5,"href":"https:\/\/avoriginal.org\/dzx\/wp-json\/wp\/v2\/pages\/380\/revisions"}],"predecessor-version":[{"id":9718,"href":"https:\/\/avoriginal.org\/dzx\/wp-json\/wp\/v2\/pages\/380\/revisions\/9718"}],"wp:featuredmedia":[{"embeddable":true,"href":"https:\/\/avoriginal.org\/dzx\/wp-json\/wp\/v2\/media\/9719"}],"wp:attachment":[{"href":"https:\/\/avoriginal.org\/dzx\/wp-json\/wp\/v2\/media?parent=380"}],"wp:term":[{"taxonomy":"category","embeddable":true,"href":"https:\/\/avoriginal.org\/dzx\/wp-json\/wp\/v2\/categories?post=380"},{"taxonomy":"post_tag","embeddable":true,"href":"https:\/\/avoriginal.org\/dzx\/wp-json\/wp\/v2\/tags?post=380"}],"curies":[{"name":"wp","href":"https:\/\/api.w.org\/{rel}","templated":true}]}}