{"id":423,"date":"2010-05-05T15:55:34","date_gmt":"2010-05-05T15:55:34","guid":{"rendered":"http:\/\/www.audiovideo2k.com\/Sponsors\/?page_id=423"},"modified":"2025-08-31T18:10:57","modified_gmt":"2025-08-31T23:10:57","slug":"2010-05-28-por-ti-volare","status":"publish","type":"page","link":"https:\/\/avoriginal.org\/dzx\/debbie-zapata\/2010-05-28-por-ti-volare\/","title":{"rendered":"2010-05-28 Por Ti Volar\u00e9"},"content":{"rendered":"<h1 style=\"text-align: center;\"><span style=\"color: #00ffff;\"><br \/>\nPor Ti Volar\u00e9<br \/>\nPor Cielos Y Mares<br \/>\nHasta Tu Amor<br \/>\n<\/span><\/h1>\n<div id=\"wpfp_bd32670e0dc67756f98630b95bd5dfdd\" data-item=\"{&quot;sources&quot;:[{&quot;src&quot;:&quot;https:\\\/\\\/avoriginal.org\\\/2010\\\/2010-05-28-Por Ti Volare-web.mp4&quot;,&quot;type&quot;:&quot;video\\\/mp4&quot;}],&quot;id&quot;:&quot;106&quot;,&quot;fv_title&quot;:&quot;Por Ti Volar\\u00e9&quot;,&quot;splash&quot;:&quot;https:\\\/\\\/avoriginal.org\\\/dzx\\\/wp-content\\\/uploads\\\/2025\\\/04\\\/2010-05-28-Por-Ti-Volare-Intro.gif&quot;}\" class=\"flowplayer no-brand is-splash is-paused skin-slim no-svg fp-slim fp-edgy fixed-controls has-caption\" data-fv-embed=\"https:\/\/avoriginal.org\/dzx\/debbie-zapata\/2010-05-28-por-ti-volare\/fvp-105\/\" style=\"position:relative; max-width: 1200px; max-height: 700px; \" data-ratio=\"0.5833\">\n\t<div class=\"fp-ratio\" style=\"padding-top: 58.33%\"><\/div>\n\t<img decoding=\"async\" class=\"fp-splash\" alt=\"Por Ti Volar\u00e9\" src=\"https:\/\/avoriginal.org\/dzx\/wp-content\/uploads\/2025\/04\/2010-05-28-Por-Ti-Volare-Intro.gif\" style=\"position:absolute;top:0;width:100%\" \/>\n\t<div class=\"fp-ui\"><noscript>Please enable JavaScript<\/noscript><div class=\"fp-play fp-visible\"><svg class=\"fp-play-sharp-fill\" xmlns=\"http:\/\/www.w3.org\/2000\/svg\" viewBox=\"0 0 100 100\"><defs><style>.fp-color-play{opacity:0.65;}.controlbutton{fill:#fff;}<\/style><\/defs><title>play-sharp-fill<\/title><path class=\"fp-color-play\" d=\"M49.9217-.078a50,50,0,1,0,50,50A50.0564,50.0564,0,0,0,49.9217-.078Z\"\/><polygon class=\"controlbutton\" points=\"73.601 50 37.968 70.573 37.968 29.427 73.601 50\" filter=\"url(#f1)\"\/><\/svg><\/div><div class=\"fp-preload\"><b><\/b><b><\/b><b><\/b><b><\/b><\/div><\/div>\n<div class='fvp-share-bar'><ul class=\"fvp-sharing\">\r\n    <li><a class=\"sharing-facebook\" href=\"https:\/\/www.facebook.com\/sharer\/sharer.php?u=https%3A%2F%2Favoriginal.org%2Fdzx%2Fdebbie-zapata%2F2010-05-28-por-ti-volare%2F\" target=\"_blank\"><\/a><\/li>\r\n    <li><a class=\"sharing-twitter\" href=\"https:\/\/twitter.com\/intent\/tweet?text=Unlimited+Enthusiasm+&url=https%3A%2F%2Favoriginal.org%2Fdzx%2Fdebbie-zapata%2F2010-05-28-por-ti-volare%2F\" target=\"_blank\"><\/a><\/li>\r\n    <li><a class=\"sharing-email\" href=\"mailto:?body=Check%20out%20the%20amazing%20video%20here%3A%20https%3A%2F%2Favoriginal.org%2Fdzx%2Fdebbie-zapata%2F2010-05-28-por-ti-volare%2F\" target=\"_blank\"><\/a><\/li><\/ul><div><a class=\"sharing-link\" href=\"https:\/\/avoriginal.org\/dzx\/debbie-zapata\/2010-05-28-por-ti-volare\/\" target=\"_blank\">Link<\/a><\/div><div><label><a class=\"embed-code-toggle\" href=\"#\"><strong>Embed<\/strong><\/a><\/label><\/div><div class=\"embed-code\"><label>Copy and paste this HTML code into your webpage to embed.<\/label><textarea><\/textarea><\/div><\/div>\n<\/div>\n<p class='fp-caption'>Por Ti Volar\u00e9<\/p>\n<h1 style=\"text-align: center;\"><span style=\"color: #00ffff;\"><br \/>\nMi Fin De Trayecto Eres T\u00fa<br \/>\nPara Vivirlo Los Dos<br \/>\n<\/span><\/h1>\n<style id=\"sp_tab_dynamic_style5879\">#sp-tabpro-wrapper_5879.sp-tab__lay-default .sp-tab__tab-content {width: 100%;}#sp-tabpro-wrapper_5879 .animated {-webkit-animation-duration: 500ms;animation-duration: 500ms;}#sp-wp-tabs-wrapper_5879 .sp-tab__nav { justify-content: flex-start; }#sp-wp-tabs-wrapper_5879.sp-tab__lay-default.sp-tab__horizontal-bottom {display: flex;flex-direction: column-reverse;}#sp-wp-tabs-wrapper_5879.sp-tab__lay-default.sp-tab__horizontal-bottom > ul {border-top: 1px solid #cccccc;border-bottom: 0;margin-top: 0;}#sp-wp-tabs-wrapper_5879.sp-tab__lay-default.sp-tab__horizontal-bottom > ul > li .sp-tab__nav-link.sp-tab__active {border-color: transparent #cccccc#cccccc;margin-top: -1px;}#sp-wp-tabs-wrapper_5879.sp-tab__lay-default.sp-tab__horizontal-bottom > ul > li .sp-tab__nav-link,#sp-wp-tabs-wrapper_5879.sp-tab__lay-default.sp-tab__horizontal-bottom > ul > li a,#sp-wp-tabs-wrapper_5879.sp-tab__lay-default.sp-tab__horizontal-bottom > ul > .sp-tab__nav-item {border-top: 0;border-top-left-radius: 0;border-top-right-radius: 0;border-bottom-left-radius: 2px;border-bottom-right-radius: 2px;}#sp-wp-tabs-wrapper_5879.sp-tab__lay-default.sp-tab__horizontal-bottom > ul {border-bottom: none;}#sp-wp-tabs-wrapper_5879.sp-tab__lay-default.sp-tab__horizontal-bottom .sp-tab__tab-content .sp-tab__tab-pane {border-top: 1px solid #cccccc;border-bottom: 0;}#sp-wp-tabs-wrapper_5879.sp-tab__lay-default .sp-tab__tab-content .sp-tab-content > ul,#sp-wp-tabs-wrapper_5879.sp-tab__lay-default .sp-tab__tab-content .sp-tab-content > ol {border-bottom: none;}#sp-wp-tabs-wrapper_5879 .sp-tab__nav-tabs .sp-tab__nav-item.show .sp-tab__nav-link,#sp-wp-tabs-wrapper_5879.sp-tab__lay-default ul li .sp-tab__nav-link.sp-tab__active {border-color: #cccccc#cccccc transparent;}#sp-wp-tabs-wrapper_5879 > .sp-tab__nav-tabs .sp-tab__nav-link.sp-tab__active .sp-tab__tab_title,#sp-wp-tabs-wrapper_5879.sp-tab__lay-default .sp-tab__nav-link > .sp-tab__card-header {color: #00fcfc;}#sp-wp-tabs-wrapper_5879.sp-tab__lay-default > ul > li > .sp-tab__nav-link,#sp-wp-tabs-wrapper_5879.sp-tab__lay-default > ul > li > a {cursor: pointer;border-color: #cccccc;padding-top: 15px;padding-right: 15px;padding-bottom: 15px;padding-left: 15px;}#sp-wp-tabs-wrapper_5879 > .sp-tab__nav-tabs .sp-tab__nav-link {border: 1px solid #cccccc;height: 100%;}#sp-wp-tabs-wrapper_5879.sp-tab__lay-default > ul > li .sp-tab__nav-link,#sp-wp-tabs-wrapper_5879.sp-tab__lay-default > ul > li a,#sp-wp-tabs-wrapper_5879.sp-tab__lay-default > ul > .sp-tab__nav-item {border-top-left-radius: 2px;border-top-right-radius: 2px;}#sp-wp-tabs-wrapper_5879 .sp-tab__nav-tabs .sp-tab__nav-item {margin-bottom: -1px; }#sp-wp-tabs-wrapper_5879.sp-tab__lay-default > ul .sp-tab__nav-item {margin-right: 10px;}#sp-wp-tabs-wrapper_5879.sp-tab__lay-default.sp-tab__horizontal-bottom > ul .sp-tab__nav-item {margin-right: 10px;margin-top: 0;}#sp-wp-tabs-wrapper_5879.sp-tab__lay-default > ul .sp-tab__nav-item .sp-tab__nav-link:hover .sp-tab__tab_title,#sp-wp-tabs-wrapper_5879.sp-tab__lay-default > ul .sp-tab__nav-item a:hover .sp-tab__tab_title,#sp-wp-tabs-wrapper_5879.sp-tab__lay-default .sp-tab__nav-link.collapsed .sp-tab__card-header:hover {color: #eded02;transition: .3s;}#sp-wp-tabs-wrapper_5879.sp-tab__lay-default > ul .sp-tab__nav-item,#sp-wp-tabs-wrapper_5879.sp-tab__lay-default .sp-tab__nav-link.collapsed > .sp-tab__card-header {background-color: #1c06e2;transition: 0.3s;}#sp-wp-tabs-wrapper_5879 > .sp-tab__nav-tabs > .sp-tab__nav-item.show .sp-tab__nav-link,#sp-wp-tabs-wrapper_5879 > .sp-tab__nav-tabs > .sp-tab__nav-item .sp-tab__nav-link.sp-tab__active,#sp-wp-tabs-wrapper_5879.sp-tab__lay-default .sp-tab__nav-link > .sp-tab__card-header {background-color: #409b00;}#sp-tabs-wrapper_5879.sp-tab__lay-default > ul .sp-tab__nav-item .sp-tab__nav-link:not(.sp-tab__active):hover,#sp-tabs-wrapper_5879.sp-tab__lay-default .sp-tab__tab-content > .sp-tab__tab-pane .sp-tab__card-header:hover {background-color: #7100e2;}#sp-wp-tabs-wrapper_5879.sp-tab__lay-default > ul .sp-tab__nav-item:not(.sp-tab__active):hover,#sp-wp-tabs-wrapper_5879.sp-tab__lay-default .sp-tab__nav-link.collapsed > .sp-tab__card-header:hover {background-color: #7100e2;}#sp-wp-tabs-wrapper_5879.sp-tab__lay-default > ul .sp-tab__nav-item:last-child {margin-right: 0;}#sp-wp-tabs-wrapper_5879.sp-tab__lay-default > .sp-tab__tab-content .sp-tab__tab-pane {border: 1px solid #cccccc;padding-top: 20px;padding-right: 20px;padding-bottom: 20px;padding-left: 20px;background-color: #000000;}#sp-wp-tabs-wrapper_5879.sp-tab__lay-default > ul {border-bottom: 1px solid #cccccc;}#sp-wp-tabs-wrapper_5879.sp-tab__lay-default > .sp-tab__tab-content .sp-tab__tab-pane {border-top: 0px;}@media(max-width:480px) {#sp-wp-tabs-wrapper_5879.sp-tab__lay-default > ul li.sp-tab__nav-item {width: 100%;margin-right: 0px;}#sp-wp-tabs-wrapper_5879.sp-tab__lay-default > ul li.sp-tab__nav-item:last-child {margin-bottom: -1px;}}#sp-wp-tabs-wrapper_5879.sp-tab__lay-default > ul .sp-tab__nav-item .sp-tab__tab_title,#sp-wp-tabs-wrapper_5879.sp-tab__lay-default span > .sp-tab__card-header {font-weight: 600;font-style: normal;font-size: 16px;line-height: 22px;letter-spacing: 0px;color: #ffffff;margin: 0px;font-family: Open Sans;font-style: normal;font-weight: 600;}#sp-wp-tabs-wrapper_5879.sp-tab__lay-default > .sp-tab__tab-content .sp-tab__tab-pane,#sp-wp-tabs-wrapper_5879.sp-tab__lay-default > .sp-tab__tab-content .sp-tab__tab-pane p {font-weight: 400;font-style: normal;font-size: 16px;line-height: 24px;letter-spacing: 0px;color: #444;font-family: Open Sans;font-style: normal;font-weight: normal;}#sp-wp-tabs-wrapper_5879.sp-tab__lay-default > .sp-tab__tab-content .sp-tab__tab-pane ul li a, #sp-wp-tabs-wrapper_5879.sp-tab__lay-default .sp-tab__tab-content .sp-tab__tab-pane ol li a {color: #444;}<\/style>\t\t<div id=\"sp-wp-tabs-wrapper_5879\" class=\"sp-tab__lay-default\" data-preloader=\"1\" data-activemode=\"tabs-activator-event-click\" data-anchor_linking=\"1\">\n\t\t\t<div class=\"sp-tab__preloader\">\n\t\t<div class=\"sp-tab__spinner\">\n\t\t\t<div class=\"rect1\"><\/div>\n\t\t\t<div class=\"rect2\"><\/div>\n\t\t\t<div class=\"rect3\"><\/div>\n\t\t\t<div class=\"rect4\"><\/div>\n\t\t\t<div class=\"rect5\"><\/div>\n\t\t<\/div>\n\t<\/div>\n\t<ul class=\"sp-tab__nav sp-tab__nav-tabs\" id=\"sp-tab__ul\" role=\"tablist\">\n\t\t\t\t<li class=\"sp-tab__nav-item\" role=\"presentation\">\n\t\t\t\t<span class=\"sp-tab__nav-link sp-tab__active\" data-sptoggle=\"tab\" for=\"#tab-58791\" role=\"tab\" aria-controls=tab-58791 aria-selected=true tabindex=0>\n\t\t\t\t\t<span class=\"tab_title_area\"><H1 class=\"sp-tab__tab_title\">Cake Day 2022<\/H1><\/span>\n\t\t\t\t<\/span>\n\t\t\t<\/li>\n\t\t\t\t\t\t<li class=\"sp-tab__nav-item\" role=\"presentation\">\n\t\t\t\t<span class=\"sp-tab__nav-link\" data-sptoggle=\"tab\" for=\"#tab-58792\" role=\"tab\" aria-controls=tab-58792 aria-selected=true tabindex=0>\n\t\t\t\t\t<span class=\"tab_title_area\"><H1 class=\"sp-tab__tab_title\">Werita<\/H1><\/span>\n\t\t\t\t<\/span>\n\t\t\t<\/li>\n\t\t\t\t\t\t<li class=\"sp-tab__nav-item\" role=\"presentation\">\n\t\t\t\t<span class=\"sp-tab__nav-link\" data-sptoggle=\"tab\" for=\"#tab-58793\" role=\"tab\" aria-controls=tab-58793 aria-selected=true tabindex=0>\n\t\t\t\t\t<span class=\"tab_title_area\"><H1 class=\"sp-tab__tab_title\">Piloncillo<\/H1><\/span>\n\t\t\t\t<\/span>\n\t\t\t<\/li>\n\t\t\t\t\t\t<li class=\"sp-tab__nav-item\" role=\"presentation\">\n\t\t\t\t<span class=\"sp-tab__nav-link\" data-sptoggle=\"tab\" for=\"#tab-58794\" role=\"tab\" aria-controls=tab-58794 aria-selected=true tabindex=0>\n\t\t\t\t\t<span class=\"tab_title_area\"><H1 class=\"sp-tab__tab_title\">\"Por Ti Volar\u00e9\"<\/H1><\/span>\n\t\t\t\t<\/span>\n\t\t\t<\/li>\n\t\t\t<\/ul>\n<div class=\"sp-tab__tab-content\">\n\t\t\t\t<div id=\"tab-58791\" class=\"sp-tab__tab-pane sp-tab__show sp-tab__active\" role=\"tabpanel\">\n\t\t\t\t\t<div class=\"sp-tab-content animated fadeIn\"><h1 style=\"text-align: center\"><span style=\"color: #00ffff\">Cake Day 2022<\/span><\/h1>\n<h3 style=\"text-align: center\"><span style=\"color: #ff9900\">Valentine\u2019s Day 2010<\/span><\/h3>\n<p><img decoding=\"async\" src=\"https:\/\/avoriginal.org\/dzx\/wp-content\/uploads\/2021\/11\/Por-Ti-Volare_web.jpg\" \/><\/p>\n<\/div>\n\t\t\t\t<\/div>\n\t\t\t\t\t\t\t\t<div id=\"tab-58792\" class=\"sp-tab__tab-pane \" role=\"tabpanel\">\n\t\t\t\t\t<div class=\"sp-tab-content animated fadeIn\"><p style=\"font-size: 15pt;text-align: left\"><span style=\"color: #00ff00\"><br \/>\nValentine\u2019s Day 2010. The day Marco had to leave. The day my lovely new world seemed to stop turning. <\/span><\/p>\n<p style=\"font-size: 15pt;text-align: left\"><span style=\"color: #00ff00\"><br \/>\nWe spent 50 years searching for each other and now we would have to be apart until mid-June when I could join him in our next home.<\/span><\/p>\n<p style=\"font-size: 15pt;text-align: left\"><span style=\"color: #00ff00\"><br \/>\nOnly four months? It felt like a lifetime\u2026.an eternity. The hardest thing I have ever done was walk away from that bus station all alone.<\/span><\/p>\n<p style=\"font-size: 15pt;text-align: left\"><span style=\"color: #00ff00\"><br \/>\nI cried rivers of tears. I knew that Marco was with me, part of me, but he himself was not there. He had given me energy; I gave him tranquility. But the first days apart all I felt was that he was gone from my side and I was alone with a broken heart.<\/span><\/p>\n<p style=\"font-size: 15pt;text-align: left\"><span style=\"color: #00ff00\"><br \/>\nThen he made this video. And I learned to fly.<\/span><\/p>\n<\/div>\n\t\t\t\t<\/div>\n\t\t\t\t\t\t\t\t<div id=\"tab-58793\" class=\"sp-tab__tab-pane \" role=\"tabpanel\">\n\t\t\t\t\t<div class=\"sp-tab-content animated fadeIn\"><p style=\"font-size: 15pt;text-align: left\"><span style=\"color: #00ff00\"><br \/>\nLife is unpredictable but in our first separation, the physical distance forced upon us will not be allowed to destroy the sweet love that in such a short time helped us to create our magic world.<\/span><\/p>\n<p style=\"font-size: 15pt;text-align: left\"><span style=\"color: #00ff00\"><br \/>\nJoined by our thoughts, our feelings and in company with the stars and the moon, we have a link that helps us fly and come together in a part of the Universe. <\/span><\/p>\n<p style=\"font-size: 15pt;text-align: left\"><span style=\"color: #00ff00\"><br \/>\nThis helps strengthen us to wait patiently for our desired re-encounter that seems so near yet so far away.<\/span><\/p>\n<p style=\"font-size: 15pt;text-align: left\"><span style=\"color: #00ff00\"><br \/>\nMountains, deserts, seas: no obstacle will prevent our love from maturing. <\/span><\/p>\n<p style=\"font-size: 15pt;text-align: left\"><span style=\"color: #00ff00\"><br \/>\nOptimism and confidence prevail in our hearts. <\/span><\/p>\n<p style=\"font-size: 15pt;text-align: left\"><span style=\"color: #00ff00\"><br \/>\nWe know that our dreams soon will be reality.<\/span><\/p>\n<\/div>\n\t\t\t\t<\/div>\n\t\t\t\t\t\t\t\t<div id=\"tab-58794\" class=\"sp-tab__tab-pane \" role=\"tabpanel\">\n\t\t\t\t\t<div class=\"sp-tab-content animated fadeIn\"><h1 style=\"text-align: center\"><span style=\"color: #00ffff\"><a>\"Por Ti Volar\u00e9\"<\/a><\/span><\/h1>\n<p style=\"text-align: center;font-size: 15pt;color: ##23fa01\"><span style=\"color: #ffc300\"><br \/>\nBy Andrea Bocelli<\/span><\/p>\n<p style=\"text-align: center;font-size: 15pt;color: ##23fa01\"><span style=\"color: #ffc300\"><br \/>\n<span style=\"color: #00ffff\">Year Released 1996<\/span><\/span><\/p>\n<p style=\"text-align: center;font-size: 15pt;color: ##23fa01\"><span style=\"color: #ffc300\"><br \/>\n<span style=\"color: #ffff00\">Album Romanza<\/span><\/span><\/p>\n<p style=\"text-align: center;font-size: 15pt;color: ##23fa01\"><span style=\"color: #00ff00\"><br \/>\nCuando vivo solo<br \/>\nSue\u00f1o un horizonte<br \/>\nFalto de palabras.<\/span><\/p>\n<p style=\"text-align: center;font-size: 15pt;color: ##23fa01\"><span style=\"color: #00ff00\"><br \/>\nEn la sombra y entre luces<br \/>\nTodo es negro para mi mirada<br \/>\nSi tu no est\u00e1s junto a m\u00ed...aqu\u00ed. <\/span><\/p>\n<p style=\"text-align: center;font-size: 15pt;color: ##23fa01\"><span style=\"color: #00ff00\"><br \/>\nT\u00fa<br \/>\nEn tu mundo<br \/>\nSeparado del mio por un abismo.<\/span><\/p>\n<p style=\"text-align: center;font-size: 15pt;color: ##23fa01\"><span style=\"color: #00ff00\"><br \/>\nOye<br \/>\nLlamame<br \/>\nYo volar\u00e9<br \/>\nA tu mundo lejano. <\/span><\/p>\n<p style=\"text-align: center;font-size: 15pt;color: ##23fa01\"><span style=\"color: #00ff00\"><br \/>\nPor ti volar\u00e9<br \/>\nEspera que llegar\u00e9<br \/>\nMi fin de trayecto eres t\u00fa<br \/>\nPara vivirlo los dos<\/span><\/p>\n<p style=\"text-align: center;font-size: 15pt;color: ##23fa01\"><span style=\"color: #00ff00\"><br \/>\nPor ti volar\u00e9<br \/>\nPor cielos y mares<br \/>\nHasta tu amor.<\/span><\/p>\n<p style=\"text-align: center;font-size: 15pt;color: ##23fa01\"><span style=\"color: #00ff00\"><br \/>\nAbriendo los ojos por fin<br \/>\nContigo vivir\u00e9.<br \/>\nCuando est\u00e1s lejana<br \/>\nSue\u00f1o un horizonte<br \/>\nFalto de palabras.<\/span><\/p>\n<p style=\"text-align: center;font-size: 15pt;color: ##23fa01\"><span style=\"color: #00ff00\"><br \/>\nY yo s\u00e9 que simpre est\u00e1s ah\u00ed, ah\u00ed,<br \/>\nUna luna hecha para m\u00ed,<br \/>\nSiempre iluminada para m\u00ed,<br \/>\nPor m\u00ed, por m\u00ed, por m\u00ed. <\/span><\/p>\n<p style=\"text-align: center;font-size: 15pt;color: ##23fa01\"><span style=\"color: #00ff00\"><br \/>\nPor ti volar\u00e9<br \/>\nEspera que llegar\u00e9<br \/>\nMi fin de trayecto eres t\u00fa<br \/>\nContigo yo vivir\u00e9<br \/>\nPor ti volar\u00e9<br \/>\nPor cielos y mares<br \/>\nHasta tu amor.<\/span><\/p>\n<p style=\"text-align: center;font-size: 15pt;color: ##23fa01\"><span style=\"color: #00ff00\"><br \/>\nAbriendo los ojos por fin<br \/>\nContigo yo vivir\u00e9.<br \/>\nPor ti volar\u00e9<br \/>\nPor cielos y mares<br \/>\nHasta tu amor.<\/span><\/p>\n<p style=\"text-align: center;font-size: 15pt;color: ##23fa01\"><span style=\"color: #00ff00\"><br \/>\nAbriendo los ojos por fin<br \/>\nContigo yo vivir\u00e9.<br \/>\nPor ti volar\u00e9... <\/span><\/p>\n<\/div>\n\t\t\t\t<\/div>\n\t\t\t\t<\/div>\n\t\t<\/div>\n\t\t\n<h1 style=\"text-align: center;\"><span style=\"color: #00ffff;\"><br \/>\nI Learned To Fly<br \/>\n<\/span><\/h1>\n<p>[pgc_simply_gallery id=&#8221;9181&#8243;]<\/p>\n","protected":false},"excerpt":{"rendered":"<p>Por Ti Volar\u00e9 Por Cielos Y Mares Hasta Tu Amor Mi Fin De Trayecto Eres T\u00fa Para Vivirlo Los Dos I Learned To Fly [pgc_simply_galleryTour Details<\/p>\n","protected":false},"author":1,"featured_media":9180,"parent":64,"menu_order":2,"comment_status":"open","ping_status":"closed","template":"","meta":{"footnotes":"","_links_to":"","_links_to_target":""},"categories":[60],"tags":[],"class_list":["post-423","page","type-page","status-publish","has-post-thumbnail","hentry","category-oath-of-love"],"_links":{"self":[{"href":"https:\/\/avoriginal.org\/dzx\/wp-json\/wp\/v2\/pages\/423","targetHints":{"allow":["GET"]}}],"collection":[{"href":"https:\/\/avoriginal.org\/dzx\/wp-json\/wp\/v2\/pages"}],"about":[{"href":"https:\/\/avoriginal.org\/dzx\/wp-json\/wp\/v2\/types\/page"}],"author":[{"embeddable":true,"href":"https:\/\/avoriginal.org\/dzx\/wp-json\/wp\/v2\/users\/1"}],"replies":[{"embeddable":true,"href":"https:\/\/avoriginal.org\/dzx\/wp-json\/wp\/v2\/comments?post=423"}],"version-history":[{"count":5,"href":"https:\/\/avoriginal.org\/dzx\/wp-json\/wp\/v2\/pages\/423\/revisions"}],"predecessor-version":[{"id":9185,"href":"https:\/\/avoriginal.org\/dzx\/wp-json\/wp\/v2\/pages\/423\/revisions\/9185"}],"up":[{"embeddable":true,"href":"https:\/\/avoriginal.org\/dzx\/wp-json\/wp\/v2\/pages\/64"}],"wp:featuredmedia":[{"embeddable":true,"href":"https:\/\/avoriginal.org\/dzx\/wp-json\/wp\/v2\/media\/9180"}],"wp:attachment":[{"href":"https:\/\/avoriginal.org\/dzx\/wp-json\/wp\/v2\/media?parent=423"}],"wp:term":[{"taxonomy":"category","embeddable":true,"href":"https:\/\/avoriginal.org\/dzx\/wp-json\/wp\/v2\/categories?post=423"},{"taxonomy":"post_tag","embeddable":true,"href":"https:\/\/avoriginal.org\/dzx\/wp-json\/wp\/v2\/tags?post=423"}],"curies":[{"name":"wp","href":"https:\/\/api.w.org\/{rel}","templated":true}]}}