{"id":5152,"date":"2021-10-17T22:14:06","date_gmt":"2021-10-18T03:14:06","guid":{"rendered":"https:\/\/www.audiovideo2k.com\/Debbie_Zapata\/?page_id=5152"},"modified":"2025-08-31T18:00:26","modified_gmt":"2025-08-31T23:00:26","slug":"2019-al-di-la-mas-alla-11th-anniversary-1st","status":"publish","type":"page","link":"https:\/\/avoriginal.org\/dzx\/2019-al-di-la-mas-alla-11th-anniversary-1st\/","title":{"rendered":"2019 Al Di L\u00e0 (M\u00e1s All\u00e1) 11th. Anniversary 1st"},"content":{"rendered":"<p>[videojs ogg=&#8221;http:\/\/www.audiovideo2k.com\/__2019\/10\/2019-10-30-11th-v3768-web.mp4&#8243; poster=&#8221;https:\/\/www.audiovideo2k.com\/wiki\/wp-content\/uploads\/2019\/12\/2019-Holiday-Cards-100_0698_Web.png&#8221; width=&#8221;1200&#8243; height=&#8221;608&#8243; <span style=\"font-weight: 400;\">preload=&#8221;auto&#8221; autoplay=&#8221;true&#8221; <\/span>]<\/p>\n<h2 style=\"text-align: center;\"><span style=\"color: #23fa01;\"><br \/>\nNJOY AZ with &#8220;La Werita&#8221; &#038; &#8220;Piloncillo&#8221;<br \/>\n<\/span><\/h2>\n<p><em><\/p>\n<p style=\"padding-center:; font-size: 14pt; color: #ffc300;\">\nWe Enjoy From Dawn To Dusk The Rainbow Of Landscapes,<br \/>\nFrom The Cold Of The Snow To Extreme Arid Weather,<br \/>\nPlants, Animals, And Insects.\n<\/p>\n<p><\/em><\/p>\n<p>[aesop_gallery id=&#8221;2735&#8243;]<\/p>\n<h2 style=\"text-align: center;\"><span style=\"color: #23fa01;\"><br \/>\nOur First Symbols<br \/>\n<\/span><\/h2>\n<p><em><\/p>\n<p style=\"padding-center:; font-size: 14pt; color: #ffc300;\">\nOur Spiritual Connection And Love<br \/>\nHave Always Been Respected And Represented<br \/>\nBy Symbols Such As Pets, Crafts, Food And More.\n<\/p>\n<p><\/em><\/p>\n<p>[aesop_gallery id=&#8221;2737&#8243;]<\/p>\n<h2 style=\"text-align: center;\"><span style=\"color: #23fa01;\"><br \/>\nStreet Xpeditions<br \/>\n<\/span><\/h2>\n<p><em><\/p>\n<p style=\"padding-center:; font-size: 14pt; color: #ffc300;\">\nThe Xpeditions Through The Streets Of The City<br \/>\nAlso Create In The Imagination Fantasies<br \/>\nLinked By The Spirit Of Architecture,<br \/>\nUnusual Designs And Impressions<br \/>\nThat Impact Our Spirit.\n<\/p>\n<p><\/em><\/p>\n<p>[aesop_gallery id=&#8221;3011&#8243;]<\/p>\n<h2 style=\"text-align: center;\"><span style=\"color: #23fa01;\"><br \/>\nSport Memories &#038; Mix Of 2 Cultures<br \/>\n<\/span><\/h2>\n<p><em><\/p>\n<p style=\"padding-center:; font-size: 14pt; color: #ffc300;\">\nOvercome Our Own Physical Limits And<br \/>\nPlease Personal Challenges,<br \/>\nWith Sporting Events<br \/>\nWhere There Are Enthusiastic People,<br \/>\nSharing Unique Scenarios That Nature Offers Us<br \/>\nAnd Without More Than The Reward Of Our Health.\n<\/p>\n<p><\/em><\/p>\n<p><em><\/p>\n<p style=\"padding-center:; font-size: 14pt; color: #ffc300;\">\nShare The Wealth Of Knowledge,<br \/>\nAdvances, Ingenuity And Art<br \/>\nBetween 2 Cultures.<br \/>\nTo Absorb Different Points Of View,<br \/>\nAttitudes, Activities<br \/>\nBut Always With An Open Mind.\n<\/p>\n<p><\/em><\/p>\n<p><em><\/p>\n<p style=\"padding-center:; font-size: 14pt; color: #ffc300;\">\nThe Collaboration In Time, Physical And Intellectual Effort.<br \/>\nTo Gather A Work Team With The Only Purpose<br \/>\nOf Supporting Noble Causes And Leaving Aside Selfishness.\n<\/p>\n<p><\/em><\/p>\n<p>[aesop_gallery id=&#8221;3013&#8243;]<\/p>\n<h2 style=\"text-align: center;\"><span style=\"color: #23fa01;\"><br \/>\nJourney To \u201cEl Mundo Desconocido\u201d<br \/>\n<\/span><\/h2>\n<p style=\"padding-center:; font-size: 14pt; color: #ffc300;\">\nThe Universe Offers Us A Great Adventure<br \/>\nTo An &#8220;Unknown World&#8221; Like A Princess And A Warrior,<br \/>\nRich In New Experiences To Create A Magical World<br \/>\nWithout Disconnecting From Each Other.<br \/>\nThe Common Goal Is The Strengthening Of Our Love<br \/>\nIn The Small And Warm &#8220;Nidito De Amor&#8221;.\n<\/p>\n<p><\/em><\/p>\n<p>[aesop_gallery id=&#8221;3015&#8243;]<\/p>\n<h2 style=\"text-align: center;\"><span style=\"color: #23fa01;\"><br \/>\nDebbie Bienvenida a M\u00e9xico (Re Encuentro)<br \/>\n<\/span><\/h2>\n<p><em><\/p>\n<p style=\"padding-center:; font-size: 14pt; color: #ffc300;\">\nNature And Its Gods Are Part Of Our New Symbology,<br \/>\nA Simple Lifestyle, 100% Organic Food That Is Provided<br \/>\nBy Our &#8220;Mother Earth&#8221;, And Cleaning Our Corner Of &#8220;Bad Vibes.&#8221;\n<\/p>\n<p><\/em><\/p>\n<p>[aesop_gallery id=&#8221;3017&#8243;]<\/p>\n<h2 style=\"text-align: center;\"><span style=\"color: #23fa01;\"><br \/>\nXpeditions en Tlaxcala<br \/>\n<\/span><\/h2>\n<p><em><\/p>\n<p style=\"padding-center:; font-size: 14pt; color: #ffc300;\">\nPilgrimages Are Long To Lush And Distant Places,<br \/>\nRich In Flora, Mountains, Fauna, Rivers, And Colors.<br \/>\nMost of the Local People Do Not Enjoy And<br \/>\nIn Some Cases Are Destroyed By &#8220;Criminal Minds\u201d.<\/p>\n<p style=\"padding-center:; font-size: 14pt; color: #ffc300;\">In The City We Enjoy Seductive Corners<br \/>\nSuch As Alleys, Squares, Museums,<br \/>\nand Traditional Events.\n<\/p>\n<p><\/em><\/p>\n<p>[aesop_gallery id=&#8221;3019&#8243;]<\/p>\n<h2 style=\"text-align: center;\"><span style=\"color: #23fa01;\"><br \/>\nMagical World<br \/>\n<\/span><\/h2>\n<p><em><\/p>\n<p style=\"padding-center:; font-size: 14pt; color: #ffc300;\">\nThe Photographic Hunting Of Nature Within The &#8220;Jardin De La Werita&#8221;,<br \/>\nOffers Us A Fascinating World For The Recreation Of Our Senses.<br \/>\nWe Have The Opportunity To Plant A Seed, Feed It, Watch It Grow,<br \/>\nAnd Finally Offer Us A Delicacy To Taste It With Enthusiasm.\n<\/p>\n<p><\/em><\/p>\n<p>[aesop_gallery id=&#8221;3049&#8243;]<\/p>\n<h2 style=\"text-align: center;\"><span style=\"color: #23fa01;\"><br \/>\nSigue a Fidel<br \/>\n<\/span><\/h2>\n<p><em><\/p>\n<p style=\"padding-center:; font-size: 14pt; color: #ffc300;\">\nAcquiring Health Through Sport Is Essential. Fidel&#8217;s Mission Is To Guide The Care Of \u201cNuestro Templo\u201d,<br \/>\nMind And Spirit In An Unshakable Way. It Helps To Discipline, Respect, And Educate Our Body.<br \/>\nFinally, It Is A Peaceful Way To Protest Social Demands In Unorthodox Places For Mexico,<br \/>\nSuch As Forests, Between Farm Fields, Along Rivers, Or Recondite Places.\n<\/p>\n<p><\/em><\/p>\n<p>[aesop_gallery id=&#8221;3079&#8243;]<\/p>\n<h2 style=\"text-align: center;\"><span style=\"color: #23fa01;\"><br \/>\nBlue House<br \/>\n<\/span><\/h2>\n<p><em><\/p>\n<p style=\"padding-center:; font-size: 14pt; color: #ffc300;\">\n&#8220;Nuestra Casa Es Su Casa&#8221;, &#8220;Pase Usted&#8221;, &#8220;Le Ofrezco Un Vaso De Agua&#8221;,<br \/>\n&#8220;\u00bfEn Qu\u00e9 Le Sirvo?&#8221;, &#8220;Pase A Echarse Un Taco&#8221;, Are Phrases Of Our Grandparents<br \/>\nThat Have Been Lost In Time Which Are Based On A Very Deep Philosophy Of Respect,<br \/>\nStrengthen Family Principles, And Achieve Harmonious Coexistence.\n<\/p>\n<p><\/em><\/p>\n<p>[aesop_gallery id=&#8221;3104&#8243;]<\/p>\n<h2 style=\"text-align: center;\"><span style=\"color: #23fa01;\"><br \/>\nVida Salvaje<br \/>\n<\/span><\/h2>\n<p><em><\/p>\n<p style=\"padding-center:; font-size: 14pt; color: #ffc300;\">\nTo Exalt The Admiration For The Fauna That Surrounds Us Is Essential<br \/>\nFor The Preservation Of The Ecosystem In Any Part Of &#8220;Our Mother Earth&#8221;,<br \/>\nIt Is Our Main Duty And We Acquire It From Mud, Wood, Stone Or<br \/>\nSome Other Material To Living Beings.\n<\/p>\n<p><\/em><\/p>\n<p>[aesop_gallery id=&#8221;3096&#8243;]<\/p>\n<h2 style=\"text-align: center;\"><span style=\"color: #23fa01;\"><br \/>\nVirtual Date<br \/>\n<\/span><\/h2>\n<h3 style=\"text-align: center;\"><span style=\"color: #03fca9;\"><br \/>\nOur Anniversary Date In Words<br \/>\nBy La Werita Frankenstein<br \/>\n<\/span><\/h3>\n<p><em><\/p>\n<p style=\"padding-center:; font-size: 14pt; color: #ffc300;\">\nI&#8217;m sorry you will be angry but I didn&#8217;t take the camera. But I was there! I confess I was late, though. I did not leave until 10 and was not walking very good. My left ankle was hurting on the way and I felt like Frankenstein, and the wind was blowing.. Probably if it had been any other day I would not have gone out at all. but I was determined to go to El Rinconcito no matter what!\n<\/p>\n<p><\/em><\/p>\n<p><em><\/p>\n<p style=\"padding-center:; font-size: 14pt; color: #ffc300;\">\nI could not go as fast as usual. It was 1110 when I got the little clinic that is by Church&#8217;s chicken. I went first to DD&#8217;s and got your veggie peeler. It was marked 2.99 but actual price was 1.00. I was surprised.\n<\/p>\n<p style=\"padding-center:; font-size: 14pt; color: #ffc300;\">\nWent into WalMart and discovered that there are no longer any benches in the back part of the store. The only ones are in the pharmacy area and after that on the wrong side of the checkout area.\n<\/p>\n<p><\/em><\/p>\n<p><em><\/p>\n<p style=\"padding-center:; font-size: 14pt; color: #ffc300;\">\nThen I followed third street and found out what they are doing. Something about cleaning a &#8220;manufactured gas plant.&#8221; Was there ever anything like that in that area? I&#8217;ve never seen anything except scrub brush and empty space there.\n<\/p>\n<p><\/em><\/p>\n<p><em><\/p>\n<p style=\"padding-center:; font-size: 14pt; color: #ffc300;\">\nCrossed and got the red light for revisar. The xray was not working today. They sure have had trouble with it. When I came through the turnstile and crossed the street there where the buses go, I saw a puesto de chiltipines, NUEVO DE LA SIERRA. I didn&#8217;t want to ask and couldn&#8217;t see the sign very good, but it did list two sizes. Next time I go I will look more carefully.\n<\/p>\n<p><\/em><\/p>\n<p><em><\/p>\n<p style=\"padding-center:; font-size: 14pt; color: #ffc300;\">\nWent to OXXO and got some Emperador cookies, two de nuez and two de chocolate. Went on down PanAm and crossed at what turned out to be the right street, I could see El Rinconcito a block away. I am used to coming at it from the other side so I wasn&#8217;t sure just where to plan on crossing. But I was not lost! jejeje\n<\/p>\n<p><\/em><\/p>\n<p><em><\/p>\n<p style=\"padding-center:; font-size: 14pt; color: #ffc300;\">\nThere is a big jewelry store right on the corner of PanAm and whatever street that is, and I got the brilliant idea to go in and ask about watch batteries. They said they do replace them so I will go there maybe next week.\n<\/p>\n<p><\/em><\/p>\n<p><em><\/p>\n<p style=\"padding-center:; font-size: 14pt; color: #ffc300;\">\nI got to El Rinconcito right around noon, only an hour late, I&#8217;m sorry. But I was there!! But I also had decided not to eat there. I was moving so stiffly even after the walking that I figured I would get too stiff if I sat there and ate. So I asked for a Oaxaque\u00f1a (is that how you spell that? doesn&#8217;t look right) and a Hawaiiana to go. They were ready right away so I went up to the garita and made a new discovery.\n<\/p>\n<p><\/em><\/p>\n<p><em><\/p>\n<p style=\"padding-center:; font-size: 14pt; color: #ffc300;\">\nThe crosswalk where we usually go across is no longer there, there is a chain link fence along the sidewalk and I couldn&#8217;t see how to get in to where I needed to go. I called to the guys who pre-check people to make sure they have documents and they said I had to go back down the street to the end of the fence. I said okay, so followed the fence back almost to the next block. I asked a vendor that was there how long the fence had been there and he said since last week. Finally got up to where you dropped me off when I crossed over last year and then after lots of twisty turns getting to the turnstile (they have those belt barriers up like in a bank) I got into the actual building.\n<\/p>\n<p><\/em><\/p>\n<p><em><\/p>\n<p style=\"padding-center:; font-size: 14pt; color: #ffc300;\">\nI&#8217;ve never seen an Asian-American customs guy, but the man who waved me over to him could have stepped right out of the Chinese military parade. He asked what I was bringing from Mexico and I said tortas. He said, oh, that&#8217;s good. And then I found a taxi and came home.\n<\/p>\n<p><\/em><\/p>\n<p><em><\/p>\n<p style=\"padding-center:; font-size: 14pt; color: #ffc300;\">\nSo now you have an advance notice of what went on on this end of our date, and I am going to go get one of my tortas and eat it before the phone call The other will be for tomorrow.\n<\/p>\n<p><\/em><\/p>\n<p><em><\/p>\n<p style=\"padding-center:; font-size: 14pt; color: #ffc300;\">\nThank you so much for all the songs, and the cards, and the pictures. And thank you for our eleventh anniversary date!!\n<\/p>\n<p><\/em><\/p>\n<p><em><\/p>\n<p style=\"padding-center:; font-size: 14pt; color: #ffc300;\">\nI love you!!\n<\/p>\n<p><\/em><\/p>\n<p><em><\/p>\n<p style=\"padding-center:; font-size: 14pt; color: #ffc300;\">\nBesos besos!!\n<\/p>\n<p><\/em><\/p>\n<h3 style=\"text-align: center;\"><span style=\"color: #03fca9;\"><br \/>\nTortas &#8220;Tony&#8217;s&#8221; in Images<br \/>\nBy Piloncillo<br \/>\n<\/span><\/h3>\n<p><em><\/p>\n<p style=\"padding-center:; font-size: 14pt; color: #ffc300;\">\nThis is Our Tour<br \/>\n(You were in My Mind) and I was Walking.<br \/>\n1.- Los Pinos a Soriana<br \/>\n2.- A Cablecom<br \/>\n3.- Coppel<br \/>\n4.- Shoes Store<br \/>\n5.- Tortas Tony&#8217;s\n<\/p>\n<p><\/em><\/p>\n<h4 style=\"text-align: center;\"><span style=\"color: #03fca9;\"><br \/>\nEnjoy Una Torta &#8220;Cubana&#8221; de &#8220;Tony&#8217;s&#8221;<br \/>\ncon Agua de Pi\u00f1a<br \/>\n<\/span><\/h4>\n<p>[videojs ogg=&#8221;http:\/\/www.audiovideo2k.com\/__2019\/10\/2019-10-30-Tortas \u201cTony\u2019s\u201d.mp4&#8243; poster=&#8221;https:\/\/www.audiovideo2k.com\/Sponsors\/wp-content\/uploads\/2019\/11\/2019-10-30-Zapata-Team-Date-PA300337_Web.png&#8221; width=&#8221;1200&#8243; height=&#8221;608&#8243; <span style=\"font-weight: 400;\">preload=&#8221;auto&#8221; autoplay=&#8221;false&#8221; <\/span>]<\/p>\n<p>[aesop_gallery id=&#8221;3218&#8243;]<\/p>\n<h2 style=\"text-align: center;\"><span style=\"color: #03fca9;\"><br \/>\nSerenata para una Werita Bonita<br \/>\n<\/span><\/h2>\n<p><em><\/p>\n<p style=\"padding-center:; font-size: 14pt; color: #ffc300;\">\nWerita<br \/>\nTe Dedico Estas cancionnes<br \/>\nSin Llorar &#8230;&#8230;please<br \/>\nFalta&#8230;&#8230;Un Poquito&#8230;11 Numero Magico<br \/>\nPiloncillo Enamorado&#8230;.<br \/>\nStart practicing dancing, Quizas, Quizas,<br \/>\nBecause when I Fall in Love &#8230; .Me Enamoro!<br \/>\nTu Eres Mi Tesoro&#8230;<br \/>\nYou Wanna Be My Lover?&#8230;..La da da dee da da da da<\/p>\n<p>Thanks a Lot for YOUR LOVE WERITA.\n<\/p>\n<p><\/em><\/p>\n\n<h2 style=\"text-align: center;\"><span style=\"color: #03fca9;\"><br \/>\nAnd Finally Una Noche Disco&#8230;<br \/>\n<\/span><\/h2>\n\n<h2 style=\"text-align: center;\"><span style=\"color: #03fca9;\"><br \/>\n11th Anniversary-Rabbit,Rabbit Xtra Celebration<br \/>\n<\/span><\/h2>\n<p>[videojs ogg=&#8221;http:\/\/www.audiovideo2k.com\/__2019\/10\/2019-10-30-11th Anniversary-Rabbit,Rabbit-Web.mp4&#8243; poster=&#8221;https:\/\/www.audiovideo2k.com\/Sponsors\/wp-content\/uploads\/2019\/11\/11th-Anniversary-RabbitRabbit-3-Web.png&#8221; width=&#8221;1200&#8243; height=&#8221;608&#8243; <span style=\"font-weight: 400;\">preload=&#8221;auto&#8221; autoplay=&#8221;false&#8221; <\/span>]<\/p>\n<h2 style=\"text-align: center;\"><span style=\"color: #87f907;\"><br \/>\nPlaylist<br \/>\n<\/span><\/h2>\n<div class=\"wp-playlist wp-audio-playlist wp-playlist-light\">\n\t\t\t<div class=\"wp-playlist-current-item\"><\/div>\n\t\t<audio controls=\"controls\" preload=\"none\" width=\"503\"\n\t\t\t><\/audio>\n\t<div class=\"wp-playlist-next\"><\/div>\n\t<div class=\"wp-playlist-prev\"><\/div>\n\t<noscript>\n\t<ol>\n\t\t<li><a href='https:\/\/avoriginal.org\/dzx\/wp-content\/uploads\/2019\/09\/Franck-Pourcel-Daydream-Ensue\u00f1o-Al-Di-L\u00e0-M\u00e1s-All\u00e1-11th.-Anniversary.mp3'>Daydream (Ensue\u00f1o)<\/a><\/li><li><a href='https:\/\/avoriginal.org\/dzx\/wp-content\/uploads\/2019\/09\/Johnny-Mathis-Begin-The-Beguine-Special-12-Disco-Version-1979-Lyrics.mp3'>Begin The Beguine ( Special 12'' Disco Version 1979)<\/a><\/li><li><a href='https:\/\/avoriginal.org\/dzx\/wp-content\/uploads\/2019\/09\/Emilio-Pericoli-Al-Di-L\u00e0.mp3'>Al Di L\u00e0<\/a><\/li><li><a href='https:\/\/avoriginal.org\/dzx\/wp-content\/uploads\/2019\/10\/Franck-Pourcel-The-Impossible-Dream-Al-Di-L\u00e0-M\u00e1s-All\u00e1-11th.-Anniversary.mp3'>The Impossible Dream<\/a><\/li><li><a href='https:\/\/avoriginal.org\/dzx\/wp-content\/uploads\/2019\/10\/Jos\u00e9-Jos\u00e9-Lo-Pasado-Pasado.mp3'>Lo Pasado Pasado<\/a><\/li><li><a href='https:\/\/avoriginal.org\/dzx\/wp-content\/uploads\/2019\/09\/Gianni-Marchetti-LIncontro.mp3'>L'Incontro<\/a><\/li><li><a href='https:\/\/avoriginal.org\/dzx\/wp-content\/uploads\/2019\/09\/M\u00e1s-all\u00e1-Lucho-Gatica-.mp3'>Mas All\u00e1 (Al Di L\u00e0, Espa\u00f1ol)<\/a><\/li>\t<\/ol>\n\t<\/noscript>\n\t<script type=\"application\/json\" class=\"wp-playlist-script\">{\"type\":\"audio\",\"tracklist\":true,\"tracknumbers\":true,\"images\":true,\"artists\":true,\"tracks\":[{\"src\":\"https:\/\/avoriginal.org\/dzx\/wp-content\/uploads\/2019\/09\/Franck-Pourcel-Daydream-Ensue\\u00f1o-Al-Di-L\\u00e0-M\\u00e1s-All\\u00e1-11th.-Anniversary.mp3\",\"type\":\"audio\/mpeg\",\"title\":\"Daydream (Ensue\\u00f1o)\",\"caption\":\"\",\"description\":\"\\\"Daydream (Ensue\\u00f1o)\\\" from Al Di L\\u00e0 (M\\u00e1s All\\u00e1) 11th. Anniversary by Franck Pourcel. Released: 2019. Genre: AGP Inspirational.\",\"meta\":{\"artist\":\"Franck Pourcel\",\"album\":\"Al Di L\\u00e0 (M\\u00e1s All\\u00e1) 11th. Anniversary\",\"genre\":\"AGP Inspirational\",\"year\":\"2019\",\"length_formatted\":\"3:18\"},\"image\":{\"src\":\"https:\/\/avoriginal.org\/dzx\/wp-content\/uploads\/2019\/09\/Daydream.jpg\",\"width\":300,\"height\":298},\"thumb\":{\"src\":\"https:\/\/avoriginal.org\/dzx\/wp-content\/uploads\/2019\/09\/Daydream-150x150.jpg\",\"width\":150,\"height\":150}},{\"src\":\"https:\/\/avoriginal.org\/dzx\/wp-content\/uploads\/2019\/09\/Johnny-Mathis-Begin-The-Beguine-Special-12-Disco-Version-1979-Lyrics.mp3\",\"type\":\"audio\/mpeg\",\"title\":\"Begin The Beguine ( Special 12'' Disco Version 1979)\",\"caption\":\"\",\"description\":\"\\\"Begin The Beguine ( Special 12'' Disco Version 1979)\\\" by Johnny Mathis.\",\"meta\":{\"artist\":\"Johnny Mathis\",\"length_formatted\":\"8:31\"},\"image\":{\"src\":\"https:\/\/avoriginal.org\/dzx\/wp-content\/uploads\/2019\/09\/Johnny-Mathis-Begin-The-Beguine-Special-12-Disco-Version-1979-Lyrics-mp3-image.jpg\",\"width\":480,\"height\":360},\"thumb\":{\"src\":\"https:\/\/avoriginal.org\/dzx\/wp-content\/uploads\/2019\/09\/Johnny-Mathis-Begin-The-Beguine-Special-12-Disco-Version-1979-Lyrics-mp3-image-150x150.jpg\",\"width\":150,\"height\":150}},{\"src\":\"https:\/\/avoriginal.org\/dzx\/wp-content\/uploads\/2019\/09\/Emilio-Pericoli-Al-Di-L\\u00e0.mp3\",\"type\":\"audio\/mpeg\",\"title\":\"Al Di L\\u00e0\",\"caption\":\"\",\"description\":\"\\\"Al Di L\\u00e0\\\" from Al Di L\\u00e0 (M\\u00e1s All\\u00e1) 11th. Anniversary by Emilio Pericoli. Released: 2019. Genre: AGP Inspirational.\",\"meta\":{\"artist\":\"Emilio Pericoli\",\"album\":\"Al Di L\\u00e0 (M\\u00e1s All\\u00e1) 11th. Anniversary\",\"genre\":\"AGP Inspirational\",\"year\":\"2019\",\"length_formatted\":\"3:08\"},\"image\":{\"src\":\"https:\/\/avoriginal.org\/dzx\/wp-content\/uploads\/2019\/09\/Emilio-Pericoli-Al-Di-L\\u00e0-mp3-image.jpg\",\"width\":1280,\"height\":720},\"thumb\":{\"src\":\"https:\/\/avoriginal.org\/dzx\/wp-content\/uploads\/2019\/09\/Emilio-Pericoli-Al-Di-L\\u00e0-mp3-image-150x150.jpg\",\"width\":150,\"height\":150}},{\"src\":\"https:\/\/avoriginal.org\/dzx\/wp-content\/uploads\/2019\/10\/Franck-Pourcel-The-Impossible-Dream-Al-Di-L\\u00e0-M\\u00e1s-All\\u00e1-11th.-Anniversary.mp3\",\"type\":\"audio\/mpeg\",\"title\":\"The Impossible Dream\",\"caption\":\"\",\"description\":\"\\\"The Impossible Dream\\\" from Al Di L\\u00e0 (M\\u00e1s All\\u00e1) 11th. Anniversary by Franck Pourcel. Released: 2019. Genre: AGP Inspirational.\",\"meta\":{\"artist\":\"Franck Pourcel\",\"album\":\"Al Di L\\u00e0 (M\\u00e1s All\\u00e1) 11th. Anniversary\",\"genre\":\"AGP Inspirational\",\"year\":\"2019\",\"length_formatted\":\"2:42\"},\"image\":{\"src\":\"https:\/\/avoriginal.org\/dzx\/wp-content\/uploads\/2019\/10\/Franck-Pourcel-The-Impossible-Dream_Web.png\",\"width\":1600,\"height\":1627},\"thumb\":{\"src\":\"https:\/\/avoriginal.org\/dzx\/wp-content\/uploads\/2019\/10\/Franck-Pourcel-The-Impossible-Dream_Web-150x150.png\",\"width\":150,\"height\":150}},{\"src\":\"https:\/\/avoriginal.org\/dzx\/wp-content\/uploads\/2019\/10\/Jos\\u00e9-Jos\\u00e9-Lo-Pasado-Pasado.mp3\",\"type\":\"audio\/mpeg\",\"title\":\"Lo Pasado Pasado\",\"caption\":\"\",\"description\":\"Lo Pasado Pasado by Jos\\u00e9 Jos\\u00e9\",\"meta\":{\"artist\":\"Jos\\u00e9 Jos\\u00e9\",\"album\":\"Al Di L\\u00e0 (M\\u00e1s All\\u00e1) 11th. Anniversary\",\"length_formatted\":\"4:03\"},\"image\":{\"src\":\"https:\/\/avoriginal.org\/dzx\/wp-content\/uploads\/2019\/10\/\\u200eLo-Pasado-Pasado-de-Jos\\u00e9-Jos\\u00e9.jpg\",\"width\":268,\"height\":271},\"thumb\":{\"src\":\"https:\/\/avoriginal.org\/dzx\/wp-content\/uploads\/2019\/10\/\\u200eLo-Pasado-Pasado-de-Jos\\u00e9-Jos\\u00e9-150x150.jpg\",\"width\":150,\"height\":150}},{\"src\":\"https:\/\/avoriginal.org\/dzx\/wp-content\/uploads\/2019\/09\/Gianni-Marchetti-LIncontro.mp3\",\"type\":\"audio\/mpeg\",\"title\":\"L'Incontro\",\"caption\":\"\",\"description\":\"\\\"L'Incontro \\\" by Gianni Marchetti.\",\"meta\":{\"artist\":\"Gianni Marchetti\",\"length_formatted\":\"3:45\"},\"image\":{\"src\":\"https:\/\/avoriginal.org\/dzx\/wp-content\/uploads\/2019\/09\/Gianni-Marchetti-LIncontro-mp3-image.jpg\",\"width\":1280,\"height\":720},\"thumb\":{\"src\":\"https:\/\/avoriginal.org\/dzx\/wp-content\/uploads\/2019\/09\/Gianni-Marchetti-LIncontro-mp3-image-150x150.jpg\",\"width\":150,\"height\":150}},{\"src\":\"https:\/\/avoriginal.org\/dzx\/wp-content\/uploads\/2019\/09\/M\\u00e1s-all\\u00e1-Lucho-Gatica-.mp3\",\"type\":\"audio\/mpeg\",\"title\":\"Mas All\\u00e1 (Al Di L\\u00e0, Espa\\u00f1ol)\",\"caption\":\"\",\"description\":\"\\\"Mas All\\u00e1 (Al Di L\\u00e0, Espa\\u00f1ol)\\\" by Lucho Gatica.\",\"meta\":{\"artist\":\"Mas All\\u00e1\",\"length_formatted\":\"2:25\"},\"image\":{\"src\":\"https:\/\/avoriginal.org\/dzx\/wp-content\/uploads\/2019\/09\/M\\u00e1s-all\\u00e1-Lucho-Gatica-mp3-image.jpg\",\"width\":1280,\"height\":720},\"thumb\":{\"src\":\"https:\/\/avoriginal.org\/dzx\/wp-content\/uploads\/2019\/09\/M\\u00e1s-all\\u00e1-Lucho-Gatica-mp3-image-150x150.jpg\",\"width\":150,\"height\":150}}]}<\/script>\n<\/div>\n\t\n","protected":false},"excerpt":{"rendered":"<p>[videojs ogg=&#8221;http:\/\/www.audiovideo2k.com\/__2019\/10\/2019-10-30-11th-v3768-web.mp4&#8243; poster=&#8221;https:\/\/www.audiovideo2k.com\/wiki\/wp-content\/uploads\/2019\/12\/2019-Holiday-Cards-100_0698_Web.png&#8221; width=&#8221;1200&#8243; height=&#8221;608&#8243; preload=&#8221;auto&#8221; autoplay=&#8221;true&#8221; ] NJOY AZ with &#8220;La Werita&#8221; &#038; &#8220;Piloncillo&#8221; We Enjoy From Dawn To Dusk The Rainbow Of Landscapes,Tour Details<\/p>\n","protected":false},"author":1,"featured_media":0,"parent":0,"menu_order":0,"comment_status":"closed","ping_status":"closed","template":"","meta":{"footnotes":"","_links_to":"","_links_to_target":""},"categories":[60],"tags":[],"class_list":["post-5152","page","type-page","status-publish","hentry","category-oath-of-love"],"_links":{"self":[{"href":"https:\/\/avoriginal.org\/dzx\/wp-json\/wp\/v2\/pages\/5152","targetHints":{"allow":["GET"]}}],"collection":[{"href":"https:\/\/avoriginal.org\/dzx\/wp-json\/wp\/v2\/pages"}],"about":[{"href":"https:\/\/avoriginal.org\/dzx\/wp-json\/wp\/v2\/types\/page"}],"author":[{"embeddable":true,"href":"https:\/\/avoriginal.org\/dzx\/wp-json\/wp\/v2\/users\/1"}],"replies":[{"embeddable":true,"href":"https:\/\/avoriginal.org\/dzx\/wp-json\/wp\/v2\/comments?post=5152"}],"version-history":[{"count":1,"href":"https:\/\/avoriginal.org\/dzx\/wp-json\/wp\/v2\/pages\/5152\/revisions"}],"predecessor-version":[{"id":7880,"href":"https:\/\/avoriginal.org\/dzx\/wp-json\/wp\/v2\/pages\/5152\/revisions\/7880"}],"wp:attachment":[{"href":"https:\/\/avoriginal.org\/dzx\/wp-json\/wp\/v2\/media?parent=5152"}],"wp:term":[{"taxonomy":"category","embeddable":true,"href":"https:\/\/avoriginal.org\/dzx\/wp-json\/wp\/v2\/categories?post=5152"},{"taxonomy":"post_tag","embeddable":true,"href":"https:\/\/avoriginal.org\/dzx\/wp-json\/wp\/v2\/tags?post=5152"}],"curies":[{"name":"wp","href":"https:\/\/api.w.org\/{rel}","templated":true}]}}