{"id":5258,"date":"2021-10-19T21:48:33","date_gmt":"2021-10-19T21:48:33","guid":{"rendered":"https:\/\/www.audiovideo2k.com\/Debbie_Zapata\/?page_id=5258"},"modified":"2025-08-31T18:03:28","modified_gmt":"2025-08-31T23:03:28","slug":"2021-10-30-13th-anniversary","status":"publish","type":"page","link":"https:\/\/avoriginal.org\/dzx\/2021-10-30-13th-anniversary\/","title":{"rendered":"2021-10-30 13th Anniversary"},"content":{"rendered":"<div style=\"padding:75% 0 0 0;position:relative;\"><iframe src=\"https:\/\/player.vimeo.com\/video\/639540634?h=d0c9ee7670&amp;badge=0&amp;autopause=0&amp;player_id=0&amp;app_id=58479\" frameborder=\"0\" allow=\"autoplay; fullscreen; picture-in-picture\" allowfullscreen style=\"position:absolute;top:0;left:0;width:100%;height:100%;\" title=\"2021-10-27-13th Anniversary_720x30-web.mp4\"><\/iframe><\/div>\n<p><script src=\"https:\/\/player.vimeo.com\/api\/player.js\"><\/script><\/p>\n<style id=\"sp_tab_dynamic_style5263\">#sp-tabpro-wrapper_5263.sp-tab__lay-default .sp-tab__tab-content {width: 100%;}#sp-tabpro-wrapper_5263 .animated {-webkit-animation-duration: 500ms;animation-duration: 500ms;}#sp-wp-tabs-wrapper_5263 .sp-tab__nav { justify-content: flex-start; }#sp-wp-tabs-wrapper_5263.sp-tab__lay-default.sp-tab__horizontal-bottom {display: flex;flex-direction: column-reverse;}#sp-wp-tabs-wrapper_5263.sp-tab__lay-default.sp-tab__horizontal-bottom > ul {border-top: 1px solid #cccccc;border-bottom: 0;margin-top: 0;}#sp-wp-tabs-wrapper_5263.sp-tab__lay-default.sp-tab__horizontal-bottom > ul > li .sp-tab__nav-link.sp-tab__active {border-color: transparent #cccccc#cccccc;margin-top: -1px;}#sp-wp-tabs-wrapper_5263.sp-tab__lay-default.sp-tab__horizontal-bottom > ul > li .sp-tab__nav-link,#sp-wp-tabs-wrapper_5263.sp-tab__lay-default.sp-tab__horizontal-bottom > ul > li a,#sp-wp-tabs-wrapper_5263.sp-tab__lay-default.sp-tab__horizontal-bottom > ul > .sp-tab__nav-item {border-top: 0;border-top-left-radius: 0;border-top-right-radius: 0;border-bottom-left-radius: 2px;border-bottom-right-radius: 2px;}#sp-wp-tabs-wrapper_5263.sp-tab__lay-default.sp-tab__horizontal-bottom > ul {border-bottom: none;}#sp-wp-tabs-wrapper_5263.sp-tab__lay-default.sp-tab__horizontal-bottom .sp-tab__tab-content .sp-tab__tab-pane {border-top: 1px solid #cccccc;border-bottom: 0;}#sp-wp-tabs-wrapper_5263.sp-tab__lay-default .sp-tab__tab-content .sp-tab-content > ul,#sp-wp-tabs-wrapper_5263.sp-tab__lay-default .sp-tab__tab-content .sp-tab-content > ol {border-bottom: none;}#sp-wp-tabs-wrapper_5263 .sp-tab__nav-tabs .sp-tab__nav-item.show .sp-tab__nav-link,#sp-wp-tabs-wrapper_5263.sp-tab__lay-default ul li .sp-tab__nav-link.sp-tab__active {border-color: #cccccc#cccccc transparent;}#sp-wp-tabs-wrapper_5263 > .sp-tab__nav-tabs .sp-tab__nav-link.sp-tab__active .sp-tab__tab_title,#sp-wp-tabs-wrapper_5263.sp-tab__lay-default .sp-tab__nav-link > .sp-tab__card-header {color: #ffffff;}#sp-wp-tabs-wrapper_5263.sp-tab__lay-default > ul > li > .sp-tab__nav-link,#sp-wp-tabs-wrapper_5263.sp-tab__lay-default > ul > li > a {cursor: pointer;border-color: #cccccc;padding-top: 15px;padding-right: 15px;padding-bottom: 15px;padding-left: 15px;}#sp-wp-tabs-wrapper_5263 > .sp-tab__nav-tabs .sp-tab__nav-link {border: 1px solid #cccccc;height: 100%;}#sp-wp-tabs-wrapper_5263.sp-tab__lay-default > ul > li .sp-tab__nav-link,#sp-wp-tabs-wrapper_5263.sp-tab__lay-default > ul > li a,#sp-wp-tabs-wrapper_5263.sp-tab__lay-default > ul > .sp-tab__nav-item {border-top-left-radius: 2px;border-top-right-radius: 2px;}#sp-wp-tabs-wrapper_5263 .sp-tab__nav-tabs .sp-tab__nav-item {margin-bottom: -1px; }#sp-wp-tabs-wrapper_5263.sp-tab__lay-default > ul .sp-tab__nav-item {margin-right: 10px;}#sp-wp-tabs-wrapper_5263.sp-tab__lay-default.sp-tab__horizontal-bottom > ul .sp-tab__nav-item {margin-right: 10px;margin-top: 0;}#sp-wp-tabs-wrapper_5263.sp-tab__lay-default > ul .sp-tab__nav-item .sp-tab__nav-link:hover .sp-tab__tab_title,#sp-wp-tabs-wrapper_5263.sp-tab__lay-default > ul .sp-tab__nav-item a:hover .sp-tab__tab_title,#sp-wp-tabs-wrapper_5263.sp-tab__lay-default .sp-tab__nav-link.collapsed .sp-tab__card-header:hover {color: #444;transition: .3s;}#sp-wp-tabs-wrapper_5263.sp-tab__lay-default > ul .sp-tab__nav-item,#sp-wp-tabs-wrapper_5263.sp-tab__lay-default .sp-tab__nav-link.collapsed > .sp-tab__card-header {background-color: #7100e2;transition: 0.3s;}#sp-wp-tabs-wrapper_5263 > .sp-tab__nav-tabs > .sp-tab__nav-item.show .sp-tab__nav-link,#sp-wp-tabs-wrapper_5263 > .sp-tab__nav-tabs > .sp-tab__nav-item .sp-tab__nav-link.sp-tab__active,#sp-wp-tabs-wrapper_5263.sp-tab__lay-default .sp-tab__nav-link > .sp-tab__card-header {background-color: #0222f4;}#sp-tabs-wrapper_5263.sp-tab__lay-default > ul .sp-tab__nav-item .sp-tab__nav-link:not(.sp-tab__active):hover,#sp-tabs-wrapper_5263.sp-tab__lay-default .sp-tab__tab-content > .sp-tab__tab-pane .sp-tab__card-header:hover {background-color: #fff;}#sp-wp-tabs-wrapper_5263.sp-tab__lay-default > ul .sp-tab__nav-item:not(.sp-tab__active):hover,#sp-wp-tabs-wrapper_5263.sp-tab__lay-default .sp-tab__nav-link.collapsed > .sp-tab__card-header:hover {background-color: #fff;}#sp-wp-tabs-wrapper_5263.sp-tab__lay-default > ul .sp-tab__nav-item:last-child {margin-right: 0;}#sp-wp-tabs-wrapper_5263.sp-tab__lay-default > .sp-tab__tab-content .sp-tab__tab-pane {border: 1px solid #cccccc;padding-top: 20px;padding-right: 20px;padding-bottom: 20px;padding-left: 20px;background-color: #000000;}#sp-wp-tabs-wrapper_5263.sp-tab__lay-default > ul {border-bottom: 1px solid #cccccc;}#sp-wp-tabs-wrapper_5263.sp-tab__lay-default > .sp-tab__tab-content .sp-tab__tab-pane {border-top: 0px;}@media(max-width:480px) {#sp-wp-tabs-wrapper_5263.sp-tab__lay-default > ul li.sp-tab__nav-item {width: 100%;margin-right: 0px;}#sp-wp-tabs-wrapper_5263.sp-tab__lay-default > ul li.sp-tab__nav-item:last-child {margin-bottom: -1px;}}#poststuff h2.sp-tab__section_title_5263, h2.sp-tab__section_title_5263 ,.editor-styles-wrapper .wp-block h2.sp-tab__section_title_5263{margin-bottom: 30px !important;font-weight: 600;font-style: normal;font-size: 28px;line-height: 28px;letter-spacing: 0px;padding: 0;color: #444444;font-family: Open Sans;font-style: normal;font-weight: 600;}#sp-wp-tabs-wrapper_5263.sp-tab__lay-default > ul .sp-tab__nav-item .sp-tab__tab_title,#sp-wp-tabs-wrapper_5263.sp-tab__lay-default span > .sp-tab__card-header {font-weight: 600;font-style: normal;font-size: 16px;line-height: 22px;letter-spacing: 0px;color: #ffe500;margin: 0px;font-family: Open Sans;font-style: normal;font-weight: 600;}#sp-wp-tabs-wrapper_5263.sp-tab__lay-default > .sp-tab__tab-content .sp-tab__tab-pane,#sp-wp-tabs-wrapper_5263.sp-tab__lay-default > .sp-tab__tab-content .sp-tab__tab-pane p {font-weight: 400;font-style: normal;font-size: 16px;line-height: 24px;letter-spacing: 0px;color: #59d600;font-family: Open Sans;font-style: normal;font-weight: normal;}#sp-wp-tabs-wrapper_5263.sp-tab__lay-default > .sp-tab__tab-content .sp-tab__tab-pane ul li a, #sp-wp-tabs-wrapper_5263.sp-tab__lay-default .sp-tab__tab-content .sp-tab__tab-pane ol li a {color: #59d600;}<\/style>\t<h2 class=\"sp-tab__section_title_5263\"> 2021 13th Anniversary<\/h2>\n\t\t\t<div id=\"sp-wp-tabs-wrapper_5263\" class=\"sp-tab__lay-default\" data-preloader=\"1\" data-activemode=\"tabs-activator-event-click\" data-anchor_linking=\"1\">\n\t\t\t<div class=\"sp-tab__preloader\">\n\t\t<div class=\"sp-tab__spinner\">\n\t\t\t<div class=\"rect1\"><\/div>\n\t\t\t<div class=\"rect2\"><\/div>\n\t\t\t<div class=\"rect3\"><\/div>\n\t\t\t<div class=\"rect4\"><\/div>\n\t\t\t<div class=\"rect5\"><\/div>\n\t\t<\/div>\n\t<\/div>\n\t<ul class=\"sp-tab__nav sp-tab__nav-tabs\" id=\"sp-tab__ul\" role=\"tablist\">\n\t\t\t\t<li class=\"sp-tab__nav-item\" role=\"presentation\">\n\t\t\t\t<span class=\"sp-tab__nav-link sp-tab__active\" data-sptoggle=\"tab\" for=\"#tab-52631\" role=\"tab\" aria-controls=tab-52631 aria-selected=true tabindex=0>\n\t\t\t\t\t<span class=\"tab_title_area\"><H1 class=\"sp-tab__tab_title\">Chopin's Stude No.3, Op. 10<\/H1><\/span>\n\t\t\t\t<\/span>\n\t\t\t<\/li>\n\t\t\t\t\t\t<li class=\"sp-tab__nav-item\" role=\"presentation\">\n\t\t\t\t<span class=\"sp-tab__nav-link\" data-sptoggle=\"tab\" for=\"#tab-52632\" role=\"tab\" aria-controls=tab-52632 aria-selected=true tabindex=0>\n\t\t\t\t\t<span class=\"tab_title_area\"><H1 class=\"sp-tab__tab_title\">Werita<\/H1><\/span>\n\t\t\t\t<\/span>\n\t\t\t<\/li>\n\t\t\t\t\t\t<li class=\"sp-tab__nav-item\" role=\"presentation\">\n\t\t\t\t<span class=\"sp-tab__nav-link\" data-sptoggle=\"tab\" for=\"#tab-52633\" role=\"tab\" aria-controls=tab-52633 aria-selected=true tabindex=0>\n\t\t\t\t\t<span class=\"tab_title_area\"><H1 class=\"sp-tab__tab_title\">Piloncillo<\/H1><\/span>\n\t\t\t\t<\/span>\n\t\t\t<\/li>\n\t\t\t\t\t\t<li class=\"sp-tab__nav-item\" role=\"presentation\">\n\t\t\t\t<span class=\"sp-tab__nav-link\" data-sptoggle=\"tab\" for=\"#tab-52634\" role=\"tab\" aria-controls=tab-52634 aria-selected=true tabindex=0>\n\t\t\t\t\t<span class=\"tab_title_area\"><H1 class=\"sp-tab__tab_title\">M\u00e1s Bonita Que Ninguna<\/H1><\/span>\n\t\t\t\t<\/span>\n\t\t\t<\/li>\n\t\t\t\t\t\t<li class=\"sp-tab__nav-item\" role=\"presentation\">\n\t\t\t\t<span class=\"sp-tab__nav-link\" data-sptoggle=\"tab\" for=\"#tab-52635\" role=\"tab\" aria-controls=tab-52635 aria-selected=true tabindex=0>\n\t\t\t\t\t<span class=\"tab_title_area\"><H1 class=\"sp-tab__tab_title\">Mi Coraz\u00f3n Canta (All Of A Sudden) (My Heart Sings)<\/H1><\/span>\n\t\t\t\t<\/span>\n\t\t\t<\/li>\n\t\t\t\t\t\t<li class=\"sp-tab__nav-item\" role=\"presentation\">\n\t\t\t\t<span class=\"sp-tab__nav-link\" data-sptoggle=\"tab\" for=\"#tab-52636\" role=\"tab\" aria-controls=tab-52636 aria-selected=true tabindex=0>\n\t\t\t\t\t<span class=\"tab_title_area\"><H1 class=\"sp-tab__tab_title\">Huapango<\/H1><\/span>\n\t\t\t\t<\/span>\n\t\t\t<\/li>\n\t\t\t\t\t\t<li class=\"sp-tab__nav-item\" role=\"presentation\">\n\t\t\t\t<span class=\"sp-tab__nav-link\" data-sptoggle=\"tab\" for=\"#tab-52637\" role=\"tab\" aria-controls=tab-52637 aria-selected=true tabindex=0>\n\t\t\t\t\t<span class=\"tab_title_area\"><H1 class=\"sp-tab__tab_title\">Summer Of Love  \u00c9t\u00e9 D'amour<\/H1><\/span>\n\t\t\t\t<\/span>\n\t\t\t<\/li>\n\t\t\t<\/ul>\n<div class=\"sp-tab__tab-content\">\n\t\t\t\t<div id=\"tab-52631\" class=\"sp-tab__tab-pane sp-tab__show sp-tab__active\" role=\"tabpanel\">\n\t\t\t\t\t<div class=\"sp-tab-content animated fadeIn\"><h1 style=\"text-align: center\"><span style=\"color: #00ffff\"><a>So Far & So Close<\/a><\/span><\/h1>\n<p style=\"text-align: center;font-size: 15pt;color: ##23fa01\"><span style=\"color: #00ff00\"><br \/>\nOur Separation in 2018,<br \/>\nfor reasons of caring for our parents who were in different countries,<br \/>\nthey deserved it since they cared for us when we were children<br \/>\nand it was time to reciprocate.<br \/>\nIn 2019 our \"face to face\" meetings had been reestablished,<br \/>\nfinding a solution to this situation<br \/>\nwhich was to visit every 6 months from \"Piloncillo\" to \"Werita\" in Agua Prieta,<br \/>\nduring April and October in celebration of Our Anniversary.<br \/>\nAgain, a Great but Great Challenge appears<br \/>\nthat was to overcome a worldwide obstacle (COVID)<br \/>\nand it was the restriction of traveling to different countries.<br \/>\nAnd we look for a way to be in contact with different alternatives<br \/>\nsuch as having a reading club, \"Radio Tibur\u00f3n\" our station,<br \/>\ncommenting on old television series,<br \/>\nas well as movies with messages and more.<br \/>\nWe like challenges and the bigger the obstacles,<br \/>\nthe more we relish overcoming them.<br \/>\nCurrently our relationship is more solid and grows every moment,<br \/>\nis the reason for our slogan \"So Far and So Close\".<br \/>\n<\/span><\/p>\n<p style=\"text-align: center;font-size: 20pt;color: #fadc01\"><span style=\"color: #fadc01\"><br \/>\nAnd The Story Continues<br \/>\n<\/span><\/p>\n<\/div>\n\t\t\t\t<\/div>\n\t\t\t\t\t\t\t\t<div id=\"tab-52632\" class=\"sp-tab__tab-pane \" role=\"tabpanel\">\n\t\t\t\t\t<div class=\"sp-tab-content animated fadeIn\"><h1 style=\"text-align: center\"><span style=\"color: #00ffff\"><a>Werita<\/a><\/span><\/h1>\n<p style=\"text-align: center;font-size: 15pt;color: ##23fa01\"><span style=\"color: #00ff00\"><br \/>\nOctober 30, 2021 is a date that tells of the passage of time:<br \/>\n13 years of marriage to a man the Universe sent me<br \/>\nat exactly the moment I needed him.<br \/>\n8 of those years living in Mexico, my one true home,<br \/>\nthe only country I love.<br \/>\n3 years back in Arizona, hoping to be helpful to the woman<br \/>\nwho brought me into the world.<br \/>\n693 days since the last time I saw Marco.<\/span><\/p>\n<p style=\"text-align: center;font-size: 15pt;color: ##23fa01\"><span style=\"color: #00ff00\"><br \/>\nPrecise numbers,<br \/>\nbut they do not tell the whole story of our years together.<br \/>\nWe have had so many magic moments<br \/>\nfrom the very beginning of our life together.<br \/>\nWalks to everywhere and nowhere.<br \/>\nTortas, tamales, tlacloyos, chiles en nogada.<br \/>\nLaughter, tears, hugs and kisses. Trips to Huamantla and<br \/>\nTeotihuacan. Carnaval!<br \/>\nCobre, le traemos crema, Peace And Love Brother,<br \/>\nsidewalk dances and Ferris wheels.<\/span><\/p>\n<p style=\"text-align: center;font-size: 15pt;color: ##23fa01\"><span style=\"color: #00ff00\"><br \/>\nAnd now, even though he is there and I am here,<br \/>\nwe are not apart, not at all.<br \/>\nWe are creating magic: daily phone calls,<br \/>\nbook days three times a week, internet<br \/>\nradio music dates, Dinner Theater,<br \/>\nand talk, talk, talk about everything that captures<br \/>\nour attention from politics to volcanoes.<br \/>\nHorses, Carlos, Timmy, the weather, the world!<\/span><\/p>\n<p style=\"text-align: center;font-size: 15pt;color: ##23fa01\"><span style=\"color: #00ff00\"><br \/>\nLife is full of joy, and we continue walking the path ahead of us,<br \/>\ntrusting the Universe to guide us.<br \/>\nOne step at a time, together forever no matter where we each may be.<\/span><\/p>\n<p style=\"text-align: center;font-size: 20pt;color: #fadc01\"><span style=\"color: #fadc01\"><br \/>\nHasta la vista, baby.<br \/>\nThank you for today.<br \/>\nI love you, Marco.<br \/>\nCuidate.<br \/>\nBesos besos!<br \/>\nBye!<br \/>\n<\/span><\/p>\n<\/div>\n\t\t\t\t<\/div>\n\t\t\t\t\t\t\t\t<div id=\"tab-52633\" class=\"sp-tab__tab-pane \" role=\"tabpanel\">\n\t\t\t\t\t<div class=\"sp-tab-content animated fadeIn\"><h1 style=\"text-align: center\"><span style=\"color: #00ffff\"><a>Piloncillo<\/a><\/span><\/h1>\n<p style=\"text-align: center;font-size: 15pt;color: ##23fa01\"><span style=\"color: #00ff00\"><br \/>\nIn almost 2 years<br \/>\nOf Physical Separation,<br \/>\nOur Love Has Grown<br \/>\nIntensely Day By Day.<\/span><\/p>\n<p style=\"text-align: center;font-size: 15pt;color: ##23fa01\"><span style=\"color: #00ff00\"><br \/>\nLa Werita Has Shown<br \/>\nThat She Has<br \/>\nA Great Affection<br \/>\nFor The Principles,<br \/>\nValues And Customs<br \/>\nOf M\u00e9xico.<\/span><\/p>\n<p style=\"text-align: center;font-size: 15pt;color: ##23fa01\"><span style=\"color: #00ff00\"><br \/>\nSince Her Arrival In<br \/>\nThis Beautiful Country,<br \/>\nShe Fell In Love<br \/>\nImmediately<br \/>\nAnd Adapted To<br \/>\nIts People,<br \/>\nFood, Crafts As Well<br \/>\nAs Her Historical Places.<\/span><\/p>\n<p style=\"text-align: center;font-size: 15pt;color: ##23fa01\"><span style=\"color: #00ff00\"><br \/>\nTeotihuacan<br \/>\nWas The Place<br \/>\nIn The Universe<br \/>\nWhere We Had<br \/>\nTo Meet Spiritually<br \/>\nAnd Emotionally.<\/span><\/p>\n<p style=\"text-align: center;font-size: 15pt;color: ##23fa01\"><span style=\"color: #00ff00\"><br \/>\nI Appreciate<br \/>\nAll These Beautiful<br \/>\nMoments That<br \/>\nWe Enjoyed<br \/>\nTogether And<br \/>\nThat Were Magical,<br \/>\nBecause We Let<br \/>\nOur Imaginations<br \/>\nFly According<br \/>\nTo Historical Facts<br \/>\nOf This Wonderful Place.<\/span><\/p>\n<p style=\"text-align: center;font-size: 15pt;color: ##23fa01\"><span style=\"color: #00ff00\"><br \/>\nOn This 13th<br \/>\nAnniversary<br \/>\nI Give A Round<br \/>\nOf Applause To This<br \/>\n\"Invincible Warrior Werita\"<br \/>\nWho Does Not Let<br \/>\nHerself Be Beaten<br \/>\nSo Easily,<br \/>\nMany Congratulations.<\/span><\/p>\n<p style=\"text-align: center;font-size: 15pt;color: ##23fa01\"><span style=\"color: #00ff00\"><br \/>\nSincerely<br \/>\n\"Piloncillo\"<br \/>\n<\/span><\/p>\n<\/div>\n\t\t\t\t<\/div>\n\t\t\t\t\t\t\t\t<div id=\"tab-52634\" class=\"sp-tab__tab-pane \" role=\"tabpanel\">\n\t\t\t\t\t<div class=\"sp-tab-content animated fadeIn\"><h1 style=\"text-align: center\"><span style=\"color: #00ffff\"><a>M\u00e1s Bonita Que Ninguna<\/a><\/span><\/h1>\n<p style=\"text-align: center;font-size: 15pt;color: ##23fa01\">\nby Roc\u00edo D\u00farcal<\/span><\/p>\n<p style=\"text-align: center;font-size: 15pt;color: ##23fa01\"><span style=\"color: #00ff00\"><br \/>\nM\u00e1s bonita que ninguna, m\u00e1s bonita que ninguna<br \/>\nM\u00e1s bonita que ninguna<br \/>\nM\u00e1s bonita que ninguna<br \/>\nDicen todos al mirarme<br \/>\nYo no s\u00e9 por qu\u00e9 ser\u00e1<br \/>\nNi por qu\u00e9 vendr\u00e1n detr\u00e1s<br \/>\nPorque solamente soy una buena chica, una chica m\u00e1s<br \/>\nYo no valgo casi nada<br \/>\nLos espejos me lo dicen<br \/>\nS\u00e9 que tengo coraz\u00f3n<br \/>\nS\u00e9 lo bien que puedo amar<br \/>\nPero solamente soy una buena chica, una chica m\u00e1s<br \/>\nCuando dicen que soy bonita como nadie lo fue jam\u00e1s<br \/>\nNo me gusta que lo repitan porque siento que no es verdad<br \/>\nYo no soy<br \/>\nM\u00e1s bonita que ninguna<br \/>\nNi me creo lo que dicen<br \/>\nYo no tengo sex appeal y<br \/>\nYo no soy mujer fatal<br \/>\nPorque solamente soy una buena chica pero nada m\u00e1s<br \/>\nUna buena chica, una chica m\u00e1s<br \/>\nCuando dicen que soy bonita como nadie lo fue jam\u00e1s<br \/>\nNo me gusta que lo repitan porque siento que no es verdad<br \/>\nYo no soy<br \/>\nM\u00e1s bonita que ninguna<br \/>\nNi me creo lo que dicen<br \/>\nYo no tengo sex appeal y<br \/>\nYo no soy mujer fatal<br \/>\nPorque solamente soy una buena chica, una chica m\u00e1s<br \/>\nPero yo quisiera que me vieras t\u00fa<br \/>\nM\u00e1s bonita que ninguna<br \/>\nM\u00e1s bonita que ninguna, m\u00e1s bonita que ninguna<br \/>\nM\u00e1s bonita que ninguna<\/span><\/p>\n<\/div>\n\t\t\t\t<\/div>\n\t\t\t\t\t\t\t\t<div id=\"tab-52635\" class=\"sp-tab__tab-pane \" role=\"tabpanel\">\n\t\t\t\t\t<div class=\"sp-tab-content animated fadeIn\"><h1 style=\"text-align: center\"><span style=\"color: #00ffff\"><a><br \/>\nMi Coraz\u00f3n Canta<br \/>\n(All Of A Sudden)<br \/>\n(My Heart Sings)<\/a><\/span><\/h1>\n<p style=\"text-align: center;font-size: 15pt;color: ##23fa01\">by Enrique Guzm\u00e1n<\/p>\n<p style=\"text-align: center;font-size: 15pt;color: ##23fa01\"><span style=\"color: #00ff00\"><br \/>\nCuando te tomo de la mano,<br \/>\nY tu me dices yo te quiero,<br \/>\nNo necesitas ni decirlo,<br \/>\nCuando te vi lo comprend\u00ed<br \/>\nEs el amor que yo so\u00f1\u00e9,<br \/>\nY sin pensar me enamore,<br \/>\nCuando de pronto yo sent\u00ed,<br \/>\nMi coraz\u00f3n canta as\u00ed.<\/span><\/p>\n<p style=\"text-align: center;font-size: 15pt;color: ##23fa01\"><span style=\"color: #00ff00\"><br \/>\nCuando de pronto te mire,<br \/>\nNo se explicar lo que sent\u00ed,<br \/>\nSupe que solo esa mujer,<br \/>\nSabr\u00eda hacerme feliz,<br \/>\nSin meditarlo me acerque,<br \/>\nTe dije \"nena\" quiero ser,<br \/>\nEl que te lleve hasta el altar,<br \/>\nMi coraz\u00f3n canta as\u00ed.<\/span><\/p>\n<p style=\"text-align: center;font-size: 15pt;color: ##23fa01\"><span style=\"color: #00ff00\"><br \/>\nCuando de pronto te mire,<br \/>\nNo se explicar lo que sent\u00ed,<br \/>\nSupe que solo esa mujer,<br \/>\nSabr\u00eda hacerme feliz,<br \/>\nSin meditarlo me acerque,<br \/>\nTe dije \"nena\" quiero ser,<br \/>\nEl que te lleve hasta el altar,<br \/>\nMi coraz\u00f3n canta as\u00ed.<br \/>\n<\/span><\/p>\n<\/div>\n\t\t\t\t<\/div>\n\t\t\t\t\t\t\t\t<div id=\"tab-52636\" class=\"sp-tab__tab-pane \" role=\"tabpanel\">\n\t\t\t\t\t<div class=\"sp-tab-content animated fadeIn\"><h1 style=\"text-align: center;\"><span style=\"color: #00ffff;\"><a>Huapango de Moncayo<\/a><\/span><\/h1>\n<p style=\"text-align: center; font-size: 15pt; color: ##23fa01;\">by <a href=\"https:\/\/es.wikipedia.org\/wiki\/Huapango_(Moncayo)\">Jos\u00e9 Pablo Moncayo<\/a><\/p>\n<p style=\"text-align: center; font-size: 15pt; color: ##23fa01;\"><span style=\"color: #00ff00;\"><br \/>\nExalts the grandeur of M\u00e9xico, cultural richness, majesty of its landscapes, the nobility of its people,<br \/>\na variety of foods from every corner, and its artesania has no comparison.<br \/>\nThe historical heritage is invaluable and that is why it is easy to fall in love with M\u00e9xico,<br \/>\narchitecture, technology, futuristic vision, herbarium.<br \/>\nIts mythology is impressive and respects the force of nature in all its splendor, so we have<br \/>\nQuetzalc\u00f3atl (God of the wind), Ometecuhtli and Omecihuatl (Gods of creation),<br \/>\nTezcatlipoca (God of heaven and earth), Tl\u00e1loc (God of the rain),<br \/>\nCoatlicue (Goddess of fertility), Mictlantecuhtli (God of death).<br \/>\n<\/span><\/p>\n<\/div>\n\t\t\t\t<\/div>\n\t\t\t\t\t\t\t\t<div id=\"tab-52637\" class=\"sp-tab__tab-pane \" role=\"tabpanel\">\n\t\t\t\t\t<div class=\"sp-tab-content animated fadeIn\"><h1 style=\"text-align: center\"><span style=\"color: #00ffff\"><a>Ete D'Amour (Summer Of Love)<\/a><\/span><\/h1>\n<p style=\"text-align: center;font-size: 15pt;color: ##23fa01\">by Zamfir<\/p>\n<p style=\"text-align: center;font-size: 15pt;color: ##23fa01\"><span style=\"color: #00ff00\"><br \/>\nAn Encounter with the Universe, <\/span><\/p>\n<p style=\"text-align: center;font-size: 15pt;color: ##23fa01\"><span style=\"color: #00ff00\">which brings Serenity, inspiration and peace.<\/span><\/p>\n<p style=\"text-align: center;font-size: 15pt;color: ##23fa01\"><span style=\"color: #00ff00\"><br \/>\nEnjoy the pleasure of traveling through time and space, <\/span><\/p>\n<p style=\"text-align: center;font-size: 15pt;color: ##23fa01\"><span style=\"color: #00ff00\">to keep an open mind to present events and face the future.<\/span><\/p>\n<\/div>\n\t\t\t\t<\/div>\n\t\t\t\t<\/div>\n\t\t<\/div>\n\t\t\n","protected":false},"excerpt":{"rendered":"","protected":false},"author":1,"featured_media":5261,"parent":0,"menu_order":0,"comment_status":"closed","ping_status":"closed","template":"","meta":{"footnotes":"","_links_to":"","_links_to_target":""},"categories":[60],"tags":[],"class_list":["post-5258","page","type-page","status-publish","has-post-thumbnail","hentry","category-oath-of-love"],"_links":{"self":[{"href":"https:\/\/avoriginal.org\/dzx\/wp-json\/wp\/v2\/pages\/5258","targetHints":{"allow":["GET"]}}],"collection":[{"href":"https:\/\/avoriginal.org\/dzx\/wp-json\/wp\/v2\/pages"}],"about":[{"href":"https:\/\/avoriginal.org\/dzx\/wp-json\/wp\/v2\/types\/page"}],"author":[{"embeddable":true,"href":"https:\/\/avoriginal.org\/dzx\/wp-json\/wp\/v2\/users\/1"}],"replies":[{"embeddable":true,"href":"https:\/\/avoriginal.org\/dzx\/wp-json\/wp\/v2\/comments?post=5258"}],"version-history":[{"count":1,"href":"https:\/\/avoriginal.org\/dzx\/wp-json\/wp\/v2\/pages\/5258\/revisions"}],"predecessor-version":[{"id":7195,"href":"https:\/\/avoriginal.org\/dzx\/wp-json\/wp\/v2\/pages\/5258\/revisions\/7195"}],"wp:featuredmedia":[{"embeddable":true,"href":"https:\/\/avoriginal.org\/dzx\/wp-json\/wp\/v2\/media\/5261"}],"wp:attachment":[{"href":"https:\/\/avoriginal.org\/dzx\/wp-json\/wp\/v2\/media?parent=5258"}],"wp:term":[{"taxonomy":"category","embeddable":true,"href":"https:\/\/avoriginal.org\/dzx\/wp-json\/wp\/v2\/categories?post=5258"},{"taxonomy":"post_tag","embeddable":true,"href":"https:\/\/avoriginal.org\/dzx\/wp-json\/wp\/v2\/tags?post=5258"}],"curies":[{"name":"wp","href":"https:\/\/api.w.org\/{rel}","templated":true}]}}