{"id":535,"date":"2009-09-16T16:27:48","date_gmt":"2009-09-16T16:27:48","guid":{"rendered":"http:\/\/www.audiovideo2k.com\/Sponsors\/?page_id=535"},"modified":"2025-11-19T17:57:27","modified_gmt":"2025-11-19T22:57:27","slug":"2009-09-16-terciopelo-y-fuego","status":"publish","type":"page","link":"https:\/\/avoriginal.org\/dzx\/debbie-zapata\/2009-09-16-terciopelo-y-fuego\/","title":{"rendered":"2009-09-16 Terciopelo y Fuego"},"content":{"rendered":"<div id=\"wpfp_ed6d84353452cde5777cb74ef7f0e733\" data-item=\"{&quot;sources&quot;:[{&quot;src&quot;:&quot;https:\\\/\\\/avoriginal.org\\\/2009\\\/2009-09-16-Terciopelo y Fuego.mp4&quot;,&quot;type&quot;:&quot;video\\\/mp4&quot;}],&quot;id&quot;:&quot;22&quot;,&quot;fv_title&quot;:&quot;2009-09-16-Terciopelo y Fuego&quot;,&quot;splash&quot;:&quot;https:\\\/\\\/avoriginal.org\\\/dzx\\\/wp-content\\\/uploads\\\/2025\\\/11\\\/2009-09-16-Terciopelo-y-Fuego-Intro.gif&quot;}\" class=\"flowplayer no-brand is-splash is-paused skin-slim no-svg fp-slim fp-edgy fixed-controls has-caption\" data-fvautoplay=\"-1\" data-fv-embed=\"https:\/\/avoriginal.org\/dzx\/debbie-zapata\/2009-09-16-terciopelo-y-fuego\/fvp-22\/\" style=\"position:relative; max-width: 1200px; max-height: 700px; \" data-ratio=\"0.5833\">\n\t<div class=\"fp-ratio\" style=\"padding-top: 58.33%\"><\/div>\n\t<img decoding=\"async\" class=\"fp-splash\" alt=\"2009-09-16-Terciopelo y Fuego\" src=\"https:\/\/avoriginal.org\/dzx\/wp-content\/uploads\/2025\/11\/2009-09-16-Terciopelo-y-Fuego-Intro.gif\" style=\"position:absolute;top:0;width:100%\" \/>\n\t<div class=\"fp-ui\"><noscript>Please enable JavaScript<\/noscript><div class=\"fp-play fp-visible\"><svg class=\"fp-play-sharp-fill\" xmlns=\"http:\/\/www.w3.org\/2000\/svg\" viewBox=\"0 0 100 100\"><defs><style>.fp-color-play{opacity:0.65;}.controlbutton{fill:#fff;}<\/style><\/defs><title>play-sharp-fill<\/title><path class=\"fp-color-play\" d=\"M49.9217-.078a50,50,0,1,0,50,50A50.0564,50.0564,0,0,0,49.9217-.078Z\"\/><polygon class=\"controlbutton\" points=\"73.601 50 37.968 70.573 37.968 29.427 73.601 50\" filter=\"url(#f1)\"\/><\/svg><\/div><div class=\"fp-preload\"><b><\/b><b><\/b><b><\/b><b><\/b><\/div><\/div>\n<div class='fvp-share-bar'><ul class=\"fvp-sharing\">\r\n    <li><a class=\"sharing-facebook\" href=\"https:\/\/www.facebook.com\/sharer\/sharer.php?u=https%3A%2F%2Favoriginal.org%2Fdzx%2Fdebbie-zapata%2F2009-09-16-terciopelo-y-fuego%2F\" target=\"_blank\"><\/a><\/li>\r\n    <li><a class=\"sharing-twitter\" href=\"https:\/\/twitter.com\/intent\/tweet?text=Unlimited+Enthusiasm+&url=https%3A%2F%2Favoriginal.org%2Fdzx%2Fdebbie-zapata%2F2009-09-16-terciopelo-y-fuego%2F\" target=\"_blank\"><\/a><\/li>\r\n    <li><a class=\"sharing-email\" href=\"mailto:?body=Check%20out%20the%20amazing%20video%20here%3A%20https%3A%2F%2Favoriginal.org%2Fdzx%2Fdebbie-zapata%2F2009-09-16-terciopelo-y-fuego%2F\" target=\"_blank\"><\/a><\/li><\/ul><div><a class=\"sharing-link\" href=\"https:\/\/avoriginal.org\/dzx\/debbie-zapata\/2009-09-16-terciopelo-y-fuego\/\" target=\"_blank\">Link<\/a><\/div><div><label><a class=\"embed-code-toggle\" href=\"#\"><strong>Embed<\/strong><\/a><\/label><\/div><div class=\"embed-code\"><label>Copy and paste this HTML code into your webpage to embed.<\/label><textarea><\/textarea><\/div><\/div>\n<\/div>\n<p class='fp-caption'>2009-09-16-Terciopelo y Fuego<\/p>\n<div class=\"supsystic-table-loader spinner\"style=\"background-color:#000000\"><\/div><div id=\"supsystic-table-20_8424\" class=\"supsystic-tables-wrap disable-responsive\" style=\" width:100%; visibility: hidden; \" data-table-width-fixed=\"100%\" data-table-width-mobile=\"100%\" ><table id=\"supsystic-table-20\" class=\"supsystic-table paragraphMode border lightboxImg no-border\" data-id=\"20\" data-view-id=\"20_8424\" data-title=\"Terciopelo y Fuego\" data-currency-format=\"$1,000.00\" data-percent-format=\"10.00%\" data-date-format=\"DD.MM.YYYY\" data-time-format=\"HH:mm\" data-features=\"[&quot;after_table_loaded_script&quot;]\" data-search-value=\"\" data-lightbox-img=\"\" data-head-rows-count=\"1\" data-pagination-length=\"50,100,All\" data-auto-index=\"off\" data-searching-settings=\"{&quot;columnSearchPosition&quot;:&quot;bottom&quot;,&quot;minChars&quot;:&quot;0&quot;}\" data-lang=\"default\" data-override=\"{&quot;emptyTable&quot;:&quot;&quot;,&quot;info&quot;:&quot;&quot;,&quot;infoEmpty&quot;:&quot;&quot;,&quot;infoFiltered&quot;:&quot;&quot;,&quot;lengthMenu&quot;:&quot;&quot;,&quot;search&quot;:&quot;&quot;,&quot;zeroRecords&quot;:&quot;&quot;,&quot;exportLabel&quot;:&quot;&quot;,&quot;file&quot;:&quot;default&quot;}\" data-merged=\"[]\" data-responsive-mode=\"3\" data-from-history=\"0\" ><thead><tr><th class=\"\" style=\"width:; padding: 0 !important;\"><\/th><\/tr><\/thead><tbody><tr style=\"height:px\" ><td data-cell-id=\"A1\" data-x=\"0\" data-y=\"1\" data-db-index=\"1\" class=\"bg-000000 htCenter\" data-cell-type=\"text\" data-original-value=\"&lt;h1&gt;&lt;span style=&quot;color: #00ffff&quot;&gt;Velvet and Fire&lt;\/span&gt;&lt;\/h1&gt;\" data-order=\"&lt;h1&gt;&lt;span style=&quot;color: #00ffff&quot;&gt;Velvet and Fire&lt;\/span&gt;&lt;\/h1&gt;\" style=\"min-width:100%; \" ><h1><span style=\"color: #00ffff\">Velvet and Fire<\/span><\/h1><\/td><\/tr><tr style=\"height:px\" ><td data-cell-id=\"A2\" data-x=\"0\" data-y=\"2\" data-db-index=\"2\" class=\"bg-000000 htCenter\" data-cell-type=\"text\" data-original-value=\"&lt;h2&gt;&lt;span style=&quot;color: #87F907&quot;&gt;&quot;Terciopelo y Fuego&quot;&lt;br \/&gt; &lt;\/span&gt;&lt;\/h2&gt;\" data-order=\"&lt;h2&gt;&lt;span style=&quot;color: #87F907&quot;&gt;&quot;Terciopelo y Fuego&quot;&lt;br \/&gt; &lt;\/span&gt;&lt;\/h2&gt;\" ><h2><span style=\"color: #87F907\">\"Terciopelo y Fuego\"<br \/><\/span><\/h2><\/td><\/tr><tr style=\"height:px\" ><td data-cell-id=\"A3\" data-x=\"0\" data-y=\"3\" data-db-index=\"3\" class=\"bg-000000 htCenter color-ffffff bold fsize-15\" data-cell-type=\"text\" data-original-value=\"By Jos\u00e9 Domingo\" data-order=\"By Jos\u00e9 Domingo\" >By Jos\u00e9 Domingo <\/td><\/tr><tr style=\"height:px\" ><td data-cell-id=\"A4\" data-x=\"0\" data-y=\"4\" data-db-index=\"4\" class=\"bg-000000 htCenter\" data-cell-type=\"text\" data-original-value=\"&lt;em&gt;&lt;p style=&quot;padding-left: 000px;font-size: 14pt;color: #FFC300&quot;&gt;&lt;br \/&gt; M\u00e1s all\u00e1 del deseo est\u00e1s t\u00fa&lt;br \/&gt; Excitando mi cuerpo y mi alma&lt;br \/&gt; Terciopelo y fuego corren por tu piel.&lt;br \/&gt; &lt;br \/&gt; A\u00fan no s\u00e9 qu\u00e9 te puedo decir&lt;br \/&gt; Solo s\u00e9 que las manos me tiemblan&lt;br \/&gt; Tengo que sentirme un hombre&lt;br \/&gt; Junto a ti&lt;br \/&gt; &lt;br \/&gt; Quiero ir m\u00e1s all\u00e1 del amor&lt;br \/&gt; Y morir un poco en ti&lt;br \/&gt; Mientras siento el placer y el dolor&lt;br \/&gt; Que me ahoga por salir&lt;br \/&gt; &lt;br \/&gt; Solo necesito el aire&lt;br \/&gt; Si estas t\u00fa&lt;br \/&gt; Todo lo dem\u00e1s es f\u00e1cil&lt;br \/&gt; Si est\u00e1s t\u00fa&lt;br \/&gt; Sabes darme la ternura&lt;br \/&gt; Que una ni\u00f1a puede dar&lt;br \/&gt; Vives el amor segura&lt;br \/&gt; Hasta el final&lt;br \/&gt; &lt;br \/&gt; Solo necesito el aire&lt;br \/&gt; Si estas t\u00fa&lt;br \/&gt; Todo lo dem\u00e1s es f\u00e1cil&lt;br \/&gt; Si est\u00e1s t\u00fa&lt;br \/&gt; &lt;br \/&gt; Puedo construir un mundo&lt;br \/&gt; En cada pliegue de tu piel&lt;br \/&gt; En tu aliento&lt;br \/&gt; Terciopelo y fuego&lt;br \/&gt; &lt;br \/&gt; Al nacer la ma\u00f1ana te vas&lt;br \/&gt; Silenciosa y envuelta en misterio&lt;br \/&gt; Cara de deseo y de ternura&lt;br \/&gt; A la vez&lt;br \/&gt; &lt;br \/&gt; Que m\u00e1s da lo que pueda pasar&lt;br \/&gt; Prefiero equivocame de nuevo&lt;br \/&gt; Lo \u00fanico que ahora quiero&lt;br \/&gt; Eres t\u00fa&lt;br \/&gt; &lt;br \/&gt; Quiero ir m\u00e1s all\u00e1 del amor&lt;br \/&gt; Y morir un poco en ti&lt;br \/&gt; Mientras siento el placer y el dolor&lt;br \/&gt; Que me ahoga por salir&lt;br \/&gt; &lt;br \/&gt; Solo necesito el aire&lt;br \/&gt; Si estas t\u00fa&lt;br \/&gt; Todo lo dem\u00e1s es f\u00e1cil&lt;br \/&gt; Si est\u00e1s t\u00fa&lt;br \/&gt; Sabes darme la ternura&lt;br \/&gt; Que una ni\u00f1a puede dar&lt;br \/&gt; Vives el amor segura&lt;br \/&gt; Hasta el final.&lt;br \/&gt; &lt;br \/&gt; Solo necesito el aire&lt;br \/&gt; Si estas t\u00fa&lt;br \/&gt; Todo lo dem\u00e1s es f\u00e1cil&lt;br \/&gt; Si est\u00e1s t\u00fa&lt;br \/&gt; Sabes darme la ternura&lt;br \/&gt; Que una ni\u00f1a puede dar&lt;br \/&gt; Vives el amor segura&lt;br \/&gt; Hasta el final.&lt;br \/&gt; &lt;br \/&gt; Solo necesito el aire&lt;br \/&gt; Si estas t\u00fa&lt;br \/&gt; Todo lo dem\u00e1s es f\u00e1cil&lt;br \/&gt; Si est\u00e1s t\u00fa&lt;br \/&gt; Sabes darme la ternura&lt;br \/&gt; Que una ni\u00f1a puede dar&lt;br \/&gt; Vives el amor segura&lt;br \/&gt; Hasta el final.&lt;br \/&gt; &lt;br \/&gt; &lt;\/p&gt;&lt;\/em&gt;\" data-order=\"&lt;em&gt;&lt;p style=&quot;padding-left: 000px;font-size: 14pt;color: #FFC300&quot;&gt;&lt;br \/&gt; M\u00e1s all\u00e1 del deseo est\u00e1s t\u00fa&lt;br \/&gt; Excitando mi cuerpo y mi alma&lt;br \/&gt; Terciopelo y fuego corren por tu piel.&lt;br \/&gt; &lt;br \/&gt; A\u00fan no s\u00e9 qu\u00e9 te puedo decir&lt;br \/&gt; Solo s\u00e9 que las manos me tiemblan&lt;br \/&gt; Tengo que sentirme un hombre&lt;br \/&gt; Junto a ti&lt;br \/&gt; &lt;br \/&gt; Quiero ir m\u00e1s all\u00e1 del amor&lt;br \/&gt; Y morir un poco en ti&lt;br \/&gt; Mientras siento el placer y el dolor&lt;br \/&gt; Que me ahoga por salir&lt;br \/&gt; &lt;br \/&gt; Solo necesito el aire&lt;br \/&gt; Si estas t\u00fa&lt;br \/&gt; Todo lo dem\u00e1s es f\u00e1cil&lt;br \/&gt; Si est\u00e1s t\u00fa&lt;br \/&gt; Sabes darme la ternura&lt;br \/&gt; Que una ni\u00f1a puede dar&lt;br \/&gt; Vives el amor segura&lt;br \/&gt; Hasta el final&lt;br \/&gt; &lt;br \/&gt; Solo necesito el aire&lt;br \/&gt; Si estas t\u00fa&lt;br \/&gt; Todo lo dem\u00e1s es f\u00e1cil&lt;br \/&gt; Si est\u00e1s t\u00fa&lt;br \/&gt; &lt;br \/&gt; Puedo construir un mundo&lt;br \/&gt; En cada pliegue de tu piel&lt;br \/&gt; En tu aliento&lt;br \/&gt; Terciopelo y fuego&lt;br \/&gt; &lt;br \/&gt; Al nacer la ma\u00f1ana te vas&lt;br \/&gt; Silenciosa y envuelta en misterio&lt;br \/&gt; Cara de deseo y de ternura&lt;br \/&gt; A la vez&lt;br \/&gt; &lt;br \/&gt; Que m\u00e1s da lo que pueda pasar&lt;br \/&gt; Prefiero equivocame de nuevo&lt;br \/&gt; Lo \u00fanico que ahora quiero&lt;br \/&gt; Eres t\u00fa&lt;br \/&gt; &lt;br \/&gt; Quiero ir m\u00e1s all\u00e1 del amor&lt;br \/&gt; Y morir un poco en ti&lt;br \/&gt; Mientras siento el placer y el dolor&lt;br \/&gt; Que me ahoga por salir&lt;br \/&gt; &lt;br \/&gt; Solo necesito el aire&lt;br \/&gt; Si estas t\u00fa&lt;br \/&gt; Todo lo dem\u00e1s es f\u00e1cil&lt;br \/&gt; Si est\u00e1s t\u00fa&lt;br \/&gt; Sabes darme la ternura&lt;br \/&gt; Que una ni\u00f1a puede dar&lt;br \/&gt; Vives el amor segura&lt;br \/&gt; Hasta el final.&lt;br \/&gt; &lt;br \/&gt; Solo necesito el aire&lt;br \/&gt; Si estas t\u00fa&lt;br \/&gt; Todo lo dem\u00e1s es f\u00e1cil&lt;br \/&gt; Si est\u00e1s t\u00fa&lt;br \/&gt; Sabes darme la ternura&lt;br \/&gt; Que una ni\u00f1a puede dar&lt;br \/&gt; Vives el amor segura&lt;br \/&gt; Hasta el final.&lt;br \/&gt; &lt;br \/&gt; Solo necesito el aire&lt;br \/&gt; Si estas t\u00fa&lt;br \/&gt; Todo lo dem\u00e1s es f\u00e1cil&lt;br \/&gt; Si est\u00e1s t\u00fa&lt;br \/&gt; Sabes darme la ternura&lt;br \/&gt; Que una ni\u00f1a puede dar&lt;br \/&gt; Vives el amor segura&lt;br \/&gt; Hasta el final.&lt;br \/&gt; &lt;br \/&gt; &lt;\/p&gt;&lt;\/em&gt;\" ><em><p style=\"padding-left: 000px;font-size: 14pt;color: #FFC300\"><br \/> M\u00e1s all\u00e1 del deseo est\u00e1s t\u00fa<br \/> Excitando mi cuerpo y mi alma<br \/> Terciopelo y fuego corren por tu piel.<br \/><br \/> A\u00fan no s\u00e9 qu\u00e9 te puedo decir<br \/> Solo s\u00e9 que las manos me tiemblan<br \/> Tengo que sentirme un hombre<br \/> Junto a ti<br \/><br \/> Quiero ir m\u00e1s all\u00e1 del amor<br \/> Y morir un poco en ti<br \/> Mientras siento el placer y el dolor<br \/> Que me ahoga por salir<br \/><br \/> Solo necesito el aire<br \/> Si estas t\u00fa<br \/> Todo lo dem\u00e1s es f\u00e1cil<br \/> Si est\u00e1s t\u00fa<br \/> Sabes darme la ternura<br \/> Que una ni\u00f1a puede dar<br \/> Vives el amor segura<br \/> Hasta el final<br \/><br \/> Solo necesito el aire<br \/> Si estas t\u00fa<br \/> Todo lo dem\u00e1s es f\u00e1cil<br \/> Si est\u00e1s t\u00fa<br \/><br \/> Puedo construir un mundo<br \/> En cada pliegue de tu piel<br \/> En tu aliento<br \/> Terciopelo y fuego<br \/><br \/> Al nacer la ma\u00f1ana te vas<br \/> Silenciosa y envuelta en misterio<br \/> Cara de deseo y de ternura<br \/> A la vez<br \/><br \/> Que m\u00e1s da lo que pueda pasar<br \/> Prefiero equivocame de nuevo<br \/> Lo \u00fanico que ahora quiero<br \/> Eres t\u00fa<br \/><br \/> Quiero ir m\u00e1s all\u00e1 del amor<br \/> Y morir un poco en ti<br \/> Mientras siento el placer y el dolor<br \/> Que me ahoga por salir<br \/><br \/> Solo necesito el aire<br \/> Si estas t\u00fa<br \/> Todo lo dem\u00e1s es f\u00e1cil<br \/> Si est\u00e1s t\u00fa<br \/> Sabes darme la ternura<br \/> Que una ni\u00f1a puede dar<br \/> Vives el amor segura<br \/> Hasta el final.<br \/><br \/> Solo necesito el aire<br \/> Si estas t\u00fa<br \/> Todo lo dem\u00e1s es f\u00e1cil<br \/> Si est\u00e1s t\u00fa<br \/> Sabes darme la ternura<br \/> Que una ni\u00f1a puede dar<br \/> Vives el amor segura<br \/> Hasta el final.<br \/><br \/> Solo necesito el aire<br \/> Si estas t\u00fa<br \/> Todo lo dem\u00e1s es f\u00e1cil<br \/> Si est\u00e1s t\u00fa<br \/> Sabes darme la ternura<br \/> Que una ni\u00f1a puede dar<br \/> Vives el amor segura<br \/> Hasta el final.<br \/><br \/><\/p><\/em><\/td><\/tr><tr style=\"height:px\" ><td data-cell-id=\"A5\" data-x=\"0\" data-y=\"5\" data-db-index=\"5\" class=\"bg-000000\" data-cell-type=\"text\" data-original-value=\"\" data-order=\"\" ><\/td><\/tr><\/tbody><\/table><!-- \/#supsystic-table-20.supsystic-table --><\/div><!-- \/.supsystic-tables-wrap --><!-- Tables Generator by Supsystic --><!-- Version:1.11.0 --><!-- http:\/\/supsystic.com\/ --><a title=\"WordPress Table\" style=\"display:none;\" href=\"https:\/\/supsystic.com\/plugins\/wordpress-data-table-plugin\/?utm_medium=love_link\" target=\"_blank\">WordPress Table<\/a>\n","protected":false},"excerpt":{"rendered":"","protected":false},"author":1,"featured_media":6323,"parent":64,"menu_order":6,"comment_status":"open","ping_status":"closed","template":"","meta":{"footnotes":"","_links_to":"","_links_to_target":""},"categories":[60],"tags":[],"class_list":["post-535","page","type-page","status-publish","has-post-thumbnail","hentry","category-oath-of-love"],"_links":{"self":[{"href":"https:\/\/avoriginal.org\/dzx\/wp-json\/wp\/v2\/pages\/535","targetHints":{"allow":["GET"]}}],"collection":[{"href":"https:\/\/avoriginal.org\/dzx\/wp-json\/wp\/v2\/pages"}],"about":[{"href":"https:\/\/avoriginal.org\/dzx\/wp-json\/wp\/v2\/types\/page"}],"author":[{"embeddable":true,"href":"https:\/\/avoriginal.org\/dzx\/wp-json\/wp\/v2\/users\/1"}],"replies":[{"embeddable":true,"href":"https:\/\/avoriginal.org\/dzx\/wp-json\/wp\/v2\/comments?post=535"}],"version-history":[{"count":1,"href":"https:\/\/avoriginal.org\/dzx\/wp-json\/wp\/v2\/pages\/535\/revisions"}],"predecessor-version":[{"id":9708,"href":"https:\/\/avoriginal.org\/dzx\/wp-json\/wp\/v2\/pages\/535\/revisions\/9708"}],"up":[{"embeddable":true,"href":"https:\/\/avoriginal.org\/dzx\/wp-json\/wp\/v2\/pages\/64"}],"wp:featuredmedia":[{"embeddable":true,"href":"https:\/\/avoriginal.org\/dzx\/wp-json\/wp\/v2\/media\/6323"}],"wp:attachment":[{"href":"https:\/\/avoriginal.org\/dzx\/wp-json\/wp\/v2\/media?parent=535"}],"wp:term":[{"taxonomy":"category","embeddable":true,"href":"https:\/\/avoriginal.org\/dzx\/wp-json\/wp\/v2\/categories?post=535"},{"taxonomy":"post_tag","embeddable":true,"href":"https:\/\/avoriginal.org\/dzx\/wp-json\/wp\/v2\/tags?post=535"}],"curies":[{"name":"wp","href":"https:\/\/api.w.org\/{rel}","templated":true}]}}