{"id":555,"date":"2011-11-09T17:28:25","date_gmt":"2011-11-09T17:28:25","guid":{"rendered":"http:\/\/www.audiovideo2k.com\/Sponsors\/?page_id=555"},"modified":"2025-08-31T18:12:34","modified_gmt":"2025-08-31T23:12:34","slug":"2011-11-09-pideme-la-luna","status":"publish","type":"page","link":"https:\/\/avoriginal.org\/dzx\/debbie-zapata\/2011-11-09-pideme-la-luna\/","title":{"rendered":"2011-11-09 P\u00eddeme la Luna"},"content":{"rendered":"<p><div id=\"wpfp_79a7b4897949f18c547d562ef190b839\" data-item=\"{&quot;sources&quot;:[{&quot;src&quot;:&quot;https:\\\/\\\/agreenproject.org\\\/2011\\\/2015-07-09-P\\u00eddeme la Luna.mp4&quot;,&quot;type&quot;:&quot;video\\\/mp4&quot;}],&quot;id&quot;:&quot;291&quot;,&quot;fv_title&quot;:&quot;2011-11-09 P\\u00eddeme la Luna&quot;,&quot;splash&quot;:&quot;https:\\\/\\\/avoriginal.org\\\/dzx\\\/wp-content\\\/uploads\\\/2015\\\/07\\\/P\\u00eddeme-la-Luna-01.jpg&quot;}\" class=\"flowplayer no-brand is-splash is-paused skin-slim no-svg fp-slim fp-edgy fixed-controls has-caption\" data-fv-embed=\"https:\/\/avoriginal.org\/dzx\/debbie-zapata\/2011-11-09-pideme-la-luna\/fvp-273\/\" style=\"position:relative; max-width: 1200px; max-height: 700px; \" data-ratio=\"0.5833\">\n\t<div class=\"fp-ratio\" style=\"padding-top: 58.33%\"><\/div>\n\t<img decoding=\"async\" class=\"fp-splash\" alt=\"2011-11-09 P\u00eddeme la Luna\" src=\"https:\/\/avoriginal.org\/dzx\/wp-content\/uploads\/2015\/07\/P\u00eddeme-la-Luna-01.jpg\" style=\"position:absolute;top:0;width:100%\" \/>\n\t<div class=\"fp-ui\"><noscript>Please enable JavaScript<\/noscript><div class=\"fp-play fp-visible\"><svg class=\"fp-play-sharp-fill\" xmlns=\"http:\/\/www.w3.org\/2000\/svg\" viewBox=\"0 0 100 100\"><defs><style>.fp-color-play{opacity:0.65;}.controlbutton{fill:#fff;}<\/style><\/defs><title>play-sharp-fill<\/title><path class=\"fp-color-play\" d=\"M49.9217-.078a50,50,0,1,0,50,50A50.0564,50.0564,0,0,0,49.9217-.078Z\"\/><polygon class=\"controlbutton\" points=\"73.601 50 37.968 70.573 37.968 29.427 73.601 50\" filter=\"url(#f1)\"\/><\/svg><\/div><div class=\"fp-preload\"><b><\/b><b><\/b><b><\/b><b><\/b><\/div><\/div>\n<div class='fvp-share-bar'><ul class=\"fvp-sharing\">\r\n    <li><a class=\"sharing-facebook\" href=\"https:\/\/www.facebook.com\/sharer\/sharer.php?u=https%3A%2F%2Favoriginal.org%2Fdzx%2Fdebbie-zapata%2F2011-11-09-pideme-la-luna%2F\" target=\"_blank\"><\/a><\/li>\r\n    <li><a class=\"sharing-twitter\" href=\"https:\/\/twitter.com\/intent\/tweet?text=Unlimited+Enthusiasm+&url=https%3A%2F%2Favoriginal.org%2Fdzx%2Fdebbie-zapata%2F2011-11-09-pideme-la-luna%2F\" target=\"_blank\"><\/a><\/li>\r\n    <li><a class=\"sharing-email\" href=\"mailto:?body=Check%20out%20the%20amazing%20video%20here%3A%20https%3A%2F%2Favoriginal.org%2Fdzx%2Fdebbie-zapata%2F2011-11-09-pideme-la-luna%2F\" target=\"_blank\"><\/a><\/li><\/ul><div><a class=\"sharing-link\" href=\"https:\/\/avoriginal.org\/dzx\/debbie-zapata\/2011-11-09-pideme-la-luna\/\" target=\"_blank\">Link<\/a><\/div><div><label><a class=\"embed-code-toggle\" href=\"#\"><strong>Embed<\/strong><\/a><\/label><\/div><div class=\"embed-code\"><label>Copy and paste this HTML code into your webpage to embed.<\/label><textarea><\/textarea><\/div><\/div>\n<\/div>\n<p class='fp-caption'>2011-11-09 P\u00eddeme la Luna<\/p><br \/>\n<div class=\"supsystic-table-loader spinner\"style=\"background-color:#000000\"><\/div><div id=\"supsystic-table-30_42989\" class=\"supsystic-tables-wrap disable-responsive\" style=\" width:100%; visibility: hidden; \" data-table-width-fixed=\"100%\" data-table-width-mobile=\"100%\" ><table id=\"supsystic-table-30\" class=\"supsystic-table paragraphMode border lightboxImg no-border\" data-id=\"30\" data-view-id=\"30_42989\" data-title=\"P\u00eddeme la Luna\" data-currency-format=\"$1,000.00\" data-percent-format=\"10.00%\" data-date-format=\"DD.MM.YYYY\" data-time-format=\"HH:mm\" data-features=\"[&quot;after_table_loaded_script&quot;]\" data-search-value=\"\" data-lightbox-img=\"\" data-head-rows-count=\"1\" data-pagination-length=\"50,100,All\" data-auto-index=\"off\" data-searching-settings=\"{&quot;columnSearchPosition&quot;:&quot;bottom&quot;,&quot;minChars&quot;:&quot;0&quot;}\" data-lang=\"default\" data-override=\"{&quot;emptyTable&quot;:&quot;&quot;,&quot;info&quot;:&quot;&quot;,&quot;infoEmpty&quot;:&quot;&quot;,&quot;infoFiltered&quot;:&quot;&quot;,&quot;lengthMenu&quot;:&quot;&quot;,&quot;search&quot;:&quot;&quot;,&quot;zeroRecords&quot;:&quot;&quot;,&quot;exportLabel&quot;:&quot;&quot;,&quot;file&quot;:&quot;default&quot;}\" data-merged=\"[]\" data-responsive-mode=\"3\" data-from-history=\"0\" ><thead><tr><th class=\"\" style=\"width:; padding: 0 !important;\"><\/th><\/tr><\/thead><tbody><tr style=\"height:px\" ><td data-cell-id=\"A1\" data-x=\"0\" data-y=\"1\" data-db-index=\"1\" class=\"bg-000000 htCenter\" data-cell-type=\"text\" data-original-value=\"&lt;h1&gt;&lt;span style=&quot;color: #00ffff&quot;&gt;Ask Me for My Life and &lt;br \/&gt; I will Show You &lt;br \/&gt; How Much I Loved You and &lt;br \/&gt; How Much I will Love You&lt;br \/&gt; &lt;\/span&gt;&lt;\/h1&gt;\" data-order=\"&lt;h1&gt;&lt;span style=&quot;color: #00ffff&quot;&gt;Ask Me for My Life and &lt;br \/&gt; I will Show You &lt;br \/&gt; How Much I Loved You and &lt;br \/&gt; How Much I will Love You&lt;br \/&gt; &lt;\/span&gt;&lt;\/h1&gt;\" style=\"min-width:100%; \" ><h1><span style=\"color: #00ffff\">Ask Me for My Life and <br \/> I will Show You <br \/> How Much I Loved You and <br \/> How Much I will Love You<br \/><\/span><\/h1><\/td><\/tr><tr style=\"height:px\" ><td data-cell-id=\"A2\" data-x=\"0\" data-y=\"2\" data-db-index=\"2\" class=\"bg-000000 htCenter\" data-cell-type=\"text\" data-original-value=\"&lt;h2&gt;&lt;span style=&quot;color: #87F907&quot;&gt;&quot;P\u00eddeme la Luna&quot;&lt;br \/&gt; &lt;\/span&gt;&lt;\/h2&gt;\" data-order=\"&lt;h2&gt;&lt;span style=&quot;color: #87F907&quot;&gt;&quot;P\u00eddeme la Luna&quot;&lt;br \/&gt; &lt;\/span&gt;&lt;\/h2&gt;\" ><h2><span style=\"color: #87F907\">\"P\u00eddeme la Luna\"<br \/><\/span><\/h2><\/td><\/tr><tr style=\"height:px\" ><td data-cell-id=\"A3\" data-x=\"0\" data-y=\"3\" data-db-index=\"3\" class=\"bg-000000 htCenter color-ffffff bold fsize-15\" data-cell-type=\"text\" data-original-value=\"By Leo Dan\" data-order=\"By Leo Dan\" >By Leo Dan <\/td><\/tr><tr style=\"height:px\" ><td data-cell-id=\"A4\" data-x=\"0\" data-y=\"4\" data-db-index=\"4\" class=\"bg-000000 htCenter\" data-cell-type=\"text\" data-original-value=\"&lt;em&gt;&lt;p style=&quot;padding-left: 000px;font-size: 14pt;color: #FFC300&quot;&gt;&lt;br \/&gt; Las horas mas lindas&lt;br \/&gt; Las paso contigo si&lt;br \/&gt; No quiero ni pensar si un d\u00eda me faltes t\u00fa&lt;br \/&gt; No quiero ni pensarlo amor.&lt;br \/&gt; &lt;br \/&gt; Tu me acostumbraste&lt;br \/&gt; A ser como un ni\u00f1o&lt;br \/&gt; No quiero ni pensar si un d\u00eda me faltes t\u00fa&lt;br \/&gt; No quiero ni pensarlo, amor.&lt;br \/&gt; &lt;br \/&gt; P\u00eddeme la luna y te la bajare&lt;br \/&gt; P\u00eddeme una estrella y hasta all\u00e1 me ir\u00e9&lt;br \/&gt; M\u00e1s nunca me digas no te quiero m\u00e1s&lt;br \/&gt; Porque esas palabras me hacen mucho mal.&lt;br \/&gt; &lt;br \/&gt; P\u00eddeme la vida y te demostrar\u00e9&lt;br \/&gt; Cuanto yo te quise y cuanto te amar\u00e9&lt;br \/&gt; Tu fuiste quien ha nacido para mi el amor&lt;br \/&gt; Regalo m\u00e1s lindo que me ha dado dios.&lt;br \/&gt; &lt;br \/&gt; Quisiera esta noche tenerte conmigo amor&lt;br \/&gt; No quiero ni pensar si un d\u00eda me faltes t\u00fa&lt;br \/&gt; No quiero ni pensarlo, amor.&lt;br \/&gt; &lt;br \/&gt; Tu me acostumbraste a ser como un ni\u00f1o&lt;br \/&gt; No quiero ni pensar si un d\u00eda me faltes t\u00fa&lt;br \/&gt; No quiero ni pensarlo, amor.&lt;br \/&gt; &lt;br \/&gt; P\u00eddeme la luna y te la bajare&lt;br \/&gt; P\u00eddeme una estrella y hasta all\u00e1 me ir\u00e9&lt;br \/&gt; M\u00e1s nunca me digas no te quiero m\u00e1s&lt;br \/&gt; Porque esas palabras me hacen mucho mal.&lt;br \/&gt; &lt;br \/&gt; P\u00eddeme la vida y te demostrar\u00e9&lt;br \/&gt; Cuanto yo te quise y cuanto te amar\u00e9&lt;br \/&gt; Tu fuiste quien ha nacido para mi el amor&lt;br \/&gt; Regalo m\u00e1s lindo que me ha dado dios.&lt;br \/&gt; &lt;br \/&gt; P\u00eddeme la luna y te la bajare&lt;br \/&gt; P\u00eddeme una estrella y hasta all\u00e1 me ir\u00e9&lt;br \/&gt; M\u00e1s nunca me digas no te quiero m\u00e1s&lt;br \/&gt; Porque esas palabras me hacen mucho mal.&lt;br \/&gt; &lt;\/p&gt;&lt;\/em&gt;\" data-order=\"&lt;em&gt;&lt;p style=&quot;padding-left: 000px;font-size: 14pt;color: #FFC300&quot;&gt;&lt;br \/&gt; Las horas mas lindas&lt;br \/&gt; Las paso contigo si&lt;br \/&gt; No quiero ni pensar si un d\u00eda me faltes t\u00fa&lt;br \/&gt; No quiero ni pensarlo amor.&lt;br \/&gt; &lt;br \/&gt; Tu me acostumbraste&lt;br \/&gt; A ser como un ni\u00f1o&lt;br \/&gt; No quiero ni pensar si un d\u00eda me faltes t\u00fa&lt;br \/&gt; No quiero ni pensarlo, amor.&lt;br \/&gt; &lt;br \/&gt; P\u00eddeme la luna y te la bajare&lt;br \/&gt; P\u00eddeme una estrella y hasta all\u00e1 me ir\u00e9&lt;br \/&gt; M\u00e1s nunca me digas no te quiero m\u00e1s&lt;br \/&gt; Porque esas palabras me hacen mucho mal.&lt;br \/&gt; &lt;br \/&gt; P\u00eddeme la vida y te demostrar\u00e9&lt;br \/&gt; Cuanto yo te quise y cuanto te amar\u00e9&lt;br \/&gt; Tu fuiste quien ha nacido para mi el amor&lt;br \/&gt; Regalo m\u00e1s lindo que me ha dado dios.&lt;br \/&gt; &lt;br \/&gt; Quisiera esta noche tenerte conmigo amor&lt;br \/&gt; No quiero ni pensar si un d\u00eda me faltes t\u00fa&lt;br \/&gt; No quiero ni pensarlo, amor.&lt;br \/&gt; &lt;br \/&gt; Tu me acostumbraste a ser como un ni\u00f1o&lt;br \/&gt; No quiero ni pensar si un d\u00eda me faltes t\u00fa&lt;br \/&gt; No quiero ni pensarlo, amor.&lt;br \/&gt; &lt;br \/&gt; P\u00eddeme la luna y te la bajare&lt;br \/&gt; P\u00eddeme una estrella y hasta all\u00e1 me ir\u00e9&lt;br \/&gt; M\u00e1s nunca me digas no te quiero m\u00e1s&lt;br \/&gt; Porque esas palabras me hacen mucho mal.&lt;br \/&gt; &lt;br \/&gt; P\u00eddeme la vida y te demostrar\u00e9&lt;br \/&gt; Cuanto yo te quise y cuanto te amar\u00e9&lt;br \/&gt; Tu fuiste quien ha nacido para mi el amor&lt;br \/&gt; Regalo m\u00e1s lindo que me ha dado dios.&lt;br \/&gt; &lt;br \/&gt; P\u00eddeme la luna y te la bajare&lt;br \/&gt; P\u00eddeme una estrella y hasta all\u00e1 me ir\u00e9&lt;br \/&gt; M\u00e1s nunca me digas no te quiero m\u00e1s&lt;br \/&gt; Porque esas palabras me hacen mucho mal.&lt;br \/&gt; &lt;\/p&gt;&lt;\/em&gt;\" ><em><p style=\"padding-left: 000px;font-size: 14pt;color: #FFC300\"><br \/> Las horas mas lindas<br \/> Las paso contigo si<br \/> No quiero ni pensar si un d\u00eda me faltes t\u00fa<br \/> No quiero ni pensarlo amor.<br \/><br \/> Tu me acostumbraste<br \/> A ser como un ni\u00f1o<br \/> No quiero ni pensar si un d\u00eda me faltes t\u00fa<br \/> No quiero ni pensarlo, amor.<br \/><br \/> P\u00eddeme la luna y te la bajare<br \/> P\u00eddeme una estrella y hasta all\u00e1 me ir\u00e9<br \/> M\u00e1s nunca me digas no te quiero m\u00e1s<br \/> Porque esas palabras me hacen mucho mal.<br \/><br \/> P\u00eddeme la vida y te demostrar\u00e9<br \/> Cuanto yo te quise y cuanto te amar\u00e9<br \/> Tu fuiste quien ha nacido para mi el amor<br \/> Regalo m\u00e1s lindo que me ha dado dios.<br \/><br \/> Quisiera esta noche tenerte conmigo amor<br \/> No quiero ni pensar si un d\u00eda me faltes t\u00fa<br \/> No quiero ni pensarlo, amor.<br \/><br \/> Tu me acostumbraste a ser como un ni\u00f1o<br \/> No quiero ni pensar si un d\u00eda me faltes t\u00fa<br \/> No quiero ni pensarlo, amor.<br \/><br \/> P\u00eddeme la luna y te la bajare<br \/> P\u00eddeme una estrella y hasta all\u00e1 me ir\u00e9<br \/> M\u00e1s nunca me digas no te quiero m\u00e1s<br \/> Porque esas palabras me hacen mucho mal.<br \/><br \/> P\u00eddeme la vida y te demostrar\u00e9<br \/> Cuanto yo te quise y cuanto te amar\u00e9<br \/> Tu fuiste quien ha nacido para mi el amor<br \/> Regalo m\u00e1s lindo que me ha dado dios.<br \/><br \/> P\u00eddeme la luna y te la bajare<br \/> P\u00eddeme una estrella y hasta all\u00e1 me ir\u00e9<br \/> M\u00e1s nunca me digas no te quiero m\u00e1s<br \/> Porque esas palabras me hacen mucho mal.<br \/><\/p><\/em><\/td><\/tr><tr style=\"height:px\" ><td data-cell-id=\"A5\" data-x=\"0\" data-y=\"5\" data-db-index=\"5\" class=\"bg-000000 htCenter\" data-cell-type=\"text\" data-original-value=\"\" data-order=\"\" ><\/td><\/tr><tr style=\"height:px\" ><td data-cell-id=\"A6\" data-x=\"0\" data-y=\"6\" data-db-index=\"6\" class=\"bg-000000 color-ffffff htCenter\" data-cell-type=\"text\" data-original-value=\"\" data-order=\"\" ><\/td><\/tr><tr style=\"height:px\" ><td data-cell-id=\"A7\" data-x=\"0\" data-y=\"7\" data-db-index=\"7\" class=\"bg-000000 color-ffffff htCenter\" data-cell-type=\"text\" data-original-value=\"\" data-order=\"\" ><\/td><\/tr><\/tbody><\/table><!-- \/#supsystic-table-30.supsystic-table --><\/div><!-- \/.supsystic-tables-wrap --><!-- Tables Generator by Supsystic --><!-- Version:1.11.0 --><!-- http:\/\/supsystic.com\/ --><a title=\"WordPress Table\" style=\"display:none;\" href=\"https:\/\/supsystic.com\/plugins\/wordpress-data-table-plugin\/?utm_medium=love_link\" target=\"_blank\">WordPress Table<\/a><\/p>\n","protected":false},"excerpt":{"rendered":"","protected":false},"author":1,"featured_media":750,"parent":64,"menu_order":16,"comment_status":"open","ping_status":"closed","template":"","meta":{"footnotes":"","_links_to":"","_links_to_target":""},"categories":[60],"tags":[],"class_list":["post-555","page","type-page","status-publish","has-post-thumbnail","hentry","category-oath-of-love"],"_links":{"self":[{"href":"https:\/\/avoriginal.org\/dzx\/wp-json\/wp\/v2\/pages\/555","targetHints":{"allow":["GET"]}}],"collection":[{"href":"https:\/\/avoriginal.org\/dzx\/wp-json\/wp\/v2\/pages"}],"about":[{"href":"https:\/\/avoriginal.org\/dzx\/wp-json\/wp\/v2\/types\/page"}],"author":[{"embeddable":true,"href":"https:\/\/avoriginal.org\/dzx\/wp-json\/wp\/v2\/users\/1"}],"replies":[{"embeddable":true,"href":"https:\/\/avoriginal.org\/dzx\/wp-json\/wp\/v2\/comments?post=555"}],"version-history":[{"count":2,"href":"https:\/\/avoriginal.org\/dzx\/wp-json\/wp\/v2\/pages\/555\/revisions"}],"predecessor-version":[{"id":9043,"href":"https:\/\/avoriginal.org\/dzx\/wp-json\/wp\/v2\/pages\/555\/revisions\/9043"}],"up":[{"embeddable":true,"href":"https:\/\/avoriginal.org\/dzx\/wp-json\/wp\/v2\/pages\/64"}],"wp:featuredmedia":[{"embeddable":true,"href":"https:\/\/avoriginal.org\/dzx\/wp-json\/wp\/v2\/media\/750"}],"wp:attachment":[{"href":"https:\/\/avoriginal.org\/dzx\/wp-json\/wp\/v2\/media?parent=555"}],"wp:term":[{"taxonomy":"category","embeddable":true,"href":"https:\/\/avoriginal.org\/dzx\/wp-json\/wp\/v2\/categories?post=555"},{"taxonomy":"post_tag","embeddable":true,"href":"https:\/\/avoriginal.org\/dzx\/wp-json\/wp\/v2\/tags?post=555"}],"curies":[{"name":"wp","href":"https:\/\/api.w.org\/{rel}","templated":true}]}}