{"id":5917,"date":"2021-11-25T21:00:20","date_gmt":"2021-11-25T21:00:20","guid":{"rendered":"https:\/\/www.audiovideo2k.com\/Debbie_Zapata\/?page_id=5917"},"modified":"2025-10-03T05:45:48","modified_gmt":"2025-10-03T10:45:48","slug":"quiero-ser-tu-heroe","status":"publish","type":"page","link":"https:\/\/avoriginal.org\/dzx\/quiero-ser-tu-heroe\/","title":{"rendered":"Quiero Ser Tu H\u00e9roe"},"content":{"rendered":"<p>[aesop_content color=&#8221;#00ffff&#8221; background=&#8221;#333333&#8243; columns=&#8221;1&#8243; position=&#8221;none&#8221; imgrepeat=&#8221;no-repeat&#8221; floaterposition=&#8221;left&#8221; floaterdirection=&#8221;up&#8221; revealfx=&#8221;off&#8221; overlay_revealfx=&#8221;off&#8221;]<\/p>\n<h1><span style=\"color: #00ffff;\">Quiero Ser Tu H\u00e9roe.<\/span><\/h1>\n<p>[\/aesop_content]<\/p>\n<p>[videojs mp4=&#8221;https:\/\/agreenproject.org\/__2009\/2009-10-29-Quiero Ser Tu H\u00e9roe-web.mp4&#8243; poster=&#8221;https:\/\/agreenproject.org\/WordsForThousandsImages\/wp-content\/uploads\/2019\/02\/2009-10-29-Quiero-Ser-Tu-H\u00e9roe-RFL09_621.png&#8221; preload=&#8221;auto&#8221; autoplay=&#8221;true&#8221; width=&#8221;1200&#8243; height=&#8221;960&#8243; id=&#8221;movie-id&#8221; class=&#8221;alignleft&#8221; ][\/videojs]<\/p>\n<div class=\"supsystic-table-loader spinner\"style=\"background-color:#000000\"><\/div><div id=\"supsystic-table-5_5882\" class=\"supsystic-tables-wrap \" style=\" width:100%; visibility: hidden; \" data-table-width-fixed=\"100%\" data-table-width-mobile=\"100%\" ><table id=\"supsystic-table-5\" class=\"supsystic-table border lightboxImg no-border\" data-id=\"5\" data-view-id=\"5_5882\" data-title=\"Debbie, You Are My Everything\" data-currency-format=\"$1,000.00\" data-percent-format=\"10.00%\" data-date-format=\"DD.MM.YYYY\" data-time-format=\"HH:mm\" data-features=\"[&quot;after_table_loaded_script&quot;]\" data-search-value=\"\" data-lightbox-img=\"\" data-head-rows-count=\"1\" data-pagination-length=\"50,100,All\" data-auto-index=\"off\" data-searching-settings=\"{&quot;columnSearchPosition&quot;:&quot;bottom&quot;,&quot;minChars&quot;:&quot;0&quot;}\" data-lang=\"default\" data-override=\"{&quot;emptyTable&quot;:&quot;&quot;,&quot;info&quot;:&quot;&quot;,&quot;infoEmpty&quot;:&quot;&quot;,&quot;infoFiltered&quot;:&quot;&quot;,&quot;lengthMenu&quot;:&quot;&quot;,&quot;search&quot;:&quot;&quot;,&quot;zeroRecords&quot;:&quot;&quot;,&quot;exportLabel&quot;:&quot;&quot;,&quot;file&quot;:&quot;default&quot;}\" data-merged=\"[{&quot;row&quot;:0,&quot;col&quot;:0,&quot;rowspan&quot;:1,&quot;colspan&quot;:2},{&quot;row&quot;:1,&quot;col&quot;:0,&quot;rowspan&quot;:1,&quot;colspan&quot;:2}]\" data-responsive-mode=\"0\" data-from-history=\"0\" ><thead><tr><th class=\"\" style=\"width:; padding: 0 !important;\"><\/th><th class=\"\" style=\"width:; padding: 0 !important;\"><\/th><\/tr><\/thead><tbody><tr style=\"height:px\" ><td data-cell-id=\"A1\" data-x=\"0\" data-y=\"1\" data-db-index=\"1\" class=\"bg-000000 color-ffffff bold htCenter\" data-cell-type=\"text\" data-original-value=\"&lt;h1&gt;&lt;span style=&quot;color: #00ffff&quot;&gt;Debbie, You\u2019re My Sun, My Moon, My Guiding Star&lt;\/span&gt;&lt;\/h1&gt;\" data-order=\"&lt;h1&gt;&lt;span style=&quot;color: #00ffff&quot;&gt;Debbie, You\u2019re My Sun, My Moon, My Guiding Star&lt;\/span&gt;&lt;\/h1&gt;\" style=\"min-width:55.5844%; \" data-colspan=\"2\" data-rowspan=\"1\" ><h1><span style=\"color: #00ffff\">Debbie, You\u2019re My Sun, My Moon, My Guiding Star<\/span><\/h1><\/td><td data-cell-id=\"B1\" data-x=\"1\" data-y=\"1\" data-db-index=\"1\" class=\"bg-000000 color-ffffff bold htCenter\" data-cell-type=\"text\" data-original-value=\"\" data-order=\"\" style=\"min-width:44.4156%; \" data-hide=\"true\" ><\/td><\/tr><tr style=\"height:px\" ><td data-cell-id=\"A2\" data-x=\"0\" data-y=\"2\" data-db-index=\"2\" class=\"bg-000000 color-ffffff bold htCenter\" data-cell-type=\"text\" data-original-value=\"&lt;h2&gt;&lt;span style=&quot;color: #87F907&quot;&gt;&quot;You Are My Everything&quot;&lt;\/span&gt;&lt;\/h2&gt;\" data-order=\"&lt;h2&gt;&lt;span style=&quot;color: #87F907&quot;&gt;&quot;You Are My Everything&quot;&lt;\/span&gt;&lt;\/h2&gt;\" data-colspan=\"2\" data-rowspan=\"1\" ><h2><span style=\"color: #87F907\">\"You Are My Everything\"<\/span><\/h2><\/td><td data-cell-id=\"B2\" data-x=\"1\" data-y=\"2\" data-db-index=\"2\" class=\"bg-000000 color-ffffff bold htCenter\" data-cell-type=\"text\" data-original-value=\"\" data-order=\"\" data-hide=\"true\" ><\/td><\/tr><tr style=\"height:px\" ><td data-cell-id=\"A3\" data-x=\"0\" data-y=\"3\" data-db-index=\"3\" class=\"bg-000000 color-ffffff\" data-cell-type=\"text\" data-original-value=\"&lt;a href=&quot;https:\/\/www.audiovideo2k.com\/Sponsors\/debbie-zapata\/debbie-you-are-my-everything\/&quot; target=&quot;_self&quot;&gt;&lt;img src=&quot;https:\/\/www.audiovideo2k.com\/Sponsors\/wp-content\/uploads\/2018\/08\/Debbie-You-Are-My-Everything-07.png&quot;&gt;&lt;\/a&gt;\" data-order=\"&lt;a href=&quot;https:\/\/www.audiovideo2k.com\/Sponsors\/debbie-zapata\/debbie-you-are-my-everything\/&quot; target=&quot;_self&quot;&gt;&lt;img src=&quot;https:\/\/www.audiovideo2k.com\/Sponsors\/wp-content\/uploads\/2018\/08\/Debbie-You-Are-My-Everything-07.png&quot;&gt;&lt;\/a&gt;\" ><a href=\"https:\/\/www.audiovideo2k.com\/Sponsors\/debbie-zapata\/debbie-you-are-my-everything\/\" target=\"_self\"><img decoding=\"async\" src=\"https:\/\/www.audiovideo2k.com\/Sponsors\/wp-content\/uploads\/2018\/08\/Debbie-You-Are-My-Everything-07.png\"><\/a><\/td><td data-cell-id=\"B3\" data-x=\"1\" data-y=\"3\" data-db-index=\"3\" class=\"bg-000000 color-ffffff\" data-cell-type=\"text\" data-original-value=\"I see so many way that I Can love you till the day I die You\u2019re my reality, yet I\u2019m lost in a dream You\u2019re the first, the last, my everything\" data-order=\"I see so many way that I Can love you till the day I die You\u2019re my reality, yet I\u2019m lost in a dream You\u2019re the first, the last, my everything\" >I see so many way that I Can love you till the day I die You\u2019re my reality, yet I\u2019m lost in a dream You\u2019re the first, the last, my everything <\/td><\/tr><tr style=\"height:px\" ><td data-cell-id=\"A4\" data-x=\"0\" data-y=\"4\" data-db-index=\"4\" class=\"bg-000000 color-ffffff\" data-cell-type=\"text\" data-original-value=\"&lt;a href=&quot;https:\/\/www.audiovideo2k.com\/Sponsors\/debbie-zapata\/debbie-te-amo-eternamente\/&quot; target=&quot;_self&quot;&gt;&lt;img src=&quot;https:\/\/www.audiovideo2k.com\/Sponsors\/wp-content\/uploads\/2017\/11\/March_12_M0354.jpg&quot;&gt;&lt;\/a&gt;\" data-order=\"&lt;a href=&quot;https:\/\/www.audiovideo2k.com\/Sponsors\/debbie-zapata\/debbie-te-amo-eternamente\/&quot; target=&quot;_self&quot;&gt;&lt;img src=&quot;https:\/\/www.audiovideo2k.com\/Sponsors\/wp-content\/uploads\/2017\/11\/March_12_M0354.jpg&quot;&gt;&lt;\/a&gt;\" ><a href=\"https:\/\/www.audiovideo2k.com\/Sponsors\/debbie-zapata\/debbie-te-amo-eternamente\/\" target=\"_self\"><img decoding=\"async\" src=\"https:\/\/www.audiovideo2k.com\/Sponsors\/wp-content\/uploads\/2017\/11\/March_12_M0354.jpg\"><\/a><\/td><td data-cell-id=\"B4\" data-x=\"1\" data-y=\"4\" data-db-index=\"4\" class=\"bg-000000 color-ffffff\" data-cell-type=\"text\" data-original-value=\"Esto no debe ser no m\u00e1s que una canci\u00f3n, Qusiera fuera una declaraci\u00f3n de amor, Rom\u00e1ntica, sin reparar en formas tales, Que ponga freno a lo que siento ahora a caudales. Te amo, te amo, eternamente te amo.\" data-order=\"Esto no debe ser no m\u00e1s que una canci\u00f3n, Qusiera fuera una declaraci\u00f3n de amor, Rom\u00e1ntica, sin reparar en formas tales, Que ponga freno a lo que siento ahora a caudales. Te amo, te amo, eternamente te amo.\" >Esto no debe ser no m\u00e1s que una canci\u00f3n, Qusiera fuera una declaraci\u00f3n de amor, Rom\u00e1ntica, sin reparar en formas tales, Que ponga freno a lo que siento ahora a caudales. Te amo, te amo, eternamente te amo. <\/td><\/tr><tr style=\"height:px\" ><td data-cell-id=\"A5\" data-x=\"0\" data-y=\"5\" data-db-index=\"5\" class=\"bg-000000 color-ffffff\" data-cell-type=\"text\" data-original-value=\"&lt;a href=&quot;https:\/\/www.audiovideo2k.com\/Sponsors\/debbie-zapata\/fuera-del-mundo\/&quot; target=&quot;_self&quot;&gt;&lt;img src=&quot;https:\/\/www.audiovideo2k.com\/Sponsors\/wp-content\/uploads\/2016\/07\/FueradelMundo.jpg&quot;&gt;&lt;\/a&gt;\" data-order=\"&lt;a href=&quot;https:\/\/www.audiovideo2k.com\/Sponsors\/debbie-zapata\/fuera-del-mundo\/&quot; target=&quot;_self&quot;&gt;&lt;img src=&quot;https:\/\/www.audiovideo2k.com\/Sponsors\/wp-content\/uploads\/2016\/07\/FueradelMundo.jpg&quot;&gt;&lt;\/a&gt;\" ><a href=\"https:\/\/www.audiovideo2k.com\/Sponsors\/debbie-zapata\/fuera-del-mundo\/\" target=\"_self\"><img decoding=\"async\" src=\"https:\/\/www.audiovideo2k.com\/Sponsors\/wp-content\/uploads\/2016\/07\/FueradelMundo.jpg\"><\/a><\/td><td data-cell-id=\"B5\" data-x=\"1\" data-y=\"5\" data-db-index=\"5\" class=\"bg-000000 color-ffffff\" data-cell-type=\"text\" data-original-value=\"Voy a buscarte, voy a encontrarte Voy a llevarte Fuera del mundo, fuera del mundo. T\u00fa y yo, nosotros dos Ahora, as\u00ed, aqu\u00ed Fuera del mundo, fuera del mundo Fuera del mundo.\" data-order=\"Voy a buscarte, voy a encontrarte Voy a llevarte Fuera del mundo, fuera del mundo. T\u00fa y yo, nosotros dos Ahora, as\u00ed, aqu\u00ed Fuera del mundo, fuera del mundo Fuera del mundo.\" >Voy a buscarte, voy a encontrarte Voy a llevarte Fuera del mundo, fuera del mundo. T\u00fa y yo, nosotros dos Ahora, as\u00ed, aqu\u00ed Fuera del mundo, fuera del mundo Fuera del mundo. <\/td><\/tr><tr style=\"height:px\" ><td data-cell-id=\"A6\" data-x=\"0\" data-y=\"6\" data-db-index=\"6\" class=\"bg-000000 color-ffffff\" data-cell-type=\"text\" data-original-value=\"&lt;a href=&quot;https:\/\/www.audiovideo2k.com\/Sponsors\/debbie-zapata\/lady-in-red\/&quot; target=&quot;_self&quot;&gt;&lt;img src=&quot;https:\/\/www.audiovideo2k.com\/Sponsors\/wp-content\/uploads\/2018\/08\/2014-04-19-EarthsDay-015.jpg&quot;&gt;&lt;\/a&gt;\" data-order=\"&lt;a href=&quot;https:\/\/www.audiovideo2k.com\/Sponsors\/debbie-zapata\/lady-in-red\/&quot; target=&quot;_self&quot;&gt;&lt;img src=&quot;https:\/\/www.audiovideo2k.com\/Sponsors\/wp-content\/uploads\/2018\/08\/2014-04-19-EarthsDay-015.jpg&quot;&gt;&lt;\/a&gt;\" ><a href=\"https:\/\/www.audiovideo2k.com\/Sponsors\/debbie-zapata\/lady-in-red\/\" target=\"_self\"><img decoding=\"async\" src=\"https:\/\/www.audiovideo2k.com\/Sponsors\/wp-content\/uploads\/2018\/08\/2014-04-19-EarthsDay-015.jpg\"><\/a><\/td><td data-cell-id=\"B6\" data-x=\"1\" data-y=\"6\" data-db-index=\"6\" class=\"bg-000000 color-ffffff\" data-cell-type=\"text\" data-original-value=\"I\u2019ve never seen you looking so lovely as you did tonight I\u2019ve never seen you shine so bright. The lady in red is dancing with me, cheek to cheek There\u2019s nobody here, it\u2019s just you and me It\u2019s where I want to be.\" data-order=\"I\u2019ve never seen you looking so lovely as you did tonight I\u2019ve never seen you shine so bright. The lady in red is dancing with me, cheek to cheek There\u2019s nobody here, it\u2019s just you and me It\u2019s where I want to be.\" >I\u2019ve never seen you looking so lovely as you did tonight I\u2019ve never seen you shine so bright. The lady in red is dancing with me, cheek to cheek There\u2019s nobody here, it\u2019s just you and me It\u2019s where I want to be. <\/td><\/tr><\/tbody><\/table><!-- \/#supsystic-table-5.supsystic-table --><\/div><!-- \/.supsystic-tables-wrap --><!-- Tables Generator by Supsystic --><!-- Version:1.11.0 --><!-- http:\/\/supsystic.com\/ --><a title=\"WordPress Table\" style=\"display:none;\" href=\"https:\/\/supsystic.com\/plugins\/wordpress-data-table-plugin\/?utm_medium=love_link\" target=\"_blank\">WordPress Table<\/a>\n<p>[aesop_content color=&#8221;#00ffff&#8221; background=&#8221;#333333&#8243; columns=&#8221;1&#8243; position=&#8221;none&#8221; imgrepeat=&#8221;no-repeat&#8221; floaterposition=&#8221;left&#8221; floaterdirection=&#8221;up&#8221; revealfx=&#8221;off&#8221; overlay_revealfx=&#8221;off&#8221;]<\/p>\n<h1><span style=\"color: #00ffff;\">Si pudiera ser tu H\u00c9ROE, si pudiera ser tu dios, que SALVARTE A TI MIL VECES, puede ser mi salvaci\u00f3n<br \/>\n<\/span><\/h1>\n<p>[\/aesop_content]<\/p>\n<p>[aesop_gallery id=&#8221;515&#8243; revealfx=&#8221;off&#8221; overlay_revealfx=&#8221;off&#8221;]<\/p>\n<p>[aesop_content color=&#8221;#00ffff&#8221; background=&#8221;#333333&#8243; columns=&#8221;1&#8243; position=&#8221;none&#8221; imgrepeat=&#8221;no-repeat&#8221; floaterposition=&#8221;left&#8221; floaterdirection=&#8221;up&#8221; revealfx=&#8221;off&#8221; overlay_revealfx=&#8221;off&#8221;]<\/p>\n<h1><span style=\"color: #00ffff;\">Si supieras la LOCURA que llevo, que ME HIERE Y ME MATA POR DENTRO. Y que mas da, mira que AL FINAL, LO QUE IMPORTA ES QUE TE QUIERO.<\/span><\/h1>\n<p>[\/aesop_content]<\/p>\n<p>[codepeople-<\/p>\n","protected":false},"excerpt":{"rendered":"<p>[aesop_content color=&#8221;#00ffff&#8221; background=&#8221;#333333&#8243; columns=&#8221;1&#8243; position=&#8221;none&#8221; imgrepeat=&#8221;no-repeat&#8221; floaterposition=&#8221;left&#8221; floaterdirection=&#8221;up&#8221; revealfx=&#8221;off&#8221; overlay_revealfx=&#8221;off&#8221;] Quiero Ser Tu H\u00e9roe. [\/aesop_content] [videojs mp4=&#8221;https:\/\/agreenproject.org\/__2009\/2009-10-29-Quiero Ser Tu H\u00e9roe-web.mp4&#8243; poster=&#8221;https:\/\/agreenproject.org\/WordsForThousandsImages\/wp-content\/uploads\/2019\/02\/2009-10-29-Quiero-Ser-Tu-H\u00e9roe-RFL09_621.png&#8221; preload=&#8221;auto&#8221; autoplay=&#8221;true&#8221; width=&#8221;1200&#8243; height=&#8221;960&#8243;Tour Details<\/p>\n","protected":false},"author":1,"featured_media":5919,"parent":0,"menu_order":0,"comment_status":"closed","ping_status":"closed","template":"","meta":{"footnotes":"","_links_to":"","_links_to_target":""},"categories":[60,47],"tags":[],"class_list":["post-5917","page","type-page","status-publish","has-post-thumbnail","hentry","category-oath-of-love","category-words-for-thousands-images"],"_links":{"self":[{"href":"https:\/\/avoriginal.org\/dzx\/wp-json\/wp\/v2\/pages\/5917","targetHints":{"allow":["GET"]}}],"collection":[{"href":"https:\/\/avoriginal.org\/dzx\/wp-json\/wp\/v2\/pages"}],"about":[{"href":"https:\/\/avoriginal.org\/dzx\/wp-json\/wp\/v2\/types\/page"}],"author":[{"embeddable":true,"href":"https:\/\/avoriginal.org\/dzx\/wp-json\/wp\/v2\/users\/1"}],"replies":[{"embeddable":true,"href":"https:\/\/avoriginal.org\/dzx\/wp-json\/wp\/v2\/comments?post=5917"}],"version-history":[{"count":1,"href":"https:\/\/avoriginal.org\/dzx\/wp-json\/wp\/v2\/pages\/5917\/revisions"}],"predecessor-version":[{"id":9553,"href":"https:\/\/avoriginal.org\/dzx\/wp-json\/wp\/v2\/pages\/5917\/revisions\/9553"}],"wp:featuredmedia":[{"embeddable":true,"href":"https:\/\/avoriginal.org\/dzx\/wp-json\/wp\/v2\/media\/5919"}],"wp:attachment":[{"href":"https:\/\/avoriginal.org\/dzx\/wp-json\/wp\/v2\/media?parent=5917"}],"wp:term":[{"taxonomy":"category","embeddable":true,"href":"https:\/\/avoriginal.org\/dzx\/wp-json\/wp\/v2\/categories?post=5917"},{"taxonomy":"post_tag","embeddable":true,"href":"https:\/\/avoriginal.org\/dzx\/wp-json\/wp\/v2\/tags?post=5917"}],"curies":[{"name":"wp","href":"https:\/\/api.w.org\/{rel}","templated":true}]}}