{"id":7436,"date":"2023-04-18T04:34:18","date_gmt":"2023-04-18T09:34:18","guid":{"rendered":"https:\/\/www.audiovideo2k.com\/Debbie_Zapata\/?page_id=7436"},"modified":"2025-08-31T18:00:09","modified_gmt":"2025-08-31T23:00:09","slug":"2018-04-26-werita-piloncillo-spirit","status":"publish","type":"page","link":"https:\/\/avoriginal.org\/dzx\/2018-04-26-werita-piloncillo-spirit\/","title":{"rendered":"2018-04-26 Werita &#038; Piloncillo Spirit"},"content":{"rendered":"<style id=\"sp_tab_dynamic_style7437\">#sp-tabpro-wrapper_7437.sp-tab__lay-default .sp-tab__tab-content {width: 100%;}#sp-tabpro-wrapper_7437 .animated {-webkit-animation-duration: 500ms;animation-duration: 500ms;}#sp-wp-tabs-wrapper_7437 .sp-tab__nav { justify-content: flex-start; }#sp-wp-tabs-wrapper_7437.sp-tab__lay-default.sp-tab__horizontal-bottom {display: flex;flex-direction: column-reverse;}#sp-wp-tabs-wrapper_7437.sp-tab__lay-default.sp-tab__horizontal-bottom > ul {border-top: 1px solid #cccccc;border-bottom: 0;margin-top: 0;}#sp-wp-tabs-wrapper_7437.sp-tab__lay-default.sp-tab__horizontal-bottom > ul > li .sp-tab__nav-link.sp-tab__active {border-color: transparent #cccccc#cccccc;margin-top: -1px;}#sp-wp-tabs-wrapper_7437.sp-tab__lay-default.sp-tab__horizontal-bottom > ul > li .sp-tab__nav-link,#sp-wp-tabs-wrapper_7437.sp-tab__lay-default.sp-tab__horizontal-bottom > ul > li a,#sp-wp-tabs-wrapper_7437.sp-tab__lay-default.sp-tab__horizontal-bottom > ul > .sp-tab__nav-item {border-top: 0;border-top-left-radius: 0;border-top-right-radius: 0;border-bottom-left-radius: 2px;border-bottom-right-radius: 2px;}#sp-wp-tabs-wrapper_7437.sp-tab__lay-default.sp-tab__horizontal-bottom > ul {border-bottom: none;}#sp-wp-tabs-wrapper_7437.sp-tab__lay-default.sp-tab__horizontal-bottom .sp-tab__tab-content .sp-tab__tab-pane {border-top: 1px solid #cccccc;border-bottom: 0;}#sp-wp-tabs-wrapper_7437.sp-tab__lay-default .sp-tab__tab-content .sp-tab-content > ul,#sp-wp-tabs-wrapper_7437.sp-tab__lay-default .sp-tab__tab-content .sp-tab-content > ol {border-bottom: none;}#sp-wp-tabs-wrapper_7437 .sp-tab__nav-tabs .sp-tab__nav-item.show .sp-tab__nav-link,#sp-wp-tabs-wrapper_7437.sp-tab__lay-default ul li .sp-tab__nav-link.sp-tab__active {border-color: #cccccc#cccccc transparent;}#sp-wp-tabs-wrapper_7437 > .sp-tab__nav-tabs .sp-tab__nav-link.sp-tab__active .sp-tab__tab_title,#sp-wp-tabs-wrapper_7437.sp-tab__lay-default .sp-tab__nav-link > .sp-tab__card-header {color: #000000;}#sp-wp-tabs-wrapper_7437.sp-tab__lay-default > ul > li > .sp-tab__nav-link,#sp-wp-tabs-wrapper_7437.sp-tab__lay-default > ul > li > a {cursor: pointer;border-color: #cccccc;padding-top: 15px;padding-right: 15px;padding-bottom: 15px;padding-left: 15px;}#sp-wp-tabs-wrapper_7437 > .sp-tab__nav-tabs .sp-tab__nav-link {border: 1px solid #cccccc;height: 100%;}#sp-wp-tabs-wrapper_7437.sp-tab__lay-default > ul > li .sp-tab__nav-link,#sp-wp-tabs-wrapper_7437.sp-tab__lay-default > ul > li a,#sp-wp-tabs-wrapper_7437.sp-tab__lay-default > ul > .sp-tab__nav-item {border-top-left-radius: 2px;border-top-right-radius: 2px;}#sp-wp-tabs-wrapper_7437 .sp-tab__nav-tabs .sp-tab__nav-item {margin-bottom: -1px; }#sp-wp-tabs-wrapper_7437.sp-tab__lay-default > ul .sp-tab__nav-item {margin-right: 10px;}#sp-wp-tabs-wrapper_7437.sp-tab__lay-default.sp-tab__horizontal-bottom > ul .sp-tab__nav-item {margin-right: 10px;margin-top: 0;}#sp-wp-tabs-wrapper_7437.sp-tab__lay-default > ul .sp-tab__nav-item .sp-tab__nav-link:hover .sp-tab__tab_title,#sp-wp-tabs-wrapper_7437.sp-tab__lay-default > ul .sp-tab__nav-item a:hover .sp-tab__tab_title,#sp-wp-tabs-wrapper_7437.sp-tab__lay-default .sp-tab__nav-link.collapsed .sp-tab__card-header:hover {color: #47004f;transition: .3s;}#sp-wp-tabs-wrapper_7437.sp-tab__lay-default > ul .sp-tab__nav-item,#sp-wp-tabs-wrapper_7437.sp-tab__lay-default .sp-tab__nav-link.collapsed > .sp-tab__card-header {background-color: #eded00;transition: 0.3s;}#sp-wp-tabs-wrapper_7437 > .sp-tab__nav-tabs > .sp-tab__nav-item.show .sp-tab__nav-link,#sp-wp-tabs-wrapper_7437 > .sp-tab__nav-tabs > .sp-tab__nav-item .sp-tab__nav-link.sp-tab__active,#sp-wp-tabs-wrapper_7437.sp-tab__lay-default .sp-tab__nav-link > .sp-tab__card-header {background-color: #2df700;}#sp-tabs-wrapper_7437.sp-tab__lay-default > ul .sp-tab__nav-item .sp-tab__nav-link:not(.sp-tab__active):hover,#sp-tabs-wrapper_7437.sp-tab__lay-default .sp-tab__tab-content > .sp-tab__tab-pane .sp-tab__card-header:hover {background-color: #00ffdd;}#sp-wp-tabs-wrapper_7437.sp-tab__lay-default > ul .sp-tab__nav-item:not(.sp-tab__active):hover,#sp-wp-tabs-wrapper_7437.sp-tab__lay-default .sp-tab__nav-link.collapsed > .sp-tab__card-header:hover {background-color: #00ffdd;}#sp-wp-tabs-wrapper_7437.sp-tab__lay-default > ul .sp-tab__nav-item:last-child {margin-right: 0;}#sp-wp-tabs-wrapper_7437.sp-tab__lay-default > .sp-tab__tab-content .sp-tab__tab-pane {border: 1px solid #cccccc;padding-top: 20px;padding-right: 20px;padding-bottom: 20px;padding-left: 20px;background-color: #000000;}#sp-wp-tabs-wrapper_7437.sp-tab__lay-default > ul {border-bottom: 1px solid #cccccc;}#sp-wp-tabs-wrapper_7437.sp-tab__lay-default > .sp-tab__tab-content .sp-tab__tab-pane {border-top: 0px;}@media(max-width:480px) {#sp-wp-tabs-wrapper_7437.sp-tab__lay-default > ul li.sp-tab__nav-item {width: 100%;margin-right: 0px;}#sp-wp-tabs-wrapper_7437.sp-tab__lay-default > ul li.sp-tab__nav-item:last-child {margin-bottom: -1px;}}#poststuff h2.sp-tab__section_title_7437, h2.sp-tab__section_title_7437 ,.editor-styles-wrapper .wp-block h2.sp-tab__section_title_7437{margin-bottom: 30px !important;font-weight: 600;font-style: normal;font-size: 28px;line-height: 28px;letter-spacing: 0px;padding: 0;color: #444444;}#sp-wp-tabs-wrapper_7437.sp-tab__lay-default > ul .sp-tab__nav-item .sp-tab__tab_title,#sp-wp-tabs-wrapper_7437.sp-tab__lay-default span > .sp-tab__card-header {font-weight: 600;font-style: normal;font-size: 16px;line-height: 22px;letter-spacing: 0px;color: #002463;margin: 0px;}#sp-wp-tabs-wrapper_7437.sp-tab__lay-default > .sp-tab__tab-content .sp-tab__tab-pane,#sp-wp-tabs-wrapper_7437.sp-tab__lay-default > .sp-tab__tab-content .sp-tab__tab-pane p {font-weight: 400;font-style: normal;font-size: 16px;line-height: 24px;letter-spacing: 0px;color: #444;}#sp-wp-tabs-wrapper_7437.sp-tab__lay-default > .sp-tab__tab-content .sp-tab__tab-pane ul li a, #sp-wp-tabs-wrapper_7437.sp-tab__lay-default .sp-tab__tab-content .sp-tab__tab-pane ol li a {color: #444;}<\/style>\t<h2 class=\"sp-tab__section_title_7437\"> 2018-04-26 Werita &#038; Piloncillo Spirit<\/h2>\n\t\t\t<div id=\"sp-wp-tabs-wrapper_7437\" class=\"sp-tab__lay-default\" data-preloader=\"1\" data-activemode=\"tabs-activator-event-click\" data-anchor_linking=\"1\">\n\t\t\t<div class=\"sp-tab__preloader\">\n\t\t<div class=\"sp-tab__spinner\">\n\t\t\t<div class=\"rect1\"><\/div>\n\t\t\t<div class=\"rect2\"><\/div>\n\t\t\t<div class=\"rect3\"><\/div>\n\t\t\t<div class=\"rect4\"><\/div>\n\t\t\t<div class=\"rect5\"><\/div>\n\t\t<\/div>\n\t<\/div>\n\t<ul class=\"sp-tab__nav sp-tab__nav-tabs\" id=\"sp-tab__ul\" role=\"tablist\">\n\t\t\t\t<li class=\"sp-tab__nav-item\" role=\"presentation\">\n\t\t\t\t<span class=\"sp-tab__nav-link sp-tab__active\" data-sptoggle=\"tab\" for=\"#tab-74371\" role=\"tab\" aria-controls=tab-74371 aria-selected=true tabindex=0>\n\t\t\t\t\t<span class=\"tab_title_area\"><H4 class=\"sp-tab__tab_title\">La Felicidad<\/H4><\/span>\n\t\t\t\t<\/span>\n\t\t\t<\/li>\n\t\t\t\t\t\t<li class=\"sp-tab__nav-item\" role=\"presentation\">\n\t\t\t\t<span class=\"sp-tab__nav-link\" data-sptoggle=\"tab\" for=\"#tab-74372\" role=\"tab\" aria-controls=tab-74372 aria-selected=true tabindex=0>\n\t\t\t\t\t<span class=\"tab_title_area\"><H4 class=\"sp-tab__tab_title\">Gracias Al Amor<\/H4><\/span>\n\t\t\t\t<\/span>\n\t\t\t<\/li>\n\t\t\t\t\t\t<li class=\"sp-tab__nav-item\" role=\"presentation\">\n\t\t\t\t<span class=\"sp-tab__nav-link\" data-sptoggle=\"tab\" for=\"#tab-74373\" role=\"tab\" aria-controls=tab-74373 aria-selected=true tabindex=0>\n\t\t\t\t\t<span class=\"tab_title_area\"><H4 class=\"sp-tab__tab_title\">POSITIVE ENERGY<\/H4><\/span>\n\t\t\t\t<\/span>\n\t\t\t<\/li>\n\t\t\t<\/ul>\n<div class=\"sp-tab__tab-content\">\n\t\t\t\t<div id=\"tab-74371\" class=\"sp-tab__tab-pane sp-tab__show sp-tab__active\" role=\"tabpanel\">\n\t\t\t\t\t<div class=\"sp-tab-content animated fadeIn\"><h1 style=\"text-align: center;\"><span style=\"color: #00ffff;\">La Felicidad<\/span><\/h1>\n<div id=\"wpfp_72c907ea2d23ba2d472aeac40d7555d7\" data-item=\"{&quot;sources&quot;:[{&quot;src&quot;:&quot;https:\\\/\\\/agreenproject.org\\\/2023\\\/ZT\\\/2018-04-26-Debbie-Mark-Spirit-PS.mp4&quot;,&quot;type&quot;:&quot;video\\\/mp4&quot;}],&quot;id&quot;:&quot;167&quot;,&quot;fv_title&quot;:&quot;Werita \\u0026 Piloncillo Spirit&quot;,&quot;splash&quot;:&quot;https:\\\/\\\/agreenproject.org\\\/2023\\\/ZT\\\/2018-04-26-Debbie-Mark-Spirit.gif&quot;}\" class=\"flowplayer no-brand is-splash is-paused skin-slim no-svg fp-slim fp-edgy fixed-controls has-caption\" data-fv-embed=\"https:\/\/avoriginal.org\/dzx\/2018-04-26-werita-piloncillo-spirit\/fvp-155\/\" style=\"position:relative; max-width: 1200px; max-height: 700px; \" data-ratio=\"0.5833\">\n\t<div class=\"fp-ratio\" style=\"padding-top: 58.33%\"><\/div>\n\t<img decoding=\"async\" class=\"fp-splash\" alt=\"Werita &amp; Piloncillo Spirit\" src=\"https:\/\/agreenproject.org\/2023\/ZT\/2018-04-26-Debbie-Mark-Spirit.gif\" style=\"position:absolute;top:0;width:100%\" \/>\n\t<div class=\"fp-ui\"><noscript>Please enable JavaScript<\/noscript><div class=\"fp-play fp-visible\"><svg class=\"fp-play-sharp-fill\" xmlns=\"http:\/\/www.w3.org\/2000\/svg\" viewBox=\"0 0 100 100\"><defs><style>.fp-color-play{opacity:0.65;}.controlbutton{fill:#fff;}<\/style><\/defs><title>play-sharp-fill<\/title><path class=\"fp-color-play\" d=\"M49.9217-.078a50,50,0,1,0,50,50A50.0564,50.0564,0,0,0,49.9217-.078Z\"\/><polygon class=\"controlbutton\" points=\"73.601 50 37.968 70.573 37.968 29.427 73.601 50\" filter=\"url(#f1)\"\/><\/svg><\/div><div class=\"fp-preload\"><b><\/b><b><\/b><b><\/b><b><\/b><\/div><\/div>\n<div class='fvp-share-bar'><ul class=\"fvp-sharing\">\r\n    <li><a class=\"sharing-facebook\" href=\"https:\/\/www.facebook.com\/sharer\/sharer.php?u=https%3A%2F%2Favoriginal.org%2Fdzx%2F2018-04-26-werita-piloncillo-spirit%2F\" target=\"_blank\"><\/a><\/li>\r\n    <li><a class=\"sharing-twitter\" href=\"https:\/\/twitter.com\/intent\/tweet?text=Unlimited+Enthusiasm+&url=https%3A%2F%2Favoriginal.org%2Fdzx%2F2018-04-26-werita-piloncillo-spirit%2F\" target=\"_blank\"><\/a><\/li>\r\n    <li><a class=\"sharing-email\" href=\"mailto:?body=Check%20out%20the%20amazing%20video%20here%3A%20https%3A%2F%2Favoriginal.org%2Fdzx%2F2018-04-26-werita-piloncillo-spirit%2F\" target=\"_blank\"><\/a><\/li><\/ul><div><a class=\"sharing-link\" href=\"https:\/\/avoriginal.org\/dzx\/2018-04-26-werita-piloncillo-spirit\/\" target=\"_blank\">Link<\/a><\/div><div><label><a class=\"embed-code-toggle\" href=\"#\"><strong>Embed<\/strong><\/a><\/label><\/div><div class=\"embed-code\"><label>Copy and paste this HTML code into your webpage to embed.<\/label><textarea><\/textarea><\/div><\/div>\n<\/div>\n<p class='fp-caption'>Werita & Piloncillo Spirit<\/p>\n<h2 style=\"text-align: left;\"><span style=\"color: #ff9900;\">La felicidad, \u00a1ja, ja, ja, ja!<br \/>\nMe la dio tu amo-o-o-o-or<br \/>\nHoy vuelvo a canta-a-a-a-ar<br \/>\nGracias al amor<\/span><\/h2>\n<\/div>\n\t\t\t\t<\/div>\n\t\t\t\t\t\t\t\t<div id=\"tab-74372\" class=\"sp-tab__tab-pane \" role=\"tabpanel\">\n\t\t\t\t\t<div class=\"sp-tab-content animated fadeIn\"><h1 style=\"text-align: center;\"><span style=\"color: #00ffff;\">La Felicidad<br \/>\nBy Palito Ortega<br \/>\n<\/span><\/h1>\n<h2 style=\"text-align: left;\"><span style=\"color: #ff9900;\">Antes nunca estuve as\u00ed enamorado<br \/>\nNo sent\u00ed jam\u00e1s esta sensaci\u00f3n<br \/>\nLa gente en las calles parece m\u00e1s buena<br \/>\nTodo es diferente, gracias al amor<br \/>\nLa felicidad, \u00a1ja, ja, ja, ja!<br \/>\nDe sentir amo-o-o-o-or<br \/>\nHoy hace canta-a-a-a-ar<br \/>\nA mi coraz\u00f3-o-o-o-\u00f3n<br \/>\nLa felicidad, \u00a1ja, ja, ja, ja!<br \/>\nMe la dio tu amo-o-o-o-or<br \/>\nHoy vuelvo a canta-a-a-a-ar<br \/>\nGracias al amor<br \/>\nAntes nunca estuve as\u00ed enamorado<br \/>\nNo sent\u00ed jam\u00e1s esta sensaci\u00f3n<br \/>\nLa gente en las calles parece m\u00e1s buena<br \/>\nTodo es diferente gracias al amor<br \/>\nLa felicidad, \u00a1ja, ja, ja, ja!<br \/>\nDe sentir amo-o-o-o-or<br \/>\nHoy hace canta-a-a-a-ar<br \/>\nA mi coraz\u00f3-o-o-o-\u00f3n<br \/>\nLa felicidad, \u00a1ja, ja, ja, ja!<br \/>\nMe la dio tu amo-o-o-o-or<br \/>\nHoy vuelvo a canta-a-a-a-ar<br \/>\nGracias al amor, \u00a1hey!<br \/>\n<\/span><\/h2>\n<p><a><img decoding=\"async\" class=\"alignnone size-medium wp-image-7875\" src=\"https:\/\/www.audiovideo2k.com\/Debbie_Zapata\/wp-content\/uploads\/2015\/07\/Ser\u00e1-Porque-Te-Amo-03.jpg\" alt=\"\" \/><\/a><\/p>\n<\/div>\n\t\t\t\t<\/div>\n\t\t\t\t\t\t\t\t<div id=\"tab-74373\" class=\"sp-tab__tab-pane \" role=\"tabpanel\">\n\t\t\t\t\t<div class=\"sp-tab-content animated fadeIn\"><h1 style=\"text-align: center;\"><span style=\"color: #00ffff;\">POSITIVE ENERGY<\/span><\/h1>\n<h2 style=\"text-align: left;\"><span style=\"color: #ff9900;\">Happiness, obtaining it is a difficult task but NOT IMPOSSIBLE.<br \/>\nCARING FOR OUR LOVED ONES is the most important thing, \"La Werita\" &amp; \"Piloncillo\" know it and WE WILL NEVER GIVE UP in carrying out this noble task.<br \/>\nDaily we emanate POSITIVE ENERGY around us, through Attitudes, Events, We Share Actions towards our fellow men.<br \/>\nFriendships, Healthy Coexistences, Enthusiastic Communities are some of the POSITIVE RESULTS.<br \/>\nWe invite people to obtain their own HAPPINESS!!!<br \/>\n.<\/span><\/h2>\n<p><a><img decoding=\"async\" class=\"alignnone size-medium wp-image-7875\" src=\"https:\/\/agreenproject.org\/AGP\/wp-content\/uploads\/2017\/05\/2017-2011_AdoptcionRules.jpg\" alt=\"\" \/><\/a><\/p>\n<\/div>\n\t\t\t\t<\/div>\n\t\t\t\t<\/div>\n\t\t<\/div>\n\t\t\n","protected":false},"excerpt":{"rendered":"","protected":false},"author":1,"featured_media":7439,"parent":0,"menu_order":0,"comment_status":"closed","ping_status":"closed","template":"","meta":{"footnotes":"","_links_to":"","_links_to_target":""},"categories":[60],"tags":[],"class_list":["post-7436","page","type-page","status-publish","has-post-thumbnail","hentry","category-oath-of-love"],"_links":{"self":[{"href":"https:\/\/avoriginal.org\/dzx\/wp-json\/wp\/v2\/pages\/7436","targetHints":{"allow":["GET"]}}],"collection":[{"href":"https:\/\/avoriginal.org\/dzx\/wp-json\/wp\/v2\/pages"}],"about":[{"href":"https:\/\/avoriginal.org\/dzx\/wp-json\/wp\/v2\/types\/page"}],"author":[{"embeddable":true,"href":"https:\/\/avoriginal.org\/dzx\/wp-json\/wp\/v2\/users\/1"}],"replies":[{"embeddable":true,"href":"https:\/\/avoriginal.org\/dzx\/wp-json\/wp\/v2\/comments?post=7436"}],"version-history":[{"count":4,"href":"https:\/\/avoriginal.org\/dzx\/wp-json\/wp\/v2\/pages\/7436\/revisions"}],"predecessor-version":[{"id":7601,"href":"https:\/\/avoriginal.org\/dzx\/wp-json\/wp\/v2\/pages\/7436\/revisions\/7601"}],"wp:featuredmedia":[{"embeddable":true,"href":"https:\/\/avoriginal.org\/dzx\/wp-json\/wp\/v2\/media\/7439"}],"wp:attachment":[{"href":"https:\/\/avoriginal.org\/dzx\/wp-json\/wp\/v2\/media?parent=7436"}],"wp:term":[{"taxonomy":"category","embeddable":true,"href":"https:\/\/avoriginal.org\/dzx\/wp-json\/wp\/v2\/categories?post=7436"},{"taxonomy":"post_tag","embeddable":true,"href":"https:\/\/avoriginal.org\/dzx\/wp-json\/wp\/v2\/tags?post=7436"}],"curies":[{"name":"wp","href":"https:\/\/api.w.org\/{rel}","templated":true}]}}