{"id":9505,"date":"2025-09-16T05:21:50","date_gmt":"2025-09-16T10:21:50","guid":{"rendered":"https:\/\/avoriginal.org\/dzx\/?page_id=9505"},"modified":"2025-09-16T05:38:32","modified_gmt":"2025-09-16T10:38:32","slug":"2025-09-22-rashy-birthday","status":"publish","type":"page","link":"https:\/\/avoriginal.org\/dzx\/2025-09-22-rashy-birthday\/","title":{"rendered":"2025-09-22 Rashy Birthday"},"content":{"rendered":"<style id=\"sp_tab_dynamic_style9506\">#sp-tabpro-wrapper_9506.sp-tab__lay-default .sp-tab__tab-content {width: 100%;}#sp-tabpro-wrapper_9506 .animated {-webkit-animation-duration: 500ms;animation-duration: 500ms;}#sp-wp-tabs-wrapper_9506 .sp-tab__nav { justify-content: flex-start; }#sp-wp-tabs-wrapper_9506.sp-tab__lay-default.sp-tab__horizontal-bottom {display: flex;flex-direction: column-reverse;}#sp-wp-tabs-wrapper_9506.sp-tab__lay-default.sp-tab__horizontal-bottom > ul {border-top: 1px solid #cccccc;border-bottom: 0;margin-top: 0;}#sp-wp-tabs-wrapper_9506.sp-tab__lay-default.sp-tab__horizontal-bottom > ul > li .sp-tab__nav-link.sp-tab__active {border-color: transparent #cccccc#cccccc;margin-top: -1px;}#sp-wp-tabs-wrapper_9506.sp-tab__lay-default.sp-tab__horizontal-bottom > ul > li .sp-tab__nav-link,#sp-wp-tabs-wrapper_9506.sp-tab__lay-default.sp-tab__horizontal-bottom > ul > li a,#sp-wp-tabs-wrapper_9506.sp-tab__lay-default.sp-tab__horizontal-bottom > ul > .sp-tab__nav-item {border-top: 0;border-top-left-radius: 0;border-top-right-radius: 0;border-bottom-left-radius: 2px;border-bottom-right-radius: 2px;}#sp-wp-tabs-wrapper_9506.sp-tab__lay-default.sp-tab__horizontal-bottom > ul {border-bottom: none;}#sp-wp-tabs-wrapper_9506.sp-tab__lay-default.sp-tab__horizontal-bottom .sp-tab__tab-content .sp-tab__tab-pane {border-top: 1px solid #cccccc;border-bottom: 0;}#sp-wp-tabs-wrapper_9506.sp-tab__lay-default .sp-tab__tab-content .sp-tab-content > ul,#sp-wp-tabs-wrapper_9506.sp-tab__lay-default .sp-tab__tab-content .sp-tab-content > ol {border-bottom: none;}#sp-wp-tabs-wrapper_9506 .sp-tab__nav-tabs .sp-tab__nav-item.show .sp-tab__nav-link,#sp-wp-tabs-wrapper_9506.sp-tab__lay-default ul li .sp-tab__nav-link.sp-tab__active {border-color: #cccccc#cccccc transparent;}#sp-wp-tabs-wrapper_9506 > .sp-tab__nav-tabs .sp-tab__nav-link.sp-tab__active .sp-tab__tab_title,#sp-wp-tabs-wrapper_9506.sp-tab__lay-default .sp-tab__nav-link > .sp-tab__card-header {color: #000000;}#sp-wp-tabs-wrapper_9506.sp-tab__lay-default > ul > li > .sp-tab__nav-link,#sp-wp-tabs-wrapper_9506.sp-tab__lay-default > ul > li > a {cursor: pointer;border-color: #cccccc;padding-top: 15px;padding-right: 15px;padding-bottom: 15px;padding-left: 15px;}#sp-wp-tabs-wrapper_9506 > .sp-tab__nav-tabs .sp-tab__nav-link {border: 1px solid #cccccc;height: 100%;}#sp-wp-tabs-wrapper_9506.sp-tab__lay-default > ul > li .sp-tab__nav-link,#sp-wp-tabs-wrapper_9506.sp-tab__lay-default > ul > li a,#sp-wp-tabs-wrapper_9506.sp-tab__lay-default > ul > .sp-tab__nav-item {border-top-left-radius: 2px;border-top-right-radius: 2px;}#sp-wp-tabs-wrapper_9506 .sp-tab__nav-tabs .sp-tab__nav-item {margin-bottom: -1px; }#sp-wp-tabs-wrapper_9506.sp-tab__lay-default > ul .sp-tab__nav-item {margin-right: 10px;}#sp-wp-tabs-wrapper_9506.sp-tab__lay-default.sp-tab__horizontal-bottom > ul .sp-tab__nav-item {margin-right: 10px;margin-top: 0;}#sp-wp-tabs-wrapper_9506.sp-tab__lay-default > ul .sp-tab__nav-item .sp-tab__nav-link:hover .sp-tab__tab_title,#sp-wp-tabs-wrapper_9506.sp-tab__lay-default > ul .sp-tab__nav-item a:hover .sp-tab__tab_title,#sp-wp-tabs-wrapper_9506.sp-tab__lay-default .sp-tab__nav-link.collapsed .sp-tab__card-header:hover {color: #3b0077;transition: .3s;}#sp-wp-tabs-wrapper_9506.sp-tab__lay-default > ul .sp-tab__nav-item,#sp-wp-tabs-wrapper_9506.sp-tab__lay-default .sp-tab__nav-link.collapsed > .sp-tab__card-header {background-color: #00fcf4;transition: 0.3s;}#sp-wp-tabs-wrapper_9506 > .sp-tab__nav-tabs > .sp-tab__nav-item.show .sp-tab__nav-link,#sp-wp-tabs-wrapper_9506 > .sp-tab__nav-tabs > .sp-tab__nav-item .sp-tab__nav-link.sp-tab__active,#sp-wp-tabs-wrapper_9506.sp-tab__lay-default .sp-tab__nav-link > .sp-tab__card-header {background-color: #4af904;}#sp-tabs-wrapper_9506.sp-tab__lay-default > ul .sp-tab__nav-item .sp-tab__nav-link:not(.sp-tab__active):hover,#sp-tabs-wrapper_9506.sp-tab__lay-default .sp-tab__tab-content > .sp-tab__tab-pane .sp-tab__card-header:hover {background-color: #ffff00;}#sp-wp-tabs-wrapper_9506.sp-tab__lay-default > ul .sp-tab__nav-item:not(.sp-tab__active):hover,#sp-wp-tabs-wrapper_9506.sp-tab__lay-default .sp-tab__nav-link.collapsed > .sp-tab__card-header:hover {background-color: #ffff00;}#sp-wp-tabs-wrapper_9506.sp-tab__lay-default > ul .sp-tab__nav-item:last-child {margin-right: 0;}#sp-wp-tabs-wrapper_9506.sp-tab__lay-default > .sp-tab__tab-content .sp-tab__tab-pane {border: 1px solid #cccccc;padding-top: 20px;padding-right: 20px;padding-bottom: 20px;padding-left: 20px;background-color: #000000;}#sp-wp-tabs-wrapper_9506.sp-tab__lay-default > ul {border-bottom: 1px solid #cccccc;}#sp-wp-tabs-wrapper_9506.sp-tab__lay-default > .sp-tab__tab-content .sp-tab__tab-pane {border-top: 0px;}@media(max-width:480px) {#sp-wp-tabs-wrapper_9506.sp-tab__lay-default > ul li.sp-tab__nav-item {width: 100%;margin-right: 0px;}#sp-wp-tabs-wrapper_9506.sp-tab__lay-default > ul li.sp-tab__nav-item:last-child {margin-bottom: -1px;}}#sp-wp-tabs-wrapper_9506.sp-tab__lay-default > ul .sp-tab__nav-item .sp-tab__tab_title,#sp-wp-tabs-wrapper_9506.sp-tab__lay-default span > .sp-tab__card-header {font-weight: 600;font-style: normal;font-size: 16px;line-height: 22px;letter-spacing: 0px;color: #001496;margin: 0px;}#sp-wp-tabs-wrapper_9506.sp-tab__lay-default > .sp-tab__tab-content .sp-tab__tab-pane,#sp-wp-tabs-wrapper_9506.sp-tab__lay-default > .sp-tab__tab-content .sp-tab__tab-pane p {font-weight: 400;font-style: normal;font-size: 16px;line-height: 24px;letter-spacing: 0px;color: #444;}#sp-wp-tabs-wrapper_9506.sp-tab__lay-default > .sp-tab__tab-content .sp-tab__tab-pane ul li a, #sp-wp-tabs-wrapper_9506.sp-tab__lay-default .sp-tab__tab-content .sp-tab__tab-pane ol li a {color: #444;}<\/style>\t\t<div id=\"sp-wp-tabs-wrapper_9506\" class=\"sp-tab__lay-default\" data-preloader=\"0\" data-activemode=\"tabs-activator-event-click\" data-anchor_linking=\"1\">\n\t\t<ul class=\"sp-tab__nav sp-tab__nav-tabs\" id=\"sp-tab__ul\" role=\"tablist\">\n\t\t\t\t<li class=\"sp-tab__nav-item\" role=\"presentation\">\n\t\t\t\t<span class=\"sp-tab__nav-link sp-tab__active\" data-sptoggle=\"tab\" for=\"#tab-95061\" role=\"tab\" aria-controls=tab-95061 aria-selected=true tabindex=0>\n\t\t\t\t\t<span class=\"tab_title_area\"><H4 class=\"sp-tab__tab_title\">\u00bfD\u00f3nde Jugar\u00e1n los Ni\u00f1os?<\/H4><\/span>\n\t\t\t\t<\/span>\n\t\t\t<\/li>\n\t\t\t\t\t\t<li class=\"sp-tab__nav-item\" role=\"presentation\">\n\t\t\t\t<span class=\"sp-tab__nav-link\" data-sptoggle=\"tab\" for=\"#tab-95062\" role=\"tab\" aria-controls=tab-95062 aria-selected=true tabindex=0>\n\t\t\t\t\t<span class=\"tab_title_area\"><H4 class=\"sp-tab__tab_title\">Que La Fuerza Este Contigo!!!<\/H4><\/span>\n\t\t\t\t<\/span>\n\t\t\t<\/li>\n\t\t\t\t\t\t<li class=\"sp-tab__nav-item\" role=\"presentation\">\n\t\t\t\t<span class=\"sp-tab__nav-link\" data-sptoggle=\"tab\" for=\"#tab-95063\" role=\"tab\" aria-controls=tab-95063 aria-selected=true tabindex=0>\n\t\t\t\t\t<span class=\"tab_title_area\"><H4 class=\"sp-tab__tab_title\">Chronicles of a Hero<\/H4><\/span>\n\t\t\t\t<\/span>\n\t\t\t<\/li>\n\t\t\t\t\t\t<li class=\"sp-tab__nav-item\" role=\"presentation\">\n\t\t\t\t<span class=\"sp-tab__nav-link\" data-sptoggle=\"tab\" for=\"#tab-95064\" role=\"tab\" aria-controls=tab-95064 aria-selected=true tabindex=0>\n\t\t\t\t\t<span class=\"tab_title_area\"><H4 class=\"sp-tab__tab_title\">Eagle, Spirit of Sky<\/H4><\/span>\n\t\t\t\t<\/span>\n\t\t\t<\/li>\n\t\t\t<\/ul>\n<div class=\"sp-tab__tab-content\">\n\t\t\t\t<div id=\"tab-95061\" class=\"sp-tab__tab-pane sp-tab__show sp-tab__active\" role=\"tabpanel\">\n\t\t\t\t\t<div class=\"sp-tab-content animated fadeIn\"><h1 style=\"text-align: center\"><span style=\"color: #00ff00\">\u00bfD\u00f3nde Jugar\u00e1n los Ni\u00f1os?<\/span><\/h1>\n<div id=\"wpfp_7d319c9c467d8ec1719cc26221c77bd2\" data-item=\"{&quot;sources&quot;:[{&quot;src&quot;:&quot;https:\\\/\\\/avoriginal.org\\\/2025\\\/2025-09-22-Donde Jugaran Los Ni\\u00f1os-PS7.mp4&quot;,&quot;type&quot;:&quot;video\\\/mp4&quot;}],&quot;id&quot;:&quot;340&quot;,&quot;fv_title&quot;:&quot;2025-09-22 Donde Jugaran Los Ni\\u00f1os&quot;,&quot;splash&quot;:&quot;https:\\\/\\\/avoriginal.org\\\/dzx\\\/wp-content\\\/uploads\\\/2025\\\/09\\\/2025-09-22-Donde-Jugaran-Los-Ninos-Intro.gif&quot;}\" class=\"flowplayer no-brand is-splash is-paused skin-slim no-svg fp-slim fp-edgy fixed-controls has-caption\" data-fvautoplay=\"-1\" data-fv-embed=\"https:\/\/avoriginal.org\/dzx\/2025-09-22-rashy-birthday\/fvp-322\/\" style=\"position:relative; max-width: 1200px; max-height: 700px; \" data-ratio=\"0.5833\">\n\t<div class=\"fp-ratio\" style=\"padding-top: 58.33%\"><\/div>\n\t<img decoding=\"async\" class=\"fp-splash\" alt=\"2025-09-22 Donde Jugaran Los Ni\u00f1os\" src=\"https:\/\/avoriginal.org\/dzx\/wp-content\/uploads\/2025\/09\/2025-09-22-Donde-Jugaran-Los-Ninos-Intro.gif\" style=\"position:absolute;top:0;width:100%\" \/>\n\t<div class=\"fp-ui\"><noscript>Please enable JavaScript<\/noscript><div class=\"fp-play fp-visible\"><svg class=\"fp-play-sharp-fill\" xmlns=\"http:\/\/www.w3.org\/2000\/svg\" viewBox=\"0 0 100 100\"><defs><style>.fp-color-play{opacity:0.65;}.controlbutton{fill:#fff;}<\/style><\/defs><title>play-sharp-fill<\/title><path class=\"fp-color-play\" d=\"M49.9217-.078a50,50,0,1,0,50,50A50.0564,50.0564,0,0,0,49.9217-.078Z\"\/><polygon class=\"controlbutton\" points=\"73.601 50 37.968 70.573 37.968 29.427 73.601 50\" filter=\"url(#f1)\"\/><\/svg><\/div><div class=\"fp-preload\"><b><\/b><b><\/b><b><\/b><b><\/b><\/div><\/div>\n<div class='fvp-share-bar'><ul class=\"fvp-sharing\">\r\n    <li><a class=\"sharing-facebook\" href=\"https:\/\/www.facebook.com\/sharer\/sharer.php?u=https%3A%2F%2Favoriginal.org%2Fdzx%2F2025-09-22-rashy-birthday%2F\" target=\"_blank\"><\/a><\/li>\r\n    <li><a class=\"sharing-twitter\" href=\"https:\/\/twitter.com\/intent\/tweet?text=Unlimited+Enthusiasm+&url=https%3A%2F%2Favoriginal.org%2Fdzx%2F2025-09-22-rashy-birthday%2F\" target=\"_blank\"><\/a><\/li>\r\n    <li><a class=\"sharing-email\" href=\"mailto:?body=Check%20out%20the%20amazing%20video%20here%3A%20https%3A%2F%2Favoriginal.org%2Fdzx%2F2025-09-22-rashy-birthday%2F\" target=\"_blank\"><\/a><\/li><\/ul><div><a class=\"sharing-link\" href=\"https:\/\/avoriginal.org\/dzx\/2025-09-22-rashy-birthday\/\" target=\"_blank\">Link<\/a><\/div><div><label><a class=\"embed-code-toggle\" href=\"#\"><strong>Embed<\/strong><\/a><\/label><\/div><div class=\"embed-code\"><label>Copy and paste this HTML code into your webpage to embed.<\/label><textarea><\/textarea><\/div><\/div>\n<\/div>\n<p class='fp-caption'>2025-09-22 Donde Jugaran Los Ni\u00f1os<\/p>\n<h2 style=\"text-align: center\"><span style=\"color: #00ffff\">\u00bfD\u00f3nde Jugar\u00e1n los Ni\u00f1os?<\/span><\/h2>\n<h3 style=\"text-align: center\"><span style=\"color: #ffff00\">Song by Man\u00e1 \u2027 1992<\/span><\/h3>\n<p>&nbsp;<\/p>\n<h3><span style=\"color: #ffcc00\">Cuenta el abuelo que de ni\u00f1o \u00e9l jug\u00f3<\/span><br \/>\n<span style=\"color: #ffcc00\">Entre \u00e1rboles y risas, y alcatraces de color<\/span><br \/>\n<span style=\"color: #ffcc00\">Recuerda un r\u00edo transparente y sin olor<\/span><br \/>\n<span style=\"color: #ffcc00\">Donde abundaban peces, no sufr\u00edan ni un dolor<\/span><br \/>\n<span style=\"color: #ffcc00\">Cuenta el abuelo de un cielo muy azul<\/span><br \/>\n<span style=\"color: #ffcc00\">En donde vol\u00f3 papalotes que \u00e9l mismo construy\u00f3<\/span><br \/>\n<span style=\"color: #ffcc00\">El tiempo pas\u00f3, y nuestro viejo ya muri\u00f3<\/span><br \/>\n<span style=\"color: #ffcc00\">Y hoy me pregunt\u00e9, despu\u00e9s de tanta destrucci\u00f3n<\/span><br \/>\n<span style=\"color: #ffcc00\">\u00bfD\u00f3nde diablos jugar\u00e1n<\/span><br \/>\n<span style=\"color: #ffcc00\">Los pobres ni\u00f1os?<\/span><br \/>\n<span style=\"color: #ffcc00\">\u00a1Ay, ay, ay!<\/span><br \/>\n<span style=\"color: #ffcc00\">\u00bfEn d\u00f3nde jugar\u00e1n?<\/span><br \/>\n<span style=\"color: #ffcc00\">Se est\u00e1 pudriendo el mundo<\/span><br \/>\n<span style=\"color: #ffcc00\">Ya no hay lugar<\/span><br \/>\n<span style=\"color: #ffcc00\">No hay lugar<\/span><br \/>\n<span style=\"color: #ffcc00\">La tierra est\u00e1 a punto de partirse en dos<\/span><br \/>\n<span style=\"color: #ffcc00\">El cielo ya se ha roto, ya se ha roto el llanto gris<\/span><br \/>\n<span style=\"color: #ffcc00\">La mar vomita r\u00edos de aceite sin cesar<\/span><br \/>\n<span style=\"color: #ffcc00\">Y hoy me pregunt\u00e9, despu\u00e9s de tanta destrucci\u00f3n<\/span><br \/>\n<span style=\"color: #ffcc00\">\u00bfD\u00f3nde diablos jugar\u00e1n<\/span><br \/>\n<span style=\"color: #ffcc00\">Los pobres ni\u00f1os?<\/span><br \/>\n<span style=\"color: #ffcc00\">\u00a1Ay ay ay!<\/span><br \/>\n<span style=\"color: #ffcc00\">\u00bfEn d\u00f3nde jugar\u00e1n?<\/span><br \/>\n<span style=\"color: #ffcc00\">Se est\u00e1 pudriendo el mundo<\/span><br \/>\n<span style=\"color: #ffcc00\">Ya no hay lugar<\/span><br \/>\n<span style=\"color: #ffcc00\">\u00bfD\u00f3nde diablos jugar\u00e1n<\/span><br \/>\n<span style=\"color: #ffcc00\">Los pobres nenes?<\/span><br \/>\n<span style=\"color: #ffcc00\">\u00a1Ay, ay, ay!<\/span><br \/>\n<span style=\"color: #ffcc00\">\u00bfEn d\u00f3nde jugar\u00e1n?<\/span><br \/>\n<span style=\"color: #ffcc00\">Se est\u00e1 partiendo el mundo<\/span><br \/>\n<span style=\"color: #ffcc00\">Ya no hay lugar<\/span><br \/>\n<span style=\"color: #ffcc00\">Oh-oh, no<\/span><\/h3>\n<\/div>\n\t\t\t\t<\/div>\n\t\t\t\t\t\t\t\t<div id=\"tab-95062\" class=\"sp-tab__tab-pane \" role=\"tabpanel\">\n\t\t\t\t\t<div class=\"sp-tab-content animated fadeIn\"><h1 style=\"text-align: center\"><span style=\"color: #00ff00\">Que La Fuerza Este Contigo!!!<\/span><\/h1>\n<div id=\"wpfp_fc7b2bb4acd869b39e614270884e3251\" data-item=\"{&quot;sources&quot;:[{&quot;src&quot;:&quot;https:\\\/\\\/avoriginal.org\\\/2025\\\/2025-09-22-Que La Fuerza Este Contigo!!!-PS7.mp4&quot;,&quot;type&quot;:&quot;video\\\/mp4&quot;}],&quot;id&quot;:&quot;341&quot;,&quot;fv_title&quot;:&quot;2025-09-22 Que La Fuerza Este Contigo!!!&quot;,&quot;splash&quot;:&quot;https:\\\/\\\/avoriginal.org\\\/dzx\\\/wp-content\\\/uploads\\\/2025\\\/09\\\/2025-09-22-Que-La-Fuerza-Este-Contigo-Intro.gif&quot;}\" class=\"flowplayer no-brand is-splash is-paused skin-slim no-svg fp-slim fp-edgy fixed-controls has-caption\" data-fvautoplay=\"-1\" data-fv-embed=\"https:\/\/avoriginal.org\/dzx\/2025-09-22-rashy-birthday\/fvp-323\/\" style=\"position:relative; max-width: 1200px; max-height: 700px; \" data-ratio=\"0.5833\">\n\t<div class=\"fp-ratio\" style=\"padding-top: 58.33%\"><\/div>\n\t<img decoding=\"async\" class=\"fp-splash\" alt=\"2025-09-22 Que La Fuerza Este Contigo!!!\" src=\"https:\/\/avoriginal.org\/dzx\/wp-content\/uploads\/2025\/09\/2025-09-22-Que-La-Fuerza-Este-Contigo-Intro.gif\" style=\"position:absolute;top:0;width:100%\" \/>\n\t<div class=\"fp-ui\"><noscript>Please enable JavaScript<\/noscript><div class=\"fp-play fp-visible\"><svg class=\"fp-play-sharp-fill\" xmlns=\"http:\/\/www.w3.org\/2000\/svg\" viewBox=\"0 0 100 100\"><defs><style>.fp-color-play{opacity:0.65;}.controlbutton{fill:#fff;}<\/style><\/defs><title>play-sharp-fill<\/title><path class=\"fp-color-play\" d=\"M49.9217-.078a50,50,0,1,0,50,50A50.0564,50.0564,0,0,0,49.9217-.078Z\"\/><polygon class=\"controlbutton\" points=\"73.601 50 37.968 70.573 37.968 29.427 73.601 50\" filter=\"url(#f1)\"\/><\/svg><\/div><div class=\"fp-preload\"><b><\/b><b><\/b><b><\/b><b><\/b><\/div><\/div>\n<div class='fvp-share-bar'><ul class=\"fvp-sharing\">\r\n    <li><a class=\"sharing-facebook\" href=\"https:\/\/www.facebook.com\/sharer\/sharer.php?u=https%3A%2F%2Favoriginal.org%2Fdzx%2F2025-09-22-rashy-birthday%2F\" target=\"_blank\"><\/a><\/li>\r\n    <li><a class=\"sharing-twitter\" href=\"https:\/\/twitter.com\/intent\/tweet?text=Unlimited+Enthusiasm+&url=https%3A%2F%2Favoriginal.org%2Fdzx%2F2025-09-22-rashy-birthday%2F\" target=\"_blank\"><\/a><\/li>\r\n    <li><a class=\"sharing-email\" href=\"mailto:?body=Check%20out%20the%20amazing%20video%20here%3A%20https%3A%2F%2Favoriginal.org%2Fdzx%2F2025-09-22-rashy-birthday%2F\" target=\"_blank\"><\/a><\/li><\/ul><div><a class=\"sharing-link\" href=\"https:\/\/avoriginal.org\/dzx\/2025-09-22-rashy-birthday\/\" target=\"_blank\">Link<\/a><\/div><div><label><a class=\"embed-code-toggle\" href=\"#\"><strong>Embed<\/strong><\/a><\/label><\/div><div class=\"embed-code\"><label>Copy and paste this HTML code into your webpage to embed.<\/label><textarea><\/textarea><\/div><\/div>\n<\/div>\n<p class='fp-caption'>2025-09-22 Que La Fuerza Este Contigo!!!<\/p>\n<\/div>\n\t\t\t\t<\/div>\n\t\t\t\t\t\t\t\t<div id=\"tab-95063\" class=\"sp-tab__tab-pane \" role=\"tabpanel\">\n\t\t\t\t\t<div class=\"sp-tab-content animated fadeIn\"><h1 style=\"text-align: center\"><span style=\"color: #00ff00\">Chronicles of a Hero<\/span><\/h1>\n<div id=\"wpfp_2009a400bb037714d9801a9a06e9da2e\" data-item=\"{&quot;sources&quot;:[{&quot;src&quot;:&quot;https:\\\/\\\/avoriginal.org\\\/2025\\\/2025-09-22-Chronicles of a Hero-PS7.mp4&quot;,&quot;type&quot;:&quot;video\\\/mp4&quot;}],&quot;id&quot;:&quot;343&quot;,&quot;fv_title&quot;:&quot;2025-09-22 Chronicles of a Hero&quot;,&quot;splash&quot;:&quot;https:\\\/\\\/avoriginal.org\\\/dzx\\\/wp-content\\\/uploads\\\/2025\\\/09\\\/2025-09-22-Chronicles-of-a-Hero-Intro.gif&quot;}\" class=\"flowplayer no-brand is-splash is-paused skin-slim no-svg fp-slim fp-edgy fixed-controls has-caption\" data-fvautoplay=\"-1\" data-fv-embed=\"https:\/\/avoriginal.org\/dzx\/2025-09-22-rashy-birthday\/fvp-325\/\" style=\"position:relative; max-width: 1200px; max-height: 700px; \" data-ratio=\"0.5833\">\n\t<div class=\"fp-ratio\" style=\"padding-top: 58.33%\"><\/div>\n\t<img decoding=\"async\" class=\"fp-splash\" alt=\"2025-09-22 Chronicles of a Hero\" src=\"https:\/\/avoriginal.org\/dzx\/wp-content\/uploads\/2025\/09\/2025-09-22-Chronicles-of-a-Hero-Intro.gif\" style=\"position:absolute;top:0;width:100%\" \/>\n\t<div class=\"fp-ui\"><noscript>Please enable JavaScript<\/noscript><div class=\"fp-play fp-visible\"><svg class=\"fp-play-sharp-fill\" xmlns=\"http:\/\/www.w3.org\/2000\/svg\" viewBox=\"0 0 100 100\"><defs><style>.fp-color-play{opacity:0.65;}.controlbutton{fill:#fff;}<\/style><\/defs><title>play-sharp-fill<\/title><path class=\"fp-color-play\" d=\"M49.9217-.078a50,50,0,1,0,50,50A50.0564,50.0564,0,0,0,49.9217-.078Z\"\/><polygon class=\"controlbutton\" points=\"73.601 50 37.968 70.573 37.968 29.427 73.601 50\" filter=\"url(#f1)\"\/><\/svg><\/div><div class=\"fp-preload\"><b><\/b><b><\/b><b><\/b><b><\/b><\/div><\/div>\n<div class='fvp-share-bar'><ul class=\"fvp-sharing\">\r\n    <li><a class=\"sharing-facebook\" href=\"https:\/\/www.facebook.com\/sharer\/sharer.php?u=https%3A%2F%2Favoriginal.org%2Fdzx%2F2025-09-22-rashy-birthday%2F\" target=\"_blank\"><\/a><\/li>\r\n    <li><a class=\"sharing-twitter\" href=\"https:\/\/twitter.com\/intent\/tweet?text=Unlimited+Enthusiasm+&url=https%3A%2F%2Favoriginal.org%2Fdzx%2F2025-09-22-rashy-birthday%2F\" target=\"_blank\"><\/a><\/li>\r\n    <li><a class=\"sharing-email\" href=\"mailto:?body=Check%20out%20the%20amazing%20video%20here%3A%20https%3A%2F%2Favoriginal.org%2Fdzx%2F2025-09-22-rashy-birthday%2F\" target=\"_blank\"><\/a><\/li><\/ul><div><a class=\"sharing-link\" href=\"https:\/\/avoriginal.org\/dzx\/2025-09-22-rashy-birthday\/\" target=\"_blank\">Link<\/a><\/div><div><label><a class=\"embed-code-toggle\" href=\"#\"><strong>Embed<\/strong><\/a><\/label><\/div><div class=\"embed-code\"><label>Copy and paste this HTML code into your webpage to embed.<\/label><textarea><\/textarea><\/div><\/div>\n<\/div>\n<p class='fp-caption'>2025-09-22 Chronicles of a Hero<\/p>\n<\/div>\n\t\t\t\t<\/div>\n\t\t\t\t\t\t\t\t<div id=\"tab-95064\" class=\"sp-tab__tab-pane \" role=\"tabpanel\">\n\t\t\t\t\t<div class=\"sp-tab-content animated fadeIn\"><h1 style=\"text-align: center\"><span style=\"color: #00ff00\">Eagle, Spirit of Sky<\/span><\/h1>\n<div id=\"wpfp_935fe21f036cd7b1b7f80a5b005f457d\" data-item=\"{&quot;sources&quot;:[{&quot;src&quot;:&quot;https:\\\/\\\/avoriginal.org\\\/2025\\\/2025-09-22-Eagle, Spirit of Sky-PS1k.mp4&quot;,&quot;type&quot;:&quot;video\\\/mp4&quot;}],&quot;id&quot;:&quot;344&quot;,&quot;fv_title&quot;:&quot;2025-09-22 Eagle, Spirit of Sky&quot;,&quot;splash&quot;:&quot;https:\\\/\\\/avoriginal.org\\\/dzx\\\/wp-content\\\/uploads\\\/2025\\\/09\\\/2025-09-22-Eagle-Spirit-of-Sky-Intro.gif&quot;}\" class=\"flowplayer no-brand is-splash is-paused skin-slim no-svg fp-slim fp-edgy fixed-controls has-caption\" data-fvautoplay=\"-1\" data-fv-embed=\"https:\/\/avoriginal.org\/dzx\/2025-09-22-rashy-birthday\/fvp-326\/\" style=\"position:relative; max-width: 1200px; max-height: 700px; \" data-ratio=\"0.5833\">\n\t<div class=\"fp-ratio\" style=\"padding-top: 58.33%\"><\/div>\n\t<img decoding=\"async\" class=\"fp-splash\" alt=\"2025-09-22 Eagle, Spirit of Sky\" src=\"https:\/\/avoriginal.org\/dzx\/wp-content\/uploads\/2025\/09\/2025-09-22-Eagle-Spirit-of-Sky-Intro.gif\" style=\"position:absolute;top:0;width:100%\" \/>\n\t<div class=\"fp-ui\"><noscript>Please enable JavaScript<\/noscript><div class=\"fp-play fp-visible\"><svg class=\"fp-play-sharp-fill\" xmlns=\"http:\/\/www.w3.org\/2000\/svg\" viewBox=\"0 0 100 100\"><defs><style>.fp-color-play{opacity:0.65;}.controlbutton{fill:#fff;}<\/style><\/defs><title>play-sharp-fill<\/title><path class=\"fp-color-play\" d=\"M49.9217-.078a50,50,0,1,0,50,50A50.0564,50.0564,0,0,0,49.9217-.078Z\"\/><polygon class=\"controlbutton\" points=\"73.601 50 37.968 70.573 37.968 29.427 73.601 50\" filter=\"url(#f1)\"\/><\/svg><\/div><div class=\"fp-preload\"><b><\/b><b><\/b><b><\/b><b><\/b><\/div><\/div>\n<div class='fvp-share-bar'><ul class=\"fvp-sharing\">\r\n    <li><a class=\"sharing-facebook\" href=\"https:\/\/www.facebook.com\/sharer\/sharer.php?u=https%3A%2F%2Favoriginal.org%2Fdzx%2F2025-09-22-rashy-birthday%2F\" target=\"_blank\"><\/a><\/li>\r\n    <li><a class=\"sharing-twitter\" href=\"https:\/\/twitter.com\/intent\/tweet?text=Unlimited+Enthusiasm+&url=https%3A%2F%2Favoriginal.org%2Fdzx%2F2025-09-22-rashy-birthday%2F\" target=\"_blank\"><\/a><\/li>\r\n    <li><a class=\"sharing-email\" href=\"mailto:?body=Check%20out%20the%20amazing%20video%20here%3A%20https%3A%2F%2Favoriginal.org%2Fdzx%2F2025-09-22-rashy-birthday%2F\" target=\"_blank\"><\/a><\/li><\/ul><div><a class=\"sharing-link\" href=\"https:\/\/avoriginal.org\/dzx\/2025-09-22-rashy-birthday\/\" target=\"_blank\">Link<\/a><\/div><div><label><a class=\"embed-code-toggle\" href=\"#\"><strong>Embed<\/strong><\/a><\/label><\/div><div class=\"embed-code\"><label>Copy and paste this HTML code into your webpage to embed.<\/label><textarea><\/textarea><\/div><\/div>\n<\/div>\n<p class='fp-caption'>2025-09-22 Eagle, Spirit of Sky<\/p>\n<\/div>\n\t\t\t\t<\/div>\n\t\t\t\t<\/div>\n\t\t<\/div>\n\t\t\n","protected":false},"excerpt":{"rendered":"","protected":false},"author":1,"featured_media":9510,"parent":0,"menu_order":0,"comment_status":"closed","ping_status":"closed","template":"","meta":{"footnotes":"","_links_to":"","_links_to_target":""},"categories":[44],"tags":[],"class_list":["post-9505","page","type-page","status-publish","has-post-thumbnail","hentry","category-zapata-team"],"_links":{"self":[{"href":"https:\/\/avoriginal.org\/dzx\/wp-json\/wp\/v2\/pages\/9505","targetHints":{"allow":["GET"]}}],"collection":[{"href":"https:\/\/avoriginal.org\/dzx\/wp-json\/wp\/v2\/pages"}],"about":[{"href":"https:\/\/avoriginal.org\/dzx\/wp-json\/wp\/v2\/types\/page"}],"author":[{"embeddable":true,"href":"https:\/\/avoriginal.org\/dzx\/wp-json\/wp\/v2\/users\/1"}],"replies":[{"embeddable":true,"href":"https:\/\/avoriginal.org\/dzx\/wp-json\/wp\/v2\/comments?post=9505"}],"version-history":[{"count":2,"href":"https:\/\/avoriginal.org\/dzx\/wp-json\/wp\/v2\/pages\/9505\/revisions"}],"predecessor-version":[{"id":9508,"href":"https:\/\/avoriginal.org\/dzx\/wp-json\/wp\/v2\/pages\/9505\/revisions\/9508"}],"wp:featuredmedia":[{"embeddable":true,"href":"https:\/\/avoriginal.org\/dzx\/wp-json\/wp\/v2\/media\/9510"}],"wp:attachment":[{"href":"https:\/\/avoriginal.org\/dzx\/wp-json\/wp\/v2\/media?parent=9505"}],"wp:term":[{"taxonomy":"category","embeddable":true,"href":"https:\/\/avoriginal.org\/dzx\/wp-json\/wp\/v2\/categories?post=9505"},{"taxonomy":"post_tag","embeddable":true,"href":"https:\/\/avoriginal.org\/dzx\/wp-json\/wp\/v2\/tags?post=9505"}],"curies":[{"name":"wp","href":"https:\/\/api.w.org\/{rel}","templated":true}]}}